{"id":90948,"date":"2021-02-21T21:28:05","date_gmt":"2021-02-21T21:28:05","guid":{"rendered":"https:\/\/www.autonvaraosahaku.fi\/?product=ferodo-fmk187-jarrukengat"},"modified":"2021-02-21T21:28:15","modified_gmt":"2021-02-21T21:28:15","slug":"ferodo-fmk187-jarrukengat","status":"publish","type":"product","link":"https:\/\/www.autonvaraosahaku.fi\/?product=ferodo-fmk187-jarrukengat","title":{"rendered":"FERODO FMK187 Jarrukeng\u00e4t"},"content":{"rendered":"<p>Leveys (mm): 32; Paino [kg]: 1,77; Rumpul\u00e4pimitta: 180; Ulkol\u00e4pimitta [mm]: 180; Asennusmalli: Esiasennettu; Lis\u00e4tarvike\/lis\u00e4tieto: Py\u00f6r\u00e4n jarrun sylinterill\u00e4; J\u00e4lkis\u00e4\u00e4t\u00f6: Automaattisella s\u00e4\u00e4d\u00f6ll\u00e4; Jarruj\u00e4rjestelm\u00e4: BENDIX; Sylinterim\u00e4nn\u00e4n halkaisija [mm]: 19; Pakkauspituus [cm]: 18,6; Pakkausleveys [cm]: 16,8; Pakkauskorkeus [mm]: 10; Tuotelinja: MAXI KIT; Asennuspuoli: Hinterachse; CITRO\u00cbN: SAXO S0, S1,AX ZA-_,SAXO Hatchback van S3_; PEUGEOT: 106 II 1,106 I 1A, 1C,106 Van 1_; 42415C, 42415F, 42416C, 424229, 95666842, 42413J, 42415F, 42415H, 42416R, 424204, 424229<\/p>\n","protected":false},"excerpt":{"rendered":"<p>FERODO Jarrukenk\u00e4sarja, Rumpujarru FMK187  CITRO\u00cbN,PEUGEOT,SAXO S0, S1,AX ZA-_,SAXO Hatchback van S3_,106 II 1,106 I 1A, 1C,106 Van 1_<\/p>\n","protected":false},"featured_media":0,"template":"","meta":{"site-sidebar-layout":"default","site-content-layout":"default","ast-global-header-display":"","ast-main-header-display":"","ast-hfb-above-header-display":"","ast-hfb-below-header-display":"","ast-hfb-mobile-header-display":"","site-post-title":"","ast-breadcrumbs-content":"","ast-featured-img":"","footer-sml-layout":"","theme-transparent-header-meta":"","adv-header-id-meta":"","stick-header-meta":"","header-above-stick-meta":"","header-main-stick-meta":"","header-below-stick-meta":""},"pwb-brand":[298],"product_cat":[176],"product_tag":[],"class_list":{"0":"post-90948","1":"product","2":"type-product","3":"status-publish","5":"pwb-brand-ferodo","6":"product_cat-jarrukengat","7":"desktop-align-left","8":"tablet-align-left","9":"mobile-align-left","11":"first","12":"instock","13":"product-type-external"},"brands":[{"id":298,"name":"FERODO","slug":"ferodo"}],"_links":{"self":[{"href":"https:\/\/www.autonvaraosahaku.fi\/index.php?rest_route=\/wp\/v2\/product\/90948","targetHints":{"allow":["GET"]}}],"collection":[{"href":"https:\/\/www.autonvaraosahaku.fi\/index.php?rest_route=\/wp\/v2\/product"}],"about":[{"href":"https:\/\/www.autonvaraosahaku.fi\/index.php?rest_route=\/wp\/v2\/types\/product"}],"wp:attachment":[{"href":"https:\/\/www.autonvaraosahaku.fi\/index.php?rest_route=%2Fwp%2Fv2%2Fmedia&parent=90948"}],"wp:term":[{"taxonomy":"pwb-brand","embeddable":true,"href":"https:\/\/www.autonvaraosahaku.fi\/index.php?rest_route=%2Fwp%2Fv2%2Fpwb-brand&post=90948"},{"taxonomy":"product_cat","embeddable":true,"href":"https:\/\/www.autonvaraosahaku.fi\/index.php?rest_route=%2Fwp%2Fv2%2Fproduct_cat&post=90948"},{"taxonomy":"product_tag","embeddable":true,"href":"https:\/\/www.autonvaraosahaku.fi\/index.php?rest_route=%2Fwp%2Fv2%2Fproduct_tag&post=90948"}],"curies":[{"name":"wp","href":"https:\/\/api.w.org\/{rel}","templated":true}]}}