{"id":90990,"date":"2021-02-21T21:28:35","date_gmt":"2021-02-21T21:28:35","guid":{"rendered":"https:\/\/www.autonvaraosahaku.fi\/?product=diederichs-1211044-etusaleikko"},"modified":"2021-02-21T21:28:35","modified_gmt":"2021-02-21T21:28:35","slug":"diederichs-1211044-etusaleikko","status":"publish","type":"product","link":"https:\/\/www.autonvaraosahaku.fi\/?product=diederichs-1211044-etusaleikko","title":{"rendered":"DIEDERICHS 1211044 Etus\u00e4leikk\u00f6"},"content":{"rendered":"<p>Asennuspuoli: Oikea; BMW: 3 E30,3 Cabriolet E30,3 Touring E30; 51131876092; Etumaski,J\u00e4\u00e4hdyttimen S\u00e4leikk\u00f6<\/p>\n","protected":false},"excerpt":{"rendered":"<p>DIEDERICHS Etus\u00e4leikk\u00f6 1211044 Etumaski,J\u00e4\u00e4hdyttimen S\u00e4leikk\u00f6 BMW,3 E30,3 Cabriolet E30,3 Touring E30<\/p>\n","protected":false},"featured_media":0,"template":"","meta":{"site-sidebar-layout":"default","site-content-layout":"default","ast-global-header-display":"","ast-main-header-display":"","ast-hfb-above-header-display":"","ast-hfb-below-header-display":"","ast-hfb-mobile-header-display":"","site-post-title":"","ast-breadcrumbs-content":"","ast-featured-img":"","footer-sml-layout":"","theme-transparent-header-meta":"","adv-header-id-meta":"","stick-header-meta":"","header-above-stick-meta":"","header-main-stick-meta":"","header-below-stick-meta":""},"pwb-brand":[227],"product_cat":[302],"product_tag":[],"class_list":{"0":"post-90990","1":"product","2":"type-product","3":"status-publish","5":"pwb-brand-diederichs","6":"product_cat-etusaleikko","7":"desktop-align-left","8":"tablet-align-left","9":"mobile-align-left","11":"first","12":"instock","13":"product-type-external"},"brands":[{"id":227,"name":"DIEDERICHS","slug":"diederichs"}],"_links":{"self":[{"href":"https:\/\/www.autonvaraosahaku.fi\/index.php?rest_route=\/wp\/v2\/product\/90990","targetHints":{"allow":["GET"]}}],"collection":[{"href":"https:\/\/www.autonvaraosahaku.fi\/index.php?rest_route=\/wp\/v2\/product"}],"about":[{"href":"https:\/\/www.autonvaraosahaku.fi\/index.php?rest_route=\/wp\/v2\/types\/product"}],"wp:attachment":[{"href":"https:\/\/www.autonvaraosahaku.fi\/index.php?rest_route=%2Fwp%2Fv2%2Fmedia&parent=90990"}],"wp:term":[{"taxonomy":"pwb-brand","embeddable":true,"href":"https:\/\/www.autonvaraosahaku.fi\/index.php?rest_route=%2Fwp%2Fv2%2Fpwb-brand&post=90990"},{"taxonomy":"product_cat","embeddable":true,"href":"https:\/\/www.autonvaraosahaku.fi\/index.php?rest_route=%2Fwp%2Fv2%2Fproduct_cat&post=90990"},{"taxonomy":"product_tag","embeddable":true,"href":"https:\/\/www.autonvaraosahaku.fi\/index.php?rest_route=%2Fwp%2Fv2%2Fproduct_tag&post=90990"}],"curies":[{"name":"wp","href":"https:\/\/api.w.org\/{rel}","templated":true}]}}