{"id":90997,"date":"2021-02-21T21:28:35","date_gmt":"2021-02-21T21:28:35","guid":{"rendered":"https:\/\/www.autonvaraosahaku.fi\/?product=valeo-601055-jarrupalat"},"modified":"2021-02-21T21:28:38","modified_gmt":"2021-02-21T21:28:38","slug":"valeo-601055-jarrupalat","status":"publish","type":"product","link":"https:\/\/www.autonvaraosahaku.fi\/?product=valeo-601055-jarrupalat","title":{"rendered":"VALEO 601055 Jarrupalat"},"content":{"rendered":"<p>Asennuspuoli: Taka-akseli; Jarruj\u00e4rjestelm\u00e4: TEVES; Leveys 1 (mm): 116,6; Korkeus 1 (mm): 42,7; Paksuus 1 [mm]: 16,3; Leveys 2 (mm): 116,6; Korkeus 2 (mm): 42,7; Paksuus 2 [mm]: 16,7; WVA-numero: 25096; Kulumisenilmaisimen liitos: Sis. kulumisenilmaisimen, akustisella kulumavaroittimella; Paino [kg]: 1,11; M\u00e4\u00e4r\u00e4yksikk\u00f6: Akselisarja; Vannekoko (tuumaa): 15; CHEVROLET: ORLANDO J309,CRUZE J300,CRUZE Station Wagon J308,AVEO Schr\u00e4gheck T300,CRUZE Schr\u00e4gheck J305,TRAX,VOLT; OPEL: ASTRA J Sports Tourer,ASTRA J,ZAFIRA TOURER C P12,MOKKA,ASTRA GTC J,ASTRA J Stufenheck,CASCADA W13,AMPERA; VAUXHALL: ZAFIRA Mk II B M75,ZAFIRA Mk III P12,ASTRA Mk VI J CC,ASTRA Mk VI J,AMPERA,ASTRA Mk VI J Sedan,ASTRA Mk VI J Estate,MOKKA; 13411380, 13473427, 13300867, 133192294, 13319293, 13319294, 13404405, 13411380, 13411383, 13473427, 13473428, 95516192, 13310867, 1605140, 1605168, 1605170, 1605176, 1605180, 1605262, 1605266, 1605294, 1605295, 1605296, 542039, 542040, 95516196, 13300867, 13310867, 13319293, 13319294, 13404405, 13411380, 13411383, 13417473, 13473427, 13473428, 13473429, 95516196; Jarrupalasarja,Jarrupala, Levyjarru<\/p>\n","protected":false},"excerpt":{"rendered":"<p>VALEO Jarrupalat 601055 Jarrupalasarja,Jarrupala, Levyjarru CHEVROLET,OPEL,VAUXHALL,ORLANDO J309,CRUZE J300,CRUZE Station Wagon J308<\/p>\n","protected":false},"featured_media":0,"template":"","meta":{"site-sidebar-layout":"default","site-content-layout":"default","ast-global-header-display":"","ast-main-header-display":"","ast-hfb-above-header-display":"","ast-hfb-below-header-display":"","ast-hfb-mobile-header-display":"","site-post-title":"","ast-breadcrumbs-content":"","ast-featured-img":"","footer-sml-layout":"","theme-transparent-header-meta":"","adv-header-id-meta":"","stick-header-meta":"","header-above-stick-meta":"","header-main-stick-meta":"","header-below-stick-meta":""},"pwb-brand":[28],"product_cat":[100],"product_tag":[],"class_list":{"0":"post-90997","1":"product","2":"type-product","3":"status-publish","5":"pwb-brand-valeo","6":"product_cat-jarrupalat","7":"desktop-align-left","8":"tablet-align-left","9":"mobile-align-left","11":"first","12":"instock","13":"product-type-external"},"brands":[{"id":28,"name":"VALEO","slug":"valeo"}],"_links":{"self":[{"href":"https:\/\/www.autonvaraosahaku.fi\/index.php?rest_route=\/wp\/v2\/product\/90997","targetHints":{"allow":["GET"]}}],"collection":[{"href":"https:\/\/www.autonvaraosahaku.fi\/index.php?rest_route=\/wp\/v2\/product"}],"about":[{"href":"https:\/\/www.autonvaraosahaku.fi\/index.php?rest_route=\/wp\/v2\/types\/product"}],"wp:attachment":[{"href":"https:\/\/www.autonvaraosahaku.fi\/index.php?rest_route=%2Fwp%2Fv2%2Fmedia&parent=90997"}],"wp:term":[{"taxonomy":"pwb-brand","embeddable":true,"href":"https:\/\/www.autonvaraosahaku.fi\/index.php?rest_route=%2Fwp%2Fv2%2Fpwb-brand&post=90997"},{"taxonomy":"product_cat","embeddable":true,"href":"https:\/\/www.autonvaraosahaku.fi\/index.php?rest_route=%2Fwp%2Fv2%2Fproduct_cat&post=90997"},{"taxonomy":"product_tag","embeddable":true,"href":"https:\/\/www.autonvaraosahaku.fi\/index.php?rest_route=%2Fwp%2Fv2%2Fproduct_tag&post=90997"}],"curies":[{"name":"wp","href":"https:\/\/api.w.org\/{rel}","templated":true}]}}