{"id":91003,"date":"2021-02-21T21:28:35","date_gmt":"2021-02-21T21:28:35","guid":{"rendered":"https:\/\/www.autonvaraosahaku.fi\/?product=diederichs-1812240-etusaleikko"},"modified":"2021-02-21T21:28:40","modified_gmt":"2021-02-21T21:28:40","slug":"diederichs-1812240-etusaleikko","status":"publish","type":"product","link":"https:\/\/www.autonvaraosahaku.fi\/?product=diederichs-1812240-etusaleikko","title":{"rendered":"DIEDERICHS 1812240 Etus\u00e4leikk\u00f6"},"content":{"rendered":"<p>V\u00e4ri: Musta; Laatu: Certified Quality; Tuotelinja: Priority Parts; OPEL: CORSA B 73_, 78_, 79_,COMBO 71_; 6320043, 90547389, 93188728; Etumaski,J\u00e4\u00e4hdyttimen S\u00e4leikk\u00f6<\/p>\n","protected":false},"excerpt":{"rendered":"<p>DIEDERICHS Etus\u00e4leikk\u00f6 1812240 Etumaski,J\u00e4\u00e4hdyttimen S\u00e4leikk\u00f6 OPEL,CORSA B 73_, 78_, 79_,COMBO 71_<\/p>\n","protected":false},"featured_media":0,"template":"","meta":{"site-sidebar-layout":"default","site-content-layout":"default","ast-global-header-display":"","ast-main-header-display":"","ast-hfb-above-header-display":"","ast-hfb-below-header-display":"","ast-hfb-mobile-header-display":"","site-post-title":"","ast-breadcrumbs-content":"","ast-featured-img":"","footer-sml-layout":"","theme-transparent-header-meta":"","adv-header-id-meta":"","stick-header-meta":"","header-above-stick-meta":"","header-main-stick-meta":"","header-below-stick-meta":""},"pwb-brand":[227],"product_cat":[302],"product_tag":[],"class_list":{"0":"post-91003","1":"product","2":"type-product","3":"status-publish","5":"pwb-brand-diederichs","6":"product_cat-etusaleikko","7":"desktop-align-left","8":"tablet-align-left","9":"mobile-align-left","11":"first","12":"instock","13":"product-type-external"},"brands":[{"id":227,"name":"DIEDERICHS","slug":"diederichs"}],"_links":{"self":[{"href":"https:\/\/www.autonvaraosahaku.fi\/index.php?rest_route=\/wp\/v2\/product\/91003","targetHints":{"allow":["GET"]}}],"collection":[{"href":"https:\/\/www.autonvaraosahaku.fi\/index.php?rest_route=\/wp\/v2\/product"}],"about":[{"href":"https:\/\/www.autonvaraosahaku.fi\/index.php?rest_route=\/wp\/v2\/types\/product"}],"wp:attachment":[{"href":"https:\/\/www.autonvaraosahaku.fi\/index.php?rest_route=%2Fwp%2Fv2%2Fmedia&parent=91003"}],"wp:term":[{"taxonomy":"pwb-brand","embeddable":true,"href":"https:\/\/www.autonvaraosahaku.fi\/index.php?rest_route=%2Fwp%2Fv2%2Fpwb-brand&post=91003"},{"taxonomy":"product_cat","embeddable":true,"href":"https:\/\/www.autonvaraosahaku.fi\/index.php?rest_route=%2Fwp%2Fv2%2Fproduct_cat&post=91003"},{"taxonomy":"product_tag","embeddable":true,"href":"https:\/\/www.autonvaraosahaku.fi\/index.php?rest_route=%2Fwp%2Fv2%2Fproduct_tag&post=91003"}],"curies":[{"name":"wp","href":"https:\/\/api.w.org\/{rel}","templated":true}]}}