{"id":91007,"date":"2021-02-21T21:28:35","date_gmt":"2021-02-21T21:28:35","guid":{"rendered":"https:\/\/www.autonvaraosahaku.fi\/?product=tedgum-00225366-tukivarren-hela"},"modified":"2021-02-21T21:28:41","modified_gmt":"2021-02-21T21:28:41","slug":"tedgum-00225366-tukivarren-hela","status":"publish","type":"product","link":"https:\/\/www.autonvaraosahaku.fi\/?product=tedgum-00225366-tukivarren-hela","title":{"rendered":"TEDGUM 00225366 Tukivarren hela"},"content":{"rendered":"<p>Tarvittava kappalem\u00e4\u00e4r\u00e4: 2, 2; L\u00e4pimitta [mm]: 42; Asennuspuoli: Taka-akseli; FORD: ESCORT IV Cabriolet ALF,ESCORT IV GAF, AWF, ABFT,FIESTA II FBD,ESCORT III GAA,ESCORT III Cabriolet ALD,ORION II AFF,ESCORT IV Kombi AWF, AVF,ESCORT &#8217;86 Express AVF,ESCORT III Kombi AWA,ORION I AFD,ESCORT &#8217;81 Express AVA; 81AB5A638AB<\/p>\n","protected":false},"excerpt":{"rendered":"<p>TEDGUM Tukivarren Hela 00225366  FORD,ESCORT IV Cabriolet ALF,ESCORT IV GAF, AWF, ABFT,FIESTA II FBD,ESCORT III GAA,ESCORT III Cabriolet ALD<\/p>\n","protected":false},"featured_media":0,"template":"","meta":{"site-sidebar-layout":"default","site-content-layout":"default","ast-global-header-display":"","ast-main-header-display":"","ast-hfb-above-header-display":"","ast-hfb-below-header-display":"","ast-hfb-mobile-header-display":"","site-post-title":"","ast-breadcrumbs-content":"","ast-featured-img":"","footer-sml-layout":"","theme-transparent-header-meta":"","adv-header-id-meta":"","stick-header-meta":"","header-above-stick-meta":"","header-main-stick-meta":"","header-below-stick-meta":""},"pwb-brand":[155],"product_cat":[115],"product_tag":[],"class_list":{"0":"post-91007","1":"product","2":"type-product","3":"status-publish","5":"pwb-brand-tedgum","6":"product_cat-tukivarren-hela","7":"desktop-align-left","8":"tablet-align-left","9":"mobile-align-left","11":"first","12":"instock","13":"product-type-external"},"brands":[{"id":155,"name":"TEDGUM","slug":"tedgum"}],"_links":{"self":[{"href":"https:\/\/www.autonvaraosahaku.fi\/index.php?rest_route=\/wp\/v2\/product\/91007","targetHints":{"allow":["GET"]}}],"collection":[{"href":"https:\/\/www.autonvaraosahaku.fi\/index.php?rest_route=\/wp\/v2\/product"}],"about":[{"href":"https:\/\/www.autonvaraosahaku.fi\/index.php?rest_route=\/wp\/v2\/types\/product"}],"wp:attachment":[{"href":"https:\/\/www.autonvaraosahaku.fi\/index.php?rest_route=%2Fwp%2Fv2%2Fmedia&parent=91007"}],"wp:term":[{"taxonomy":"pwb-brand","embeddable":true,"href":"https:\/\/www.autonvaraosahaku.fi\/index.php?rest_route=%2Fwp%2Fv2%2Fpwb-brand&post=91007"},{"taxonomy":"product_cat","embeddable":true,"href":"https:\/\/www.autonvaraosahaku.fi\/index.php?rest_route=%2Fwp%2Fv2%2Fproduct_cat&post=91007"},{"taxonomy":"product_tag","embeddable":true,"href":"https:\/\/www.autonvaraosahaku.fi\/index.php?rest_route=%2Fwp%2Fv2%2Fproduct_tag&post=91007"}],"curies":[{"name":"wp","href":"https:\/\/api.w.org\/{rel}","templated":true}]}}