{"id":91008,"date":"2021-02-21T21:28:35","date_gmt":"2021-02-21T21:28:35","guid":{"rendered":"https:\/\/www.autonvaraosahaku.fi\/?product=topran-701-076-lambda-anturi"},"modified":"2021-02-21T21:28:42","modified_gmt":"2021-02-21T21:28:42","slug":"topran-701-076-lambda-anturi","status":"publish","type":"product","link":"https:\/\/www.autonvaraosahaku.fi\/?product=topran-701-076-lambda-anturi","title":{"rendered":"TOPRAN 701 076 Lambda anturi"},"content":{"rendered":"<p>Napojen m\u00e4\u00e4r\u00e4: 4; Lambdatunnistin: Planarsondi; Pakoputkisto: vor Katalysator; RENAULT: TWINGO I C06_,CLIO II BB0\/1\/2_, CB0\/1\/2_,CLIO III BR0\/1, CR0\/1,MODUS \/ GRAND MODUS F\/JP0_,TWINGO I Kasten S06_,THALIA I LB0\/1\/2_,LOGAN I Kombi KS_,LOGAN I LS_; NISSAN: KUBISTAR Kasten X80; DACIA: DUSTER,LOGAN MCV KS_,LOGAN LS_,LOGAN Pick-up US_; 6001549007, 8200052063, 2269000QAF, 6001549007, 8200052063; Lambdatunnistin,Happianturi<\/p>\n","protected":false},"excerpt":{"rendered":"<p>TOPRAN Lambda Anturi 701 076 Lambdatunnistin,Happianturi RENAULT,NISSAN,DACIA,TWINGO I C06_,CLIO II BB0\/1\/2_, CB0\/1\/2_,CLIO III BR0\/1, CR0\/1<\/p>\n","protected":false},"featured_media":0,"template":"","meta":{"site-sidebar-layout":"default","site-content-layout":"default","ast-global-header-display":"","ast-main-header-display":"","ast-hfb-above-header-display":"","ast-hfb-below-header-display":"","ast-hfb-mobile-header-display":"","site-post-title":"","ast-breadcrumbs-content":"","ast-featured-img":"","footer-sml-layout":"","theme-transparent-header-meta":"","adv-header-id-meta":"","stick-header-meta":"","header-above-stick-meta":"","header-main-stick-meta":"","header-below-stick-meta":""},"pwb-brand":[18],"product_cat":[264],"product_tag":[],"class_list":{"0":"post-91008","1":"product","2":"type-product","3":"status-publish","5":"pwb-brand-topran","6":"product_cat-lambda-anturi","7":"desktop-align-left","8":"tablet-align-left","9":"mobile-align-left","11":"first","12":"instock","13":"product-type-external"},"brands":[{"id":18,"name":"TOPRAN","slug":"topran"}],"_links":{"self":[{"href":"https:\/\/www.autonvaraosahaku.fi\/index.php?rest_route=\/wp\/v2\/product\/91008","targetHints":{"allow":["GET"]}}],"collection":[{"href":"https:\/\/www.autonvaraosahaku.fi\/index.php?rest_route=\/wp\/v2\/product"}],"about":[{"href":"https:\/\/www.autonvaraosahaku.fi\/index.php?rest_route=\/wp\/v2\/types\/product"}],"wp:attachment":[{"href":"https:\/\/www.autonvaraosahaku.fi\/index.php?rest_route=%2Fwp%2Fv2%2Fmedia&parent=91008"}],"wp:term":[{"taxonomy":"pwb-brand","embeddable":true,"href":"https:\/\/www.autonvaraosahaku.fi\/index.php?rest_route=%2Fwp%2Fv2%2Fpwb-brand&post=91008"},{"taxonomy":"product_cat","embeddable":true,"href":"https:\/\/www.autonvaraosahaku.fi\/index.php?rest_route=%2Fwp%2Fv2%2Fproduct_cat&post=91008"},{"taxonomy":"product_tag","embeddable":true,"href":"https:\/\/www.autonvaraosahaku.fi\/index.php?rest_route=%2Fwp%2Fv2%2Fproduct_tag&post=91008"}],"curies":[{"name":"wp","href":"https:\/\/api.w.org\/{rel}","templated":true}]}}