{"id":91013,"date":"2021-02-21T21:28:43","date_gmt":"2021-02-21T21:28:43","guid":{"rendered":"https:\/\/www.autonvaraosahaku.fi\/?product=magneti-marelli-354960070000-iskunvaimennin"},"modified":"2021-02-21T21:28:44","modified_gmt":"2021-02-21T21:28:44","slug":"magneti-marelli-354960070000-iskunvaimennin","status":"publish","type":"product","link":"https:\/\/www.autonvaraosahaku.fi\/?product=magneti-marelli-354960070000-iskunvaimennin","title":{"rendered":"MAGNETI MARELLI 354960070000 Iskunvaimennin"},"content":{"rendered":"<p>Asennuspuoli: Etuakseli; Pituus (mm): 524; Pituus 2 (mm): 349; Iskunvaimennin malli: Joustintuki; Iskunvaimennin asennustapa: Tappi ylh\u00e4\u00e4ll\u00e4; Iskunvaimennusj\u00e4rjestelm\u00e4: Kaksiputki; Iskunvaimennin tyyppi: Kaasupaine; L\u00e4pimitta 1 [mm]: 45; L\u00e4pimitta 2 [mm]: 30; TOYOTA: YARIS SCP1_, NLP1_, NCP1_; 4851009510, 4851009520, 4851009900, 4851009A04, 4851009A06, 4851009A07, 4851009A20, 485100D010, 485100D020, 485100D040, 485100D080, 485100D100, 485100D150, 485100D160, 4851052030, 4851052032, 4851052034, 4851052040, 4851052044, 4851052063, 4851052121, 4851052122, 4851052213, 4851052223, 4851052231, 4851052232, 4851052233, 4851052352, 4851052360, 4851052361, 4851052362, 4851052370, 4851052371, 4851052400, 4851052401, 4851052420, 4851052650, 4851052660, 4851052670, 4851052780, 4851059149, 4851059159, 4851059178, 4851059206, 4851059207, 4851059225, 4851059226, 4851059278, 4851059288, 4851059306, 4851059307, 4851059347, 4851059375, 4851059376, 4851059377, 4851059385, 4851059386, 4851059455, 4851059456, 4851059475, 4851059695, 4851059705, 4851059725, 4851059795; Iskarit,Iskunvaimennin<\/p>\n","protected":false},"excerpt":{"rendered":"<p>MAGNETI MARELLI Iskunvaimentimet 354960070000 Iskarit,Iskunvaimennin TOYOTA,YARIS SCP1_, NLP1_, NCP1_<\/p>\n","protected":false},"featured_media":0,"template":"","meta":{"site-sidebar-layout":"default","site-content-layout":"default","ast-global-header-display":"","ast-main-header-display":"","ast-hfb-above-header-display":"","ast-hfb-below-header-display":"","ast-hfb-mobile-header-display":"","site-post-title":"","ast-breadcrumbs-content":"","ast-featured-img":"","footer-sml-layout":"","theme-transparent-header-meta":"","adv-header-id-meta":"","stick-header-meta":"","header-above-stick-meta":"","header-main-stick-meta":"","header-below-stick-meta":""},"pwb-brand":[34],"product_cat":[80],"product_tag":[],"class_list":{"0":"post-91013","1":"product","2":"type-product","3":"status-publish","5":"pwb-brand-magneti-marelli","6":"product_cat-iskunvaimennin","7":"desktop-align-left","8":"tablet-align-left","9":"mobile-align-left","11":"first","12":"instock","13":"product-type-external"},"brands":[{"id":34,"name":"MAGNETI MARELLI","slug":"magneti-marelli"}],"_links":{"self":[{"href":"https:\/\/www.autonvaraosahaku.fi\/index.php?rest_route=\/wp\/v2\/product\/91013","targetHints":{"allow":["GET"]}}],"collection":[{"href":"https:\/\/www.autonvaraosahaku.fi\/index.php?rest_route=\/wp\/v2\/product"}],"about":[{"href":"https:\/\/www.autonvaraosahaku.fi\/index.php?rest_route=\/wp\/v2\/types\/product"}],"wp:attachment":[{"href":"https:\/\/www.autonvaraosahaku.fi\/index.php?rest_route=%2Fwp%2Fv2%2Fmedia&parent=91013"}],"wp:term":[{"taxonomy":"pwb-brand","embeddable":true,"href":"https:\/\/www.autonvaraosahaku.fi\/index.php?rest_route=%2Fwp%2Fv2%2Fpwb-brand&post=91013"},{"taxonomy":"product_cat","embeddable":true,"href":"https:\/\/www.autonvaraosahaku.fi\/index.php?rest_route=%2Fwp%2Fv2%2Fproduct_cat&post=91013"},{"taxonomy":"product_tag","embeddable":true,"href":"https:\/\/www.autonvaraosahaku.fi\/index.php?rest_route=%2Fwp%2Fv2%2Fproduct_tag&post=91013"}],"curies":[{"name":"wp","href":"https:\/\/api.w.org\/{rel}","templated":true}]}}