{"id":91015,"date":"2021-02-21T21:28:43","date_gmt":"2021-02-21T21:28:43","guid":{"rendered":"https:\/\/www.autonvaraosahaku.fi\/?product=topran-501-502-ilmamassamittari"},"modified":"2021-02-21T21:28:45","modified_gmt":"2021-02-21T21:28:45","slug":"topran-501-502-ilmamassamittari","status":"publish","type":"product","link":"https:\/\/www.autonvaraosahaku.fi\/?product=topran-501-502-ilmamassamittari","title":{"rendered":"TOPRAN 501 502 Ilmamassamittari"},"content":{"rendered":"<p>Kotelomalli: Kopalla; Napojen m\u00e4\u00e4r\u00e4: 3; Uusi osa: ; Rungonpalautus vapaaehtoinen: ; Kotelomateriaali: Muovi; Pistokkeen kotelon muoto: suorakulmainen (rectangular); Korvaava tuote\/korvaava tiedote 2: sis\u00e4\u00e4nrakennetulla s\u00e4leik\u00f6ll\u00e4; suositeltu korjauksenlaajennus: Ilmasuodatin; OE-numerolle: 1362 1 432 356, 28164 37100; Moottorinumero: 520iM52; BMW: 3 E46,5 E39,3 Touring E46,5 Touring E39,3 Compact E46,3 Coupe E46,3 Cabriolet E46,7 E38,Z3 E36,Z3 Coupe E36; HYUNDAI: SONATA IV EF; KIA: CARNIVAL II GQ; 13621432356, 1432356, 2816437100, 2816437100; Ilmam\u00e4\u00e4r\u00e4mittari,MAF Anturi<\/p>\n","protected":false},"excerpt":{"rendered":"<p>TOPRAN Ilmamassamittari 501 502 Ilmam\u00e4\u00e4r\u00e4mittari,MAF Anturi BMW,HYUNDAI,KIA,3 E46,5 E39,3 Touring E46,5 Touring E39,3 Compact E46,3 Coupe E46<\/p>\n","protected":false},"featured_media":0,"template":"","meta":{"site-sidebar-layout":"default","site-content-layout":"default","ast-global-header-display":"","ast-main-header-display":"","ast-hfb-above-header-display":"","ast-hfb-below-header-display":"","ast-hfb-mobile-header-display":"","site-post-title":"","ast-breadcrumbs-content":"","ast-featured-img":"","footer-sml-layout":"","theme-transparent-header-meta":"","adv-header-id-meta":"","stick-header-meta":"","header-above-stick-meta":"","header-main-stick-meta":"","header-below-stick-meta":""},"pwb-brand":[18],"product_cat":[270],"product_tag":[],"class_list":{"0":"post-91015","1":"product","2":"type-product","3":"status-publish","5":"pwb-brand-topran","6":"product_cat-ilmamassamittari","7":"desktop-align-left","8":"tablet-align-left","9":"mobile-align-left","11":"first","12":"instock","13":"product-type-external"},"brands":[{"id":18,"name":"TOPRAN","slug":"topran"}],"_links":{"self":[{"href":"https:\/\/www.autonvaraosahaku.fi\/index.php?rest_route=\/wp\/v2\/product\/91015","targetHints":{"allow":["GET"]}}],"collection":[{"href":"https:\/\/www.autonvaraosahaku.fi\/index.php?rest_route=\/wp\/v2\/product"}],"about":[{"href":"https:\/\/www.autonvaraosahaku.fi\/index.php?rest_route=\/wp\/v2\/types\/product"}],"wp:attachment":[{"href":"https:\/\/www.autonvaraosahaku.fi\/index.php?rest_route=%2Fwp%2Fv2%2Fmedia&parent=91015"}],"wp:term":[{"taxonomy":"pwb-brand","embeddable":true,"href":"https:\/\/www.autonvaraosahaku.fi\/index.php?rest_route=%2Fwp%2Fv2%2Fpwb-brand&post=91015"},{"taxonomy":"product_cat","embeddable":true,"href":"https:\/\/www.autonvaraosahaku.fi\/index.php?rest_route=%2Fwp%2Fv2%2Fproduct_cat&post=91015"},{"taxonomy":"product_tag","embeddable":true,"href":"https:\/\/www.autonvaraosahaku.fi\/index.php?rest_route=%2Fwp%2Fv2%2Fproduct_tag&post=91015"}],"curies":[{"name":"wp","href":"https:\/\/api.w.org\/{rel}","templated":true}]}}