{"id":91018,"date":"2021-02-21T21:28:43","date_gmt":"2021-02-21T21:28:43","guid":{"rendered":"https:\/\/www.autonvaraosahaku.fi\/?product=brembo-c-24-010-kytkin-paasylinteri"},"modified":"2021-02-21T21:28:46","modified_gmt":"2021-02-21T21:28:46","slug":"brembo-c-24-010-kytkin-paasylinteri","status":"publish","type":"product","link":"https:\/\/www.autonvaraosahaku.fi\/?product=brembo-c-24-010-kytkin-paasylinteri","title":{"rendered":"BREMBO C 24 010 Kytkin p\u00e4\u00e4sylinteri"},"content":{"rendered":"<p>Reik\u00e4-\u00d8 [mm]: 19,05; Kierremitta: plug-in connect.sys.; Materiaali: Muovi; Valmistusvuoteen: 03\/2014; MAZDA: 5 CR19,3 BK,3 BL,5 CW,3 Stufenheck BK,3 Stufenheck BL; VOLVO: V50 MW,C30,S40 II MS,C70 II Cabriolet; FORD: FOCUS II Kombi DA_,FOCUS II DA_,FOCUS III Turnier,FOCUS C-MAX,KUGA I,C-MAX DM2,FOCUS III,C-MAX II,KUGA II DM2,GRAND C-MAX,FOCUS II Stufenheck DA_,FOCUS II Cabriolet,FOCUS III Stufenheck; 1224067, 1226669, 1232971, 1330266, 1476806, 1539937, 1863548, 3M517A543AB, 3M517A543AC, 3M517A543AD, 3M517A543AE, 3M517A543AF, 3M517A543AG, BV617A543AA, BP4K41400B, BP4K41400C, BP4K41400D, BP4K41400E, 30681422, 30787890, 31259462, 31367403, 8675600; P\u00e4\u00e4sylinteri, Kytkin<\/p>\n","protected":false},"excerpt":{"rendered":"<p>BREMBO Kytkin P\u00e4\u00e4sylinteri C 24 010 P\u00e4\u00e4sylinteri, Kytkin MAZDA,VOLVO,FORD,5 CR19,3 BK,3 BL,5 CW,3 Stufenheck BK,3 Stufenheck BL,V50 MW,C30,S40 II MS<\/p>\n","protected":false},"featured_media":0,"template":"","meta":{"site-sidebar-layout":"default","site-content-layout":"default","ast-global-header-display":"","ast-main-header-display":"","ast-hfb-above-header-display":"","ast-hfb-below-header-display":"","ast-hfb-mobile-header-display":"","site-post-title":"","ast-breadcrumbs-content":"","ast-featured-img":"","footer-sml-layout":"","theme-transparent-header-meta":"","adv-header-id-meta":"","stick-header-meta":"","header-above-stick-meta":"","header-main-stick-meta":"","header-below-stick-meta":""},"pwb-brand":[146],"product_cat":[239],"product_tag":[],"class_list":{"0":"post-91018","1":"product","2":"type-product","3":"status-publish","5":"pwb-brand-brembo","6":"product_cat-kytkin-paasylinteri","7":"desktop-align-left","8":"tablet-align-left","9":"mobile-align-left","11":"first","12":"instock","13":"product-type-external"},"brands":[{"id":146,"name":"BREMBO","slug":"brembo"}],"_links":{"self":[{"href":"https:\/\/www.autonvaraosahaku.fi\/index.php?rest_route=\/wp\/v2\/product\/91018","targetHints":{"allow":["GET"]}}],"collection":[{"href":"https:\/\/www.autonvaraosahaku.fi\/index.php?rest_route=\/wp\/v2\/product"}],"about":[{"href":"https:\/\/www.autonvaraosahaku.fi\/index.php?rest_route=\/wp\/v2\/types\/product"}],"wp:attachment":[{"href":"https:\/\/www.autonvaraosahaku.fi\/index.php?rest_route=%2Fwp%2Fv2%2Fmedia&parent=91018"}],"wp:term":[{"taxonomy":"pwb-brand","embeddable":true,"href":"https:\/\/www.autonvaraosahaku.fi\/index.php?rest_route=%2Fwp%2Fv2%2Fpwb-brand&post=91018"},{"taxonomy":"product_cat","embeddable":true,"href":"https:\/\/www.autonvaraosahaku.fi\/index.php?rest_route=%2Fwp%2Fv2%2Fproduct_cat&post=91018"},{"taxonomy":"product_tag","embeddable":true,"href":"https:\/\/www.autonvaraosahaku.fi\/index.php?rest_route=%2Fwp%2Fv2%2Fproduct_tag&post=91018"}],"curies":[{"name":"wp","href":"https:\/\/api.w.org\/{rel}","templated":true}]}}