{"id":91021,"date":"2021-02-21T21:28:43","date_gmt":"2021-02-21T21:28:43","guid":{"rendered":"https:\/\/www.autonvaraosahaku.fi\/?product=jurid-571959j-jarrupalat"},"modified":"2021-02-21T21:28:47","modified_gmt":"2021-02-21T21:28:47","slug":"jurid-571959j-jarrupalat","status":"publish","type":"product","link":"https:\/\/www.autonvaraosahaku.fi\/?product=jurid-571959j-jarrupalat","title":{"rendered":"JURID 571959J Jarrupalat"},"content":{"rendered":"<p>Laatu: 475; Paksuus [mm]: 17,8; Tarkistuskilpi: R90 Homologated; Pituus (mm): 150; Paino [kg]: 1,4; Korkeus 1 (mm): 58; Kulumisenilmaisimen liitos: Kulumisenilmaisemelle; Lis\u00e4tarvike\/lis\u00e4tieto: Ilman tarvikkeita; Jarruj\u00e4rjestelm\u00e4: ATE; Pakkaustyyppi: Laatikko; WVA-numero: 21914; Pakkauspituus [cm]: 20,6; Pakkausleveys [cm]: 12,2; Pakkauskorkeus [mm]: 7,8; M\u00e4\u00e4r\u00e4yksikk\u00f6: Akselisarja; Asennuspuoli: Vorderachse; BMW: 3 E46,3 Touring E46,3 Compact E46,3 Coupe E46,3 Compact E36,3 E36,3 Cabriolet E46,3 Coupe E36,Z3 E36,Z4 E85,3 Cabriolet E36,3 Touring E36,Z3 Coupe E36; WIESMANN: MF3 Roadster; ALPINA: ROADSTER S Z4; 34111161445, 34111161455, 34111164498, 34111164500, 34111165555, 34111165557, 34112157570, 34112157571, 34112157616, 34114398211, 34116752482, 34116752731, 34116756128, 34116761237, 34116761242, 34116761244, 34212157574, 34212157575; Jarrupalasarja,Jarrupala, Levyjarru<\/p>\n","protected":false},"excerpt":{"rendered":"<p>JURID Jarrupalat 571959J Jarrupalasarja,Jarrupala, Levyjarru BMW,WIESMANN,ALPINA,3 E46,3 Touring E46,3 Compact E46,3 Coupe E46,3 Compact E36,3 E36<\/p>\n","protected":false},"featured_media":0,"template":"","meta":{"site-sidebar-layout":"default","site-content-layout":"default","ast-global-header-display":"","ast-main-header-display":"","ast-hfb-above-header-display":"","ast-hfb-below-header-display":"","ast-hfb-mobile-header-display":"","site-post-title":"","ast-breadcrumbs-content":"","ast-featured-img":"","footer-sml-layout":"","theme-transparent-header-meta":"","adv-header-id-meta":"","stick-header-meta":"","header-above-stick-meta":"","header-main-stick-meta":"","header-below-stick-meta":""},"pwb-brand":[247],"product_cat":[100],"product_tag":[],"class_list":{"0":"post-91021","1":"product","2":"type-product","3":"status-publish","5":"pwb-brand-jurid","6":"product_cat-jarrupalat","7":"desktop-align-left","8":"tablet-align-left","9":"mobile-align-left","11":"first","12":"instock","13":"product-type-external"},"brands":[{"id":247,"name":"JURID","slug":"jurid"}],"_links":{"self":[{"href":"https:\/\/www.autonvaraosahaku.fi\/index.php?rest_route=\/wp\/v2\/product\/91021","targetHints":{"allow":["GET"]}}],"collection":[{"href":"https:\/\/www.autonvaraosahaku.fi\/index.php?rest_route=\/wp\/v2\/product"}],"about":[{"href":"https:\/\/www.autonvaraosahaku.fi\/index.php?rest_route=\/wp\/v2\/types\/product"}],"wp:attachment":[{"href":"https:\/\/www.autonvaraosahaku.fi\/index.php?rest_route=%2Fwp%2Fv2%2Fmedia&parent=91021"}],"wp:term":[{"taxonomy":"pwb-brand","embeddable":true,"href":"https:\/\/www.autonvaraosahaku.fi\/index.php?rest_route=%2Fwp%2Fv2%2Fpwb-brand&post=91021"},{"taxonomy":"product_cat","embeddable":true,"href":"https:\/\/www.autonvaraosahaku.fi\/index.php?rest_route=%2Fwp%2Fv2%2Fproduct_cat&post=91021"},{"taxonomy":"product_tag","embeddable":true,"href":"https:\/\/www.autonvaraosahaku.fi\/index.php?rest_route=%2Fwp%2Fv2%2Fproduct_tag&post=91021"}],"curies":[{"name":"wp","href":"https:\/\/api.w.org\/{rel}","templated":true}]}}