{"id":91030,"date":"2021-02-21T21:28:51","date_gmt":"2021-02-21T21:28:51","guid":{"rendered":"https:\/\/www.autonvaraosahaku.fi\/?product=topran-207-343-kampiakselin-hihnapyora"},"modified":"2021-02-21T21:28:51","modified_gmt":"2021-02-21T21:28:51","slug":"topran-207-343-kampiakselin-hihnapyora","status":"publish","type":"product","link":"https:\/\/www.autonvaraosahaku.fi\/?product=topran-207-343-kampiakselin-hihnapyora","title":{"rendered":"TOPRAN 207 343 Kampiakselin hihnapy\u00f6r\u00e4"},"content":{"rendered":"<p>T\u00e4ristys: V\u00e4r\u00e4htelynvaimentimella; Korvaava tuote\/korvaava tiedote 2: Ruuveilla, kytketty; Ruuvien m\u00e4\u00e4r\u00e4: 4; Hihnapy\u00f6r\u00e4t: Moniurahihnapy\u00f6r\u00e4; Materiaali: Kumi-metalli; Moottorinumero: 1.6 D Multijet; OPEL: ZAFIRA B A05,ASTRA H Caravan L35,ASTRA H L48,VECTRA C Caravan,ASTRA H GTC L08,SIGNUM,VECTRA C,VECTRA C GTS,ASTRA H TwinTop L67,COMBO Kasten\/Kombi X12,ASTRA H Kasten L70,COMBO Tour X12; FIAT: GRANDE PUNTO 199,STILO 192,BRAVO II 198,FREEMONT JF_,PUNTO EVO 199,DOBLO Cargo 223,STILO Multi Wagon 192,DOBLO 119,CROMA 194,DOBLO Kasten\/Kombi 263,IDEA,MULTIPLA 186,500L,DOBLO Gro\u00dfraumlimousine 152, 263,LINEA 323,DOBLO Pritsche\/Fahrgestell 263; ALFA ROMEO: 159 Sportwagon 939,GIULIETTA 940,MITO 955,159 939,BRERA,SPIDER 939; LANCIA: DELTA III 844,MUSA 350; VAUXHALL: ZAFIRA Mk II B M75,ASTRA Mk V H CC,VECTRA Mk II C CC,ASTRA Mk V H Estate,VECTRA Mk II C Estate,ASTRA Mk V H Convertible,VECTRA Mk II C,SIGNUM,ASTRAVAN Mk V H,COMBO Mk III D Kasten\/Kombi; 46545584, 46742883, 46780491, 55185409, 55190424, 55196301, 55208280, 60815890, 60816824, 71728498, 71747797, 73501275, 46545584, 46742883, 46780491, 55185409, 55190424, 55196301, 55208280, 60815890, 60816824, 71728498, 71747797, 73501275, 46545584, 46742883, 46780491, 55185409, 55190424, 55196301, 55208280, 60815890, 60816824, 71728498, 71747797, 73501275, 0614352, 0614571, 5614445, 614352, 614571, 55196301, 93183257, 93191381; Hihnapy\u00f6r\u00e4, Kampiakseli<\/p>\n","protected":false},"excerpt":{"rendered":"<p>TOPRAN Kampiakselin Hihnapy\u00f6r\u00e4 207 343 Hihnapy\u00f6r\u00e4, Kampiakseli OPEL,FIAT,ALFA ROMEO,ZAFIRA B A05,ASTRA H Caravan L35,ASTRA H L48,VECTRA C Caravan<\/p>\n","protected":false},"featured_media":0,"template":"","meta":{"site-sidebar-layout":"default","site-content-layout":"default","ast-global-header-display":"","ast-main-header-display":"","ast-hfb-above-header-display":"","ast-hfb-below-header-display":"","ast-hfb-mobile-header-display":"","site-post-title":"","ast-breadcrumbs-content":"","ast-featured-img":"","footer-sml-layout":"","theme-transparent-header-meta":"","adv-header-id-meta":"","stick-header-meta":"","header-above-stick-meta":"","header-main-stick-meta":"","header-below-stick-meta":""},"pwb-brand":[18],"product_cat":[219],"product_tag":[],"class_list":{"0":"post-91030","1":"product","2":"type-product","3":"status-publish","5":"pwb-brand-topran","6":"product_cat-kampiakselin-hihnapyora","7":"desktop-align-left","8":"tablet-align-left","9":"mobile-align-left","11":"first","12":"instock","13":"product-type-external"},"brands":[{"id":18,"name":"TOPRAN","slug":"topran"}],"_links":{"self":[{"href":"https:\/\/www.autonvaraosahaku.fi\/index.php?rest_route=\/wp\/v2\/product\/91030","targetHints":{"allow":["GET"]}}],"collection":[{"href":"https:\/\/www.autonvaraosahaku.fi\/index.php?rest_route=\/wp\/v2\/product"}],"about":[{"href":"https:\/\/www.autonvaraosahaku.fi\/index.php?rest_route=\/wp\/v2\/types\/product"}],"wp:attachment":[{"href":"https:\/\/www.autonvaraosahaku.fi\/index.php?rest_route=%2Fwp%2Fv2%2Fmedia&parent=91030"}],"wp:term":[{"taxonomy":"pwb-brand","embeddable":true,"href":"https:\/\/www.autonvaraosahaku.fi\/index.php?rest_route=%2Fwp%2Fv2%2Fpwb-brand&post=91030"},{"taxonomy":"product_cat","embeddable":true,"href":"https:\/\/www.autonvaraosahaku.fi\/index.php?rest_route=%2Fwp%2Fv2%2Fproduct_cat&post=91030"},{"taxonomy":"product_tag","embeddable":true,"href":"https:\/\/www.autonvaraosahaku.fi\/index.php?rest_route=%2Fwp%2Fv2%2Fproduct_tag&post=91030"}],"curies":[{"name":"wp","href":"https:\/\/api.w.org\/{rel}","templated":true}]}}