{"id":91032,"date":"2021-02-21T21:28:51","date_gmt":"2021-02-21T21:28:51","guid":{"rendered":"https:\/\/www.autonvaraosahaku.fi\/?product=bremi-20558-sytytyspuola"},"modified":"2021-02-21T21:28:52","modified_gmt":"2021-02-21T21:28:52","slug":"bremi-20558-sytytyspuola","status":"publish","type":"product","link":"https:\/\/www.autonvaraosahaku.fi\/?product=bremi-20558-sytytyspuola","title":{"rendered":"BREMI 20558 Sytytyspuola"},"content":{"rendered":"<p>J\u00e4nnite (V): 12; Sytytyspuola: COP-sytytyspuola (syt.tulpan p\u00e4\u00e4ll\u00e4); Tarvittava kappalem\u00e4\u00e4r\u00e4: 6; RENAULT: KOLEOS HY_,KOLEOS II; NISSAN: QASHQAI \/ QASHQAI +2 J10, JJ10,NOTE E11,JUKE F15,X-TRAIL T31,MICRA IV K13,NV200 EVALIA,NOTE E12,TIIDA Schr\u00e4gheck,NV200 Kasten,370 Z Z34,CUBE Z12,TIIDA Stufenheck SC11X,370 Z Roadster Z34,X-TRAIL T32,TEANA II J32,ALTIMA,SENTRA B16,PATHFINDER R52,TIIDA Schr\u00e4gheck C12,ALTIMA L33,SENTRA B17; INFINITI: FX,EX,M Y51,G Stufenheck,M37,G Coupe,Q70 Y51,QX70,QX50; 224481KT0A, 22448ED000, 22448EY00A, 22448JA00A, 22448JA00C, 224481KT0A, 224481KT1A, 22448ED000, 22448EY00A, 22448JA00A, 22448JA00C, 224481KT0A, 22448JA00C<\/p>\n","protected":false},"excerpt":{"rendered":"<p>BREMI Sytytyspuola 20558  RENAULT,NISSAN,INFINITI,KOLEOS HY_,KOLEOS II,QASHQAI \/ QASHQAI +2 J10, JJ10,NOTE E11,JUKE F15,X-TRAIL T31,MICRA IV K13<\/p>\n","protected":false},"featured_media":0,"template":"","meta":{"site-sidebar-layout":"default","site-content-layout":"default","ast-global-header-display":"","ast-main-header-display":"","ast-hfb-above-header-display":"","ast-hfb-below-header-display":"","ast-hfb-mobile-header-display":"","site-post-title":"","ast-breadcrumbs-content":"","ast-featured-img":"","footer-sml-layout":"","theme-transparent-header-meta":"","adv-header-id-meta":"","stick-header-meta":"","header-above-stick-meta":"","header-main-stick-meta":"","header-below-stick-meta":""},"pwb-brand":[480],"product_cat":[25],"product_tag":[],"class_list":{"0":"post-91032","1":"product","2":"type-product","3":"status-publish","5":"pwb-brand-bremi","6":"product_cat-sytytyspuola","7":"desktop-align-left","8":"tablet-align-left","9":"mobile-align-left","11":"first","12":"instock","13":"product-type-external"},"brands":[{"id":480,"name":"BREMI","slug":"bremi"}],"_links":{"self":[{"href":"https:\/\/www.autonvaraosahaku.fi\/index.php?rest_route=\/wp\/v2\/product\/91032","targetHints":{"allow":["GET"]}}],"collection":[{"href":"https:\/\/www.autonvaraosahaku.fi\/index.php?rest_route=\/wp\/v2\/product"}],"about":[{"href":"https:\/\/www.autonvaraosahaku.fi\/index.php?rest_route=\/wp\/v2\/types\/product"}],"wp:attachment":[{"href":"https:\/\/www.autonvaraosahaku.fi\/index.php?rest_route=%2Fwp%2Fv2%2Fmedia&parent=91032"}],"wp:term":[{"taxonomy":"pwb-brand","embeddable":true,"href":"https:\/\/www.autonvaraosahaku.fi\/index.php?rest_route=%2Fwp%2Fv2%2Fpwb-brand&post=91032"},{"taxonomy":"product_cat","embeddable":true,"href":"https:\/\/www.autonvaraosahaku.fi\/index.php?rest_route=%2Fwp%2Fv2%2Fproduct_cat&post=91032"},{"taxonomy":"product_tag","embeddable":true,"href":"https:\/\/www.autonvaraosahaku.fi\/index.php?rest_route=%2Fwp%2Fv2%2Fproduct_tag&post=91032"}],"curies":[{"name":"wp","href":"https:\/\/api.w.org\/{rel}","templated":true}]}}