{"id":91037,"date":"2021-02-21T21:28:51","date_gmt":"2021-02-21T21:28:51","guid":{"rendered":"https:\/\/www.autonvaraosahaku.fi\/?product=ridex-8a0247-ilmansuodatin"},"modified":"2021-02-21T21:28:54","modified_gmt":"2021-02-21T21:28:54","slug":"ridex-8a0247-ilmansuodatin","status":"publish","type":"product","link":"https:\/\/www.autonvaraosahaku.fi\/?product=ridex-8a0247-ilmansuodatin","title":{"rendered":"RIDEX 8A0247 Ilmansuodatin"},"content":{"rendered":"<p>Suodatintyyppi: Suodatinpanos; L\u00e4pimitta 1 [mm]: 335; L\u00e4pimitta 2 [mm]: 102; Korkeus (mm): 50; Alustanumeroon: ORGA 12410; CITRO\u00cbN: BERLINGO MF,C2 JM_,C3 I FC_,BERLINGO Kasten M_,C3 II,C3 Pluriel HB_,C-ELYSEE,C3 III SX; PEUGEOT: 207 WA_, WC_,207 SW WK_,1007 KM_,PARTNER Combispace 5F,PARTNER Kasten 5,207 Stufenheck,301,207 Van; 1444CZ, 1444EA, 1444GH, 1444VJ, 1444X0, 1444CZ, 1444EA, 1444GH, 1444VJ, 1444X0<\/p>\n","protected":false},"excerpt":{"rendered":"<p>RIDEX Ilmansuodatin 8A0247  CITRO\u00cbN,PEUGEOT,BERLINGO MF,C2 JM_,C3 I FC_,BERLINGO Kasten M_,C3 II,C3 Pluriel HB_,C-ELYSEE,C3 III SX,207 WA_, WC_<\/p>\n","protected":false},"featured_media":0,"template":"","meta":{"site-sidebar-layout":"default","site-content-layout":"default","ast-global-header-display":"","ast-main-header-display":"","ast-hfb-above-header-display":"","ast-hfb-below-header-display":"","ast-hfb-mobile-header-display":"","site-post-title":"","ast-breadcrumbs-content":"","ast-featured-img":"","footer-sml-layout":"","theme-transparent-header-meta":"","adv-header-id-meta":"","stick-header-meta":"","header-above-stick-meta":"","header-main-stick-meta":"","header-below-stick-meta":""},"pwb-brand":[157],"product_cat":[31],"product_tag":[],"class_list":{"0":"post-91037","1":"product","2":"type-product","3":"status-publish","5":"pwb-brand-ridex","6":"product_cat-ilmansuodatin","7":"desktop-align-left","8":"tablet-align-left","9":"mobile-align-left","11":"first","12":"instock","13":"product-type-external"},"brands":[{"id":157,"name":"RIDEX","slug":"ridex"}],"_links":{"self":[{"href":"https:\/\/www.autonvaraosahaku.fi\/index.php?rest_route=\/wp\/v2\/product\/91037","targetHints":{"allow":["GET"]}}],"collection":[{"href":"https:\/\/www.autonvaraosahaku.fi\/index.php?rest_route=\/wp\/v2\/product"}],"about":[{"href":"https:\/\/www.autonvaraosahaku.fi\/index.php?rest_route=\/wp\/v2\/types\/product"}],"wp:attachment":[{"href":"https:\/\/www.autonvaraosahaku.fi\/index.php?rest_route=%2Fwp%2Fv2%2Fmedia&parent=91037"}],"wp:term":[{"taxonomy":"pwb-brand","embeddable":true,"href":"https:\/\/www.autonvaraosahaku.fi\/index.php?rest_route=%2Fwp%2Fv2%2Fpwb-brand&post=91037"},{"taxonomy":"product_cat","embeddable":true,"href":"https:\/\/www.autonvaraosahaku.fi\/index.php?rest_route=%2Fwp%2Fv2%2Fproduct_cat&post=91037"},{"taxonomy":"product_tag","embeddable":true,"href":"https:\/\/www.autonvaraosahaku.fi\/index.php?rest_route=%2Fwp%2Fv2%2Fproduct_tag&post=91037"}],"curies":[{"name":"wp","href":"https:\/\/api.w.org\/{rel}","templated":true}]}}