{"id":91045,"date":"2021-02-21T21:28:51","date_gmt":"2021-02-21T21:28:51","guid":{"rendered":"https:\/\/www.autonvaraosahaku.fi\/?product=ridex-316t0067-termostaatti"},"modified":"2021-02-21T21:28:57","modified_gmt":"2021-02-21T21:28:57","slug":"ridex-316t0067-termostaatti","status":"publish","type":"product","link":"https:\/\/www.autonvaraosahaku.fi\/?product=ridex-316t0067-termostaatti","title":{"rendered":"RIDEX 316T0067 Termostaatti"},"content":{"rendered":"<p>Avausl\u00e4mp\u00f6tila [\u00b0C]: 105; Kotelomalli: Kopalla; Lis\u00e4tarvike\/lis\u00e4tieto: Tiivisteill\u00e4; Korvaava tuote\/korvaava tiedote 2: Anturilla; Materiaali: Alumiini; CHEVROLET: ORLANDO J309,CRUZE J300,AVEO Schr\u00e4gheck T250, T255,CRUZE Station Wagon J308,AVEO Schr\u00e4gheck T300,CRUZE Schr\u00e4gheck J305,TRAX,AVEO Stufenheck T250, T255,AVEO Stufenheck T300; OPEL: ZAFIRA B A05,ASTRA H Caravan L35,MERIVA,ASTRA G CC F48_, F08_,ASTRA H L48,ASTRA J Sports Tourer,ASTRA G Caravan F35_,INSIGNIA Caravan,VECTRA C Caravan,ASTRA J,ASTRA H GTC L08,SIGNUM,VECTRA C,ZAFIRA TOURER C P12,MOKKA,VECTRA C GTS,ASTRA H TwinTop L67,INSIGNIA,ASTRA G Cabriolet F67,INSIGNIA Stufenheck,ASTRA G Coupe F07_,ASTRA G Stufenheck F69_,ZAFIRA B Van,ASTRA J Stufenheck,ASTRA H Stufenheck L69; FIAT: CROMA 194; ALFA ROMEO: 159 Sportwagon 939,159 939,BRERA,SPIDER 939; VAUXHALL: INSIGNIA Mk I A,ZAFIRA Mk II B M75,ASTRA Mk V H CC,VECTRA Mk II C CC,ZAFIRA Mk I A F75,INSIGNIA Mk I A Estate,ASTRA Mk V H Estate,ZAFIRA Mk III P12,VECTRA Mk II C Estate,ASTRA Mk V H Convertible,ASTRA Mk IV G CC,VECTRA Mk II C,INSIGNIA Mk I A Sedan,SIGNUM,MERIVA Mk I A,ASTRAVAN Mk V H,ASTRA Mk IV G Estate,ASTRA Mk IV G Convertible; 55353311, 71770832, 55578419, 55597008, 96980318, 96984104, 55353311, 71770832, 55353311, 71770832, 1338177, 1338178, 1338403, 6338007, 6338018, 6338044, 6338047, 55577073, 24405922, 24418432, 25192233, 55353311, 55559594, 55577072, 55577073, 5559594; Termostaatti, J\u00e4\u00e4hdytysneste<\/p>\n","protected":false},"excerpt":{"rendered":"<p>RIDEX Termostaatti 316T0067 Termostaatti, J\u00e4\u00e4hdytysneste CHEVROLET,OPEL,FIAT,ORLANDO J309,CRUZE J300,AVEO Schr\u00e4gheck T250, T255<\/p>\n","protected":false},"featured_media":0,"template":"","meta":{"site-sidebar-layout":"default","site-content-layout":"default","ast-global-header-display":"","ast-main-header-display":"","ast-hfb-above-header-display":"","ast-hfb-below-header-display":"","ast-hfb-mobile-header-display":"","site-post-title":"","ast-breadcrumbs-content":"","ast-featured-img":"","footer-sml-layout":"","theme-transparent-header-meta":"","adv-header-id-meta":"","stick-header-meta":"","header-above-stick-meta":"","header-main-stick-meta":"","header-below-stick-meta":""},"pwb-brand":[157],"product_cat":[174],"product_tag":[],"class_list":{"0":"post-91045","1":"product","2":"type-product","3":"status-publish","5":"pwb-brand-ridex","6":"product_cat-termostaatti","7":"desktop-align-left","8":"tablet-align-left","9":"mobile-align-left","11":"first","12":"instock","13":"product-type-external"},"brands":[{"id":157,"name":"RIDEX","slug":"ridex"}],"_links":{"self":[{"href":"https:\/\/www.autonvaraosahaku.fi\/index.php?rest_route=\/wp\/v2\/product\/91045","targetHints":{"allow":["GET"]}}],"collection":[{"href":"https:\/\/www.autonvaraosahaku.fi\/index.php?rest_route=\/wp\/v2\/product"}],"about":[{"href":"https:\/\/www.autonvaraosahaku.fi\/index.php?rest_route=\/wp\/v2\/types\/product"}],"wp:attachment":[{"href":"https:\/\/www.autonvaraosahaku.fi\/index.php?rest_route=%2Fwp%2Fv2%2Fmedia&parent=91045"}],"wp:term":[{"taxonomy":"pwb-brand","embeddable":true,"href":"https:\/\/www.autonvaraosahaku.fi\/index.php?rest_route=%2Fwp%2Fv2%2Fpwb-brand&post=91045"},{"taxonomy":"product_cat","embeddable":true,"href":"https:\/\/www.autonvaraosahaku.fi\/index.php?rest_route=%2Fwp%2Fv2%2Fproduct_cat&post=91045"},{"taxonomy":"product_tag","embeddable":true,"href":"https:\/\/www.autonvaraosahaku.fi\/index.php?rest_route=%2Fwp%2Fv2%2Fproduct_tag&post=91045"}],"curies":[{"name":"wp","href":"https:\/\/api.w.org\/{rel}","templated":true}]}}