{"id":91048,"date":"2021-02-21T21:28:51","date_gmt":"2021-02-21T21:28:51","guid":{"rendered":"https:\/\/www.autonvaraosahaku.fi\/?product=ashika-30-eco019-polttoainesuodatin"},"modified":"2021-02-21T21:28:58","modified_gmt":"2021-02-21T21:28:58","slug":"ashika-30-eco019-polttoainesuodatin","status":"publish","type":"product","link":"https:\/\/www.autonvaraosahaku.fi\/?product=ashika-30-eco019-polttoainesuodatin","title":{"rendered":"ASHIKA 30-ECO019 Polttoainesuodatin"},"content":{"rendered":"<p>Suodatintyyppi: Suodatinpanos; Pituus (mm): 64; Ulkol\u00e4pimitta [mm]: 77; Sis\u00e4l\u00e4pimitta [mm]: 15; SUZUKI: GRAND VITARA I FT; LANCIA: PHEDRA 179; FIAT: ULYSSE 179AX,ULYSSE 220,SCUDO Kasten 220L; CITRO\u00cbN: BERLINGO MF,XSARA PICASSO N68,C8 EA_, EB_,BERLINGO Kasten M_,C5 II Break RE_,C5 I DC_,C5 I Break DE_,XSARA N1,C5 II RC_,XSARA Break N2,XANTIA X2,XSARA Coupe N0,EVASION 22, U6,XANTIA Break X2,JUMPY U6U,JUMPY Kasten BS_, BT_, BY_, BZ_,JUMPY Pritsche\/Fahrgestell BU_, BV_, BW_, BX_; PEUGEOT: 206 Schr\u00e4gheck 2A\/C,307 SW 3H,307 3A\/C,206 SW 2E\/K,807 E,307 Break 3E,607 9D, 9U,406 Break 8E\/F,PARTNER Combispace 5F,PARTNER Kasten 5,406 Coupe 8C,406 8B,806 221,EXPERT Kasten 222,EXPERT 224; 190676, 190677, 1906A5, 1906A6, 9641087880, E148042, E148135, 9401906768, 9401906768, 1906A2, 1906A6, 9641087880, E148042, E148135, 1541267G10, 1541267G10000, 1541267G11, 1541286CT1, 1541286CT12ND<\/p>\n","protected":false},"excerpt":{"rendered":"<p>ASHIKA Polttoainesuodatin 30-ECO019  SUZUKI,LANCIA,FIAT,GRAND VITARA I FT,PHEDRA 179,ULYSSE 179AX,ULYSSE 220,SCUDO Kasten 220L,BERLINGO MF<\/p>\n","protected":false},"featured_media":0,"template":"","meta":{"site-sidebar-layout":"default","site-content-layout":"default","ast-global-header-display":"","ast-main-header-display":"","ast-hfb-above-header-display":"","ast-hfb-below-header-display":"","ast-hfb-mobile-header-display":"","site-post-title":"","ast-breadcrumbs-content":"","ast-featured-img":"","footer-sml-layout":"","theme-transparent-header-meta":"","adv-header-id-meta":"","stick-header-meta":"","header-above-stick-meta":"","header-main-stick-meta":"","header-below-stick-meta":""},"pwb-brand":[102],"product_cat":[29],"product_tag":[],"class_list":{"0":"post-91048","1":"product","2":"type-product","3":"status-publish","5":"pwb-brand-ashika","6":"product_cat-polttoainesuodatin","7":"desktop-align-left","8":"tablet-align-left","9":"mobile-align-left","11":"first","12":"instock","13":"product-type-external"},"brands":[{"id":102,"name":"ASHIKA","slug":"ashika"}],"_links":{"self":[{"href":"https:\/\/www.autonvaraosahaku.fi\/index.php?rest_route=\/wp\/v2\/product\/91048","targetHints":{"allow":["GET"]}}],"collection":[{"href":"https:\/\/www.autonvaraosahaku.fi\/index.php?rest_route=\/wp\/v2\/product"}],"about":[{"href":"https:\/\/www.autonvaraosahaku.fi\/index.php?rest_route=\/wp\/v2\/types\/product"}],"wp:attachment":[{"href":"https:\/\/www.autonvaraosahaku.fi\/index.php?rest_route=%2Fwp%2Fv2%2Fmedia&parent=91048"}],"wp:term":[{"taxonomy":"pwb-brand","embeddable":true,"href":"https:\/\/www.autonvaraosahaku.fi\/index.php?rest_route=%2Fwp%2Fv2%2Fpwb-brand&post=91048"},{"taxonomy":"product_cat","embeddable":true,"href":"https:\/\/www.autonvaraosahaku.fi\/index.php?rest_route=%2Fwp%2Fv2%2Fproduct_cat&post=91048"},{"taxonomy":"product_tag","embeddable":true,"href":"https:\/\/www.autonvaraosahaku.fi\/index.php?rest_route=%2Fwp%2Fv2%2Fproduct_tag&post=91048"}],"curies":[{"name":"wp","href":"https:\/\/api.w.org\/{rel}","templated":true}]}}