{"id":91053,"date":"2021-02-21T21:28:59","date_gmt":"2021-02-21T21:28:59","guid":{"rendered":"https:\/\/www.autonvaraosahaku.fi\/?product=ridex-653w0002-pyorannapa"},"modified":"2021-02-21T21:29:01","modified_gmt":"2021-02-21T21:29:01","slug":"ridex-653w0002-pyorannapa","status":"publish","type":"product","link":"https:\/\/www.autonvaraosahaku.fi\/?product=ridex-653w0002-pyorannapa","title":{"rendered":"RIDEX 653W0002 Py\u00f6r\u00e4nnapa"},"content":{"rendered":"<p>Asennuspuoli: Etuakseli; Korkeus (mm): 75; Paino [g]: 1550; Rihlam\u00e4\u00e4r\u00e4 sis\u00e4\u00e4ntuleva akseli: 36; Korvaava tuote\/korvaava tiedote 2: ABS-sensorirenkaalla, ilman py\u00f6r\u00e4nlaakeria; Reikien m\u00e4\u00e4r\u00e4: 5; Ulkol\u00e4pimitta [mm]: 126; Hammasluku, ABS-keh\u00e4: 44; Alustanumeroon: 1J-3-100000; VW: GOLF IV 1J1,GOLF IV Variant 1J5,BORA 1J2,NEW BEETLE 9C1, 1C1,BORA Kombi 1J6,NEW BEETLE Cabriolet 1Y7; AUDI: A3 8P1,A3 8L1,A3 Sportback 8PA,TT 8N3,TT Roadster 8N9,A3 Cabriolet 8P7; SKODA: OCTAVIA Combi 1Z5,OCTAVIA Combi 1U5,OCTAVIA 1Z3,OCTAVIA 1U2; SEAT: LEON 1M1,TOLEDO II 1M2; 1J0407613B, 1J0407613C, 1J0407613G, 1J0407613B, 1J0407613C, 1J0407613G, 1J0407613B, 1J0407613C, 1J0407613G, 1J0407613B, 1J0407613C, 1J0407613G; Py\u00f6r\u00e4n Napa<\/p>\n","protected":false},"excerpt":{"rendered":"<p>RIDEX Py\u00f6r\u00e4nnapa 653W0002 Py\u00f6r\u00e4n Napa VW,AUDI,SKODA,GOLF IV 1J1,GOLF IV Variant 1J5,BORA 1J2,NEW BEETLE 9C1, 1C1,BORA Kombi 1J6<\/p>\n","protected":false},"featured_media":0,"template":"","meta":{"site-sidebar-layout":"default","site-content-layout":"default","ast-global-header-display":"","ast-main-header-display":"","ast-hfb-above-header-display":"","ast-hfb-below-header-display":"","ast-hfb-mobile-header-display":"","site-post-title":"","ast-breadcrumbs-content":"","ast-featured-img":"","footer-sml-layout":"","theme-transparent-header-meta":"","adv-header-id-meta":"","stick-header-meta":"","header-above-stick-meta":"","header-main-stick-meta":"","header-below-stick-meta":""},"pwb-brand":[157],"product_cat":[257],"product_tag":[],"class_list":{"0":"post-91053","1":"product","2":"type-product","3":"status-publish","5":"pwb-brand-ridex","6":"product_cat-pyorannapa","7":"desktop-align-left","8":"tablet-align-left","9":"mobile-align-left","11":"first","12":"instock","13":"product-type-external"},"brands":[{"id":157,"name":"RIDEX","slug":"ridex"}],"_links":{"self":[{"href":"https:\/\/www.autonvaraosahaku.fi\/index.php?rest_route=\/wp\/v2\/product\/91053","targetHints":{"allow":["GET"]}}],"collection":[{"href":"https:\/\/www.autonvaraosahaku.fi\/index.php?rest_route=\/wp\/v2\/product"}],"about":[{"href":"https:\/\/www.autonvaraosahaku.fi\/index.php?rest_route=\/wp\/v2\/types\/product"}],"wp:attachment":[{"href":"https:\/\/www.autonvaraosahaku.fi\/index.php?rest_route=%2Fwp%2Fv2%2Fmedia&parent=91053"}],"wp:term":[{"taxonomy":"pwb-brand","embeddable":true,"href":"https:\/\/www.autonvaraosahaku.fi\/index.php?rest_route=%2Fwp%2Fv2%2Fpwb-brand&post=91053"},{"taxonomy":"product_cat","embeddable":true,"href":"https:\/\/www.autonvaraosahaku.fi\/index.php?rest_route=%2Fwp%2Fv2%2Fproduct_cat&post=91053"},{"taxonomy":"product_tag","embeddable":true,"href":"https:\/\/www.autonvaraosahaku.fi\/index.php?rest_route=%2Fwp%2Fv2%2Fproduct_tag&post=91053"}],"curies":[{"name":"wp","href":"https:\/\/api.w.org\/{rel}","templated":true}]}}