{"id":91067,"date":"2021-02-21T21:28:59","date_gmt":"2021-02-21T21:28:59","guid":{"rendered":"https:\/\/www.autonvaraosahaku.fi\/?product=ridex-13d0049-vetoakseli"},"modified":"2021-02-21T21:29:06","modified_gmt":"2021-02-21T21:29:06","slug":"ridex-13d0049-vetoakseli","status":"publish","type":"product","link":"https:\/\/www.autonvaraosahaku.fi\/?product=ridex-13d0049-vetoakseli","title":{"rendered":"RIDEX 13D0049 Vetoakseli"},"content":{"rendered":"<p>Pituus (mm): 795; Ulkohammastus, py\u00f6r\u00e4npuoli: 36; Nivelmalli: Vakionopeusnivel; Nivelen l\u00e4pimitta [mm]: 10; Vaihteistomalli: Automatikgetriebe; VW: GOLF V 1K1,TOURAN 1T1, 1T2,GOLF VI 5K1,PASSAT Variant 3C5,GOLF PLUS 5M1, 521,PASSAT 3C2,PASSAT Variant 365,TOURAN 1T3,GOLF VI Variant AJ5,GOLF V Variant 1K5,EOS 1F7, 1F8,SCIROCCO 137, 138,PASSAT CC 357,JETTA III 1K2,PASSAT 362,CC 358,GOLF VI Cabriolet 517,PASSAT ALLTRACK 365; AUDI: A3 8P1,A3 Sportback 8PA,A3 Cabriolet 8P7; SKODA: OCTAVIA Combi 1Z5,SUPERB Kombi 3T5,OCTAVIA 1Z3,SUPERB 3T4; SEAT: LEON 1P1,ALTEA 5P1,ALTEA XL 5P5, 5P8,TOLEDO III 5P2; 1K0407272EN, 1K0407272JB, 1K0407272KF, 1K0407272NJ, 1K0407272RB, 1K0407454DX, 1K0407454GX, 1K0407764LX, 1K0407272EN, 1K0407272JB, 1K0407272KF, 1K0407272NJ, 1K0407272RB, 1K0407454DX, 1K0407454GX, 1K0407764LX, 1K0407272EN, 1K0407272JB, 1K0407272KF, 1K0407272NJ, 1K0407272RB, 1K0407454DX, 1K0407454GX, 1K0407272EN, 1K0407272JB, 1K0407272KF, 1K0407272NJ, 1K0407272RB, 1K0407454DX, 1K0407454GX, 1K0407764LX<\/p>\n","protected":false},"excerpt":{"rendered":"<p>RIDEX Vetoakseli 13D0049  VW,AUDI,SKODA,GOLF V 1K1,TOURAN 1T1, 1T2,GOLF VI 5K1,PASSAT Variant 3C5,GOLF PLUS 5M1, 521,PASSAT 3C2,PASSAT Variant 365<\/p>\n","protected":false},"featured_media":0,"template":"","meta":{"site-sidebar-layout":"default","site-content-layout":"default","ast-global-header-display":"","ast-main-header-display":"","ast-hfb-above-header-display":"","ast-hfb-below-header-display":"","ast-hfb-mobile-header-display":"","site-post-title":"","ast-breadcrumbs-content":"","ast-featured-img":"","footer-sml-layout":"","theme-transparent-header-meta":"","adv-header-id-meta":"","stick-header-meta":"","header-above-stick-meta":"","header-main-stick-meta":"","header-below-stick-meta":""},"pwb-brand":[157],"product_cat":[215],"product_tag":[],"class_list":{"0":"post-91067","1":"product","2":"type-product","3":"status-publish","5":"pwb-brand-ridex","6":"product_cat-vetoakseli","7":"desktop-align-left","8":"tablet-align-left","9":"mobile-align-left","11":"first","12":"instock","13":"product-type-external"},"brands":[{"id":157,"name":"RIDEX","slug":"ridex"}],"_links":{"self":[{"href":"https:\/\/www.autonvaraosahaku.fi\/index.php?rest_route=\/wp\/v2\/product\/91067","targetHints":{"allow":["GET"]}}],"collection":[{"href":"https:\/\/www.autonvaraosahaku.fi\/index.php?rest_route=\/wp\/v2\/product"}],"about":[{"href":"https:\/\/www.autonvaraosahaku.fi\/index.php?rest_route=\/wp\/v2\/types\/product"}],"wp:attachment":[{"href":"https:\/\/www.autonvaraosahaku.fi\/index.php?rest_route=%2Fwp%2Fv2%2Fmedia&parent=91067"}],"wp:term":[{"taxonomy":"pwb-brand","embeddable":true,"href":"https:\/\/www.autonvaraosahaku.fi\/index.php?rest_route=%2Fwp%2Fv2%2Fpwb-brand&post=91067"},{"taxonomy":"product_cat","embeddable":true,"href":"https:\/\/www.autonvaraosahaku.fi\/index.php?rest_route=%2Fwp%2Fv2%2Fproduct_cat&post=91067"},{"taxonomy":"product_tag","embeddable":true,"href":"https:\/\/www.autonvaraosahaku.fi\/index.php?rest_route=%2Fwp%2Fv2%2Fproduct_tag&post=91067"}],"curies":[{"name":"wp","href":"https:\/\/api.w.org\/{rel}","templated":true}]}}