{"id":91068,"date":"2021-02-21T21:28:59","date_gmt":"2021-02-21T21:28:59","guid":{"rendered":"https:\/\/www.autonvaraosahaku.fi\/?product=ridex-654w0206-pyoranlaakerit"},"modified":"2021-02-21T21:29:06","modified_gmt":"2021-02-21T21:29:06","slug":"ridex-654w0206-pyoranlaakerit","status":"publish","type":"product","link":"https:\/\/www.autonvaraosahaku.fi\/?product=ridex-654w0206-pyoranlaakerit","title":{"rendered":"RIDEX 654W0206 Py\u00f6r\u00e4nlaakerit"},"content":{"rendered":"<p>Asennuspuoli: Etuakseli, Vasen, Oikea; Sis\u00e4l\u00e4pimitta [mm]: 43; Ulkol\u00e4pimitta [mm]: 79; Leveys (mm): 41; Leveys 2 (mm): 38; Jarru-\/ajodynamiikka: f\u00fcr Fahrzeuge mit ABS; HONDA: CIVIC VII Hatchback EU, EP, EV,CIVIC VI Hatchback EJ, EK,CIVIC VI Fastback MA, MB,CRX III EH, EG,CIVIC VI Aerodeck MB, MC,HR-V GH,CIVIC V Hatchback EG,CIVIC VII Coupe EM2,CIVIC VI Stufenheck EJ, EK,CIVIC VI Coupe EJ, EM1,INTEGRA Coupe DC2, DC4,CIVIC V Coupe EJ,CIVIC VII Stufenheck ES,CIVIC V Stufenheck EG, EH; ROVER: 45 Stufenheck RT,45 RT,400 RT,400 Hatchback RT,400 Tourer XW; MG: MG ZS,MG ZS Hatchback; 44300S04A01, 44300S04A02, 44300S5A004, 44300S5A008, 44300S6DE01, 44300SR3A01, 44300SR3A02, 44300SR3A04, 44300ST3E01, GHK1559, RUD100070; Py\u00f6r\u00e4nlaakerisarja<\/p>\n","protected":false},"excerpt":{"rendered":"<p>RIDEX Py\u00f6r\u00e4nlaakerit 654W0206 Py\u00f6r\u00e4nlaakerisarja HONDA,ROVER,MG,CIVIC VII Hatchback EU, EP, EV,CIVIC VI Hatchback EJ, EK,CIVIC VI Fastback MA, MB<\/p>\n","protected":false},"featured_media":0,"template":"","meta":{"site-sidebar-layout":"default","site-content-layout":"default","ast-global-header-display":"","ast-main-header-display":"","ast-hfb-above-header-display":"","ast-hfb-below-header-display":"","ast-hfb-mobile-header-display":"","site-post-title":"","ast-breadcrumbs-content":"","ast-featured-img":"","footer-sml-layout":"","theme-transparent-header-meta":"","adv-header-id-meta":"","stick-header-meta":"","header-above-stick-meta":"","header-main-stick-meta":"","header-below-stick-meta":""},"pwb-brand":[157],"product_cat":[83],"product_tag":[],"class_list":{"0":"post-91068","1":"product","2":"type-product","3":"status-publish","5":"pwb-brand-ridex","6":"product_cat-pyoranlaakerit","7":"desktop-align-left","8":"tablet-align-left","9":"mobile-align-left","11":"first","12":"instock","13":"product-type-external"},"brands":[{"id":157,"name":"RIDEX","slug":"ridex"}],"_links":{"self":[{"href":"https:\/\/www.autonvaraosahaku.fi\/index.php?rest_route=\/wp\/v2\/product\/91068","targetHints":{"allow":["GET"]}}],"collection":[{"href":"https:\/\/www.autonvaraosahaku.fi\/index.php?rest_route=\/wp\/v2\/product"}],"about":[{"href":"https:\/\/www.autonvaraosahaku.fi\/index.php?rest_route=\/wp\/v2\/types\/product"}],"wp:attachment":[{"href":"https:\/\/www.autonvaraosahaku.fi\/index.php?rest_route=%2Fwp%2Fv2%2Fmedia&parent=91068"}],"wp:term":[{"taxonomy":"pwb-brand","embeddable":true,"href":"https:\/\/www.autonvaraosahaku.fi\/index.php?rest_route=%2Fwp%2Fv2%2Fpwb-brand&post=91068"},{"taxonomy":"product_cat","embeddable":true,"href":"https:\/\/www.autonvaraosahaku.fi\/index.php?rest_route=%2Fwp%2Fv2%2Fproduct_cat&post=91068"},{"taxonomy":"product_tag","embeddable":true,"href":"https:\/\/www.autonvaraosahaku.fi\/index.php?rest_route=%2Fwp%2Fv2%2Fproduct_tag&post=91068"}],"curies":[{"name":"wp","href":"https:\/\/api.w.org\/{rel}","templated":true}]}}