{"id":91102,"date":"2021-02-21T21:29:16","date_gmt":"2021-02-21T21:29:16","guid":{"rendered":"https:\/\/www.autonvaraosahaku.fi\/?product=master-sport-24012501411-pcs-ms-jarrulevyt"},"modified":"2021-02-21T21:29:20","modified_gmt":"2021-02-21T21:29:20","slug":"master-sport-24012501411-pcs-ms-jarrulevyt","status":"publish","type":"product","link":"https:\/\/www.autonvaraosahaku.fi\/?product=master-sport-24012501411-pcs-ms-jarrulevyt","title":{"rendered":"MASTER-SPORT 24012501411-PCS-MS Jarrulevyt"},"content":{"rendered":"<p>L\u00e4pimitta [mm]: 285,0; Jarrulevytyyppi: Tuuletettu; Jarrulevyn paksuus (mm): 24,9; Korkeus (mm): 42,1; Reik\u00e4-\u00d8 [mm]: 14,0; V\u00e4himm\u00e4ispaksuus (mm): 22,0; Sis\u00e4l\u00e4pimitta [mm]: 139,0; Reikien m\u00e4\u00e4r\u00e4: 5; keskitt\u00e4misl\u00e4pimitta [mm]: 70,0; Reik\u00e4ympyr\u00e4-\u00d8 [mm]: 110,0; Reik\u00e4lukum\u00e4\u00e4r\u00e4 2: 7; K\u00e4sittely: hiiliter\u00e4s; Nettopaino [kg]: 6,83; Bruttopaino [kg]: 6,92; Asennuspuoli: Vorderachse; SAAB: 9-3 YS3F,9-3 Kombi YS3F,9-3 Cabriolet YS3F,9-3X; OPEL: VECTRA C Caravan,SIGNUM,VECTRA C,VECTRA C GTS; FIAT: CROMA 194; VAUXHALL: VECTRA Mk II C CC,VECTRA Mk II C Estate,VECTRA Mk II C,SIGNUM; 46836491, 46844071, 51819733, 71772553, 569003, 93171497, 9156807, 93171497; Jarrulevy<\/p>\n","protected":false},"excerpt":{"rendered":"<p>MASTER-SPORT Jarrulevyt 24012501411-PCS-MS Jarrulevy SAAB,OPEL,FIAT,9-3 YS3F,9-3 Kombi YS3F,9-3 Cabriolet YS3F,9-3X,VECTRA C Caravan,SIGNUM,VECTRA C<\/p>\n","protected":false},"featured_media":0,"template":"","meta":{"site-sidebar-layout":"default","site-content-layout":"default","ast-global-header-display":"","ast-main-header-display":"","ast-hfb-above-header-display":"","ast-hfb-below-header-display":"","ast-hfb-mobile-header-display":"","site-post-title":"","ast-breadcrumbs-content":"","ast-featured-img":"","footer-sml-layout":"","theme-transparent-header-meta":"","adv-header-id-meta":"","stick-header-meta":"","header-above-stick-meta":"","header-main-stick-meta":"","header-below-stick-meta":""},"pwb-brand":[61],"product_cat":[66],"product_tag":[],"class_list":{"0":"post-91102","1":"product","2":"type-product","3":"status-publish","5":"pwb-brand-master-sport","6":"product_cat-jarrulevyt","7":"desktop-align-left","8":"tablet-align-left","9":"mobile-align-left","11":"first","12":"instock","13":"product-type-external"},"brands":[{"id":61,"name":"MASTER-SPORT","slug":"master-sport"}],"_links":{"self":[{"href":"https:\/\/www.autonvaraosahaku.fi\/index.php?rest_route=\/wp\/v2\/product\/91102","targetHints":{"allow":["GET"]}}],"collection":[{"href":"https:\/\/www.autonvaraosahaku.fi\/index.php?rest_route=\/wp\/v2\/product"}],"about":[{"href":"https:\/\/www.autonvaraosahaku.fi\/index.php?rest_route=\/wp\/v2\/types\/product"}],"wp:attachment":[{"href":"https:\/\/www.autonvaraosahaku.fi\/index.php?rest_route=%2Fwp%2Fv2%2Fmedia&parent=91102"}],"wp:term":[{"taxonomy":"pwb-brand","embeddable":true,"href":"https:\/\/www.autonvaraosahaku.fi\/index.php?rest_route=%2Fwp%2Fv2%2Fpwb-brand&post=91102"},{"taxonomy":"product_cat","embeddable":true,"href":"https:\/\/www.autonvaraosahaku.fi\/index.php?rest_route=%2Fwp%2Fv2%2Fproduct_cat&post=91102"},{"taxonomy":"product_tag","embeddable":true,"href":"https:\/\/www.autonvaraosahaku.fi\/index.php?rest_route=%2Fwp%2Fv2%2Fproduct_tag&post=91102"}],"curies":[{"name":"wp","href":"https:\/\/api.w.org\/{rel}","templated":true}]}}