{"id":91141,"date":"2021-02-21T21:29:33","date_gmt":"2021-02-21T21:29:33","guid":{"rendered":"https:\/\/www.autonvaraosahaku.fi\/?product=nipparts-j4834003-raidetangon-paa"},"modified":"2021-02-21T21:29:38","modified_gmt":"2021-02-21T21:29:38","slug":"nipparts-j4834003-raidetangon-paa","status":"publish","type":"product","link":"https:\/\/www.autonvaraosahaku.fi\/?product=nipparts-j4834003-raidetangon-paa","title":{"rendered":"NIPPARTS J4834003 Raidetangon p\u00e4\u00e4"},"content":{"rendered":"<p>Pituus (mm): 181; Kierre 1: M10X1,25; kierre 2: M14X1,5; Asennuspuoli: au\u00dfen radseitig; HONDA: CIVIC VII Hatchback EU, EP, EV,CIVIC VI Hatchback EJ, EK,CIVIC VI Fastback MA, MB,CRX III EH, EG,CIVIC VI Aerodeck MB, MC,CR-V I RD,CRX II ED, EE,CIVIC V Hatchback EG,CIVIC VII Coupe EM2,CIVIC IV Hatchback EC, ED, EE,CIVIC VI Stufenheck EJ, EK,CIVIC VI Coupe EJ, EM1,INTEGRA Coupe DC2, DC4,CIVIC V Coupe EJ,CIVIC VII Stufenheck ES,CIVIC V Stufenheck EG, EH,CIVIC IV Stufenheck ED,INTEGRA DC5,CIVIC II Shuttle EE,CIVIC III Stufenheck AM, AK, AU; ROVER: 45 Stufenheck RT,45 RT,400 RT,400 Hatchback RT; 53540S04003, 53540S04013, 53540SO4003, 53540SR0A01, 53540SR3003, 53540ST7003<\/p>\n","protected":false},"excerpt":{"rendered":"<p>NIPPARTS Raidetangon P\u00e4\u00e4 J4834003  HONDA,ROVER,CIVIC VII Hatchback EU, EP, EV,CIVIC VI Hatchback EJ, EK,CIVIC VI Fastback MA, MB,CRX III EH, EG<\/p>\n","protected":false},"featured_media":0,"template":"","meta":{"site-sidebar-layout":"default","site-content-layout":"default","ast-global-header-display":"","ast-main-header-display":"","ast-hfb-above-header-display":"","ast-hfb-below-header-display":"","ast-hfb-mobile-header-display":"","site-post-title":"","ast-breadcrumbs-content":"","ast-featured-img":"","footer-sml-layout":"","theme-transparent-header-meta":"","adv-header-id-meta":"","stick-header-meta":"","header-above-stick-meta":"","header-main-stick-meta":"","header-below-stick-meta":""},"pwb-brand":[335],"product_cat":[96],"product_tag":[],"class_list":{"0":"post-91141","1":"product","2":"type-product","3":"status-publish","5":"pwb-brand-nipparts","6":"product_cat-raidetangon-paa","7":"desktop-align-left","8":"tablet-align-left","9":"mobile-align-left","11":"first","12":"instock","13":"product-type-external"},"brands":[{"id":335,"name":"NIPPARTS","slug":"nipparts"}],"_links":{"self":[{"href":"https:\/\/www.autonvaraosahaku.fi\/index.php?rest_route=\/wp\/v2\/product\/91141","targetHints":{"allow":["GET"]}}],"collection":[{"href":"https:\/\/www.autonvaraosahaku.fi\/index.php?rest_route=\/wp\/v2\/product"}],"about":[{"href":"https:\/\/www.autonvaraosahaku.fi\/index.php?rest_route=\/wp\/v2\/types\/product"}],"wp:attachment":[{"href":"https:\/\/www.autonvaraosahaku.fi\/index.php?rest_route=%2Fwp%2Fv2%2Fmedia&parent=91141"}],"wp:term":[{"taxonomy":"pwb-brand","embeddable":true,"href":"https:\/\/www.autonvaraosahaku.fi\/index.php?rest_route=%2Fwp%2Fv2%2Fpwb-brand&post=91141"},{"taxonomy":"product_cat","embeddable":true,"href":"https:\/\/www.autonvaraosahaku.fi\/index.php?rest_route=%2Fwp%2Fv2%2Fproduct_cat&post=91141"},{"taxonomy":"product_tag","embeddable":true,"href":"https:\/\/www.autonvaraosahaku.fi\/index.php?rest_route=%2Fwp%2Fv2%2Fproduct_tag&post=91141"}],"curies":[{"name":"wp","href":"https:\/\/api.w.org\/{rel}","templated":true}]}}