{"id":91164,"date":"2021-02-21T21:29:41","date_gmt":"2021-02-21T21:29:41","guid":{"rendered":"https:\/\/www.autonvaraosahaku.fi\/?product=ridex-82b0678-jarrulevyt"},"modified":"2021-02-21T21:29:47","modified_gmt":"2021-02-21T21:29:47","slug":"ridex-82b0678-jarrulevyt","status":"publish","type":"product","link":"https:\/\/www.autonvaraosahaku.fi\/?product=ridex-82b0678-jarrulevyt","title":{"rendered":"RIDEX 82B0678 Jarrulevyt"},"content":{"rendered":"<p>Asennuspuoli: Etuakseli; L\u00e4pimitta [mm]: 281; Korkeus (mm): 47,5; Jarrulevytyyppi: Tuuletettu; Jarrulevyn paksuus (mm): 26; V\u00e4himm\u00e4ispaksuus (mm): 24,2; Reikien m\u00e4\u00e4r\u00e4: 10; keskitt\u00e4misl\u00e4pimitta [mm]: 59; Paino [kg]: 6,48; Reik\u00e4ympyr\u00e4-\u00d8 [mm]: 108,0; Sis\u00e4l\u00e4pimitta [mm]: 134,0; Reik\u00e4-\u00d8 [mm]: 14,5; Valmistusvuosi alkaen: 10\/1994; LANCIA: KAPPA 838A,KAPPA SW 838B,KAPPA Coupe 838; ALFA ROMEO: 166 936,164 164; 0060621051, 0060805172, 0060814639, 60576811, 60621051, 60714639, 60814639, 71738909, 71739635, 82480447, 46449390, 71739635, 82480447, 230409; Jarrulevy<\/p>\n","protected":false},"excerpt":{"rendered":"<p>RIDEX Jarrulevyt 82B0678 Jarrulevy LANCIA,ALFA ROMEO,KAPPA 838A,KAPPA SW 838B,KAPPA Coupe 838,166 936,164 164<\/p>\n","protected":false},"featured_media":0,"template":"","meta":{"site-sidebar-layout":"default","site-content-layout":"default","ast-global-header-display":"","ast-main-header-display":"","ast-hfb-above-header-display":"","ast-hfb-below-header-display":"","ast-hfb-mobile-header-display":"","site-post-title":"","ast-breadcrumbs-content":"","ast-featured-img":"","footer-sml-layout":"","theme-transparent-header-meta":"","adv-header-id-meta":"","stick-header-meta":"","header-above-stick-meta":"","header-main-stick-meta":"","header-below-stick-meta":""},"pwb-brand":[157],"product_cat":[66],"product_tag":[],"class_list":{"0":"post-91164","1":"product","2":"type-product","3":"status-publish","5":"pwb-brand-ridex","6":"product_cat-jarrulevyt","7":"desktop-align-left","8":"tablet-align-left","9":"mobile-align-left","11":"first","12":"instock","13":"product-type-external"},"brands":[{"id":157,"name":"RIDEX","slug":"ridex"}],"_links":{"self":[{"href":"https:\/\/www.autonvaraosahaku.fi\/index.php?rest_route=\/wp\/v2\/product\/91164","targetHints":{"allow":["GET"]}}],"collection":[{"href":"https:\/\/www.autonvaraosahaku.fi\/index.php?rest_route=\/wp\/v2\/product"}],"about":[{"href":"https:\/\/www.autonvaraosahaku.fi\/index.php?rest_route=\/wp\/v2\/types\/product"}],"wp:attachment":[{"href":"https:\/\/www.autonvaraosahaku.fi\/index.php?rest_route=%2Fwp%2Fv2%2Fmedia&parent=91164"}],"wp:term":[{"taxonomy":"pwb-brand","embeddable":true,"href":"https:\/\/www.autonvaraosahaku.fi\/index.php?rest_route=%2Fwp%2Fv2%2Fpwb-brand&post=91164"},{"taxonomy":"product_cat","embeddable":true,"href":"https:\/\/www.autonvaraosahaku.fi\/index.php?rest_route=%2Fwp%2Fv2%2Fproduct_cat&post=91164"},{"taxonomy":"product_tag","embeddable":true,"href":"https:\/\/www.autonvaraosahaku.fi\/index.php?rest_route=%2Fwp%2Fv2%2Fproduct_tag&post=91164"}],"curies":[{"name":"wp","href":"https:\/\/api.w.org\/{rel}","templated":true}]}}