{"id":91180,"date":"2021-02-21T21:29:49","date_gmt":"2021-02-21T21:29:49","guid":{"rendered":"https:\/\/www.autonvaraosahaku.fi\/?product=ridex-387v0006-alipainepumppu"},"modified":"2021-02-21T21:29:53","modified_gmt":"2021-02-21T21:29:53","slug":"ridex-387v0006-alipainepumppu","status":"publish","type":"product","link":"https:\/\/www.autonvaraosahaku.fi\/?product=ridex-387v0006-alipainepumppu","title":{"rendered":"RIDEX 387V0006 Alipainepumppu"},"content":{"rendered":"<p>Lis\u00e4tarvike\/lis\u00e4tieto: Tiivisteill\u00e4; K\u00e4ytt\u00f6: Mekaaninen; Valmistusvuosi alkaen: 09\/1985; DAEWOO: MUSSO FJ,KORANDO KJ,KORANDO Cabrio KJ; MERCEDES-BENZ: C-CLASS W202,190 W201,E-CLASS W210,Stufenheck W124,E-CLASS Kombi S210,C-CLASS Kombi S202,KOMBI Kombi S124,E-CLASS W124,G-CLASS W463,VITO Bus 638,S-CLASS W140,E-CLASS Kombi S124,SPRINTER 3-t Kasten 903,SPRINTER 2-t Bus 901, 902,V-CLASS 638\/2,G-CLASS W461,SPRINTER 2-t Kasten 901, 902,SPRINTER 3-t Bus 903,SPRINTER 3-t Pritsche\/Fahrgestell 903,T1 Bus 601,VITO Kasten 638,T1 Pritsche\/Fahrgestell 602,T1 Kasten 602,T1 Pritsche\/Fahrgestell 601,SPRINTER 2-t Pritsche\/Fahrgestell 901, 902,T1 Kasten 601,T1 Bus 602,G-CLASS Cabrio W463; SSANGYONG: MUSSO FJ,KORANDO KJ,KORANDO Cabrio KJ; 0002301765, 0002301965, 0002302865, 0002302965, 0002303065, 0002303165, 0002303465, 0002303565, 6012300165, 6032300065, 6032300165, A0002301765, A0002301965, A0002302865, A0002302965, A0002303065, A0002303165, A0002303465, A0002303565, A6012300165, A6032300065, A6032300165, 0002303165; Alipainepumppu, Jarruj\u00e4rjestelm\u00e4<\/p>\n","protected":false},"excerpt":{"rendered":"<p>RIDEX Alipainepumppu 387V0006 Alipainepumppu, Jarruj\u00e4rjestelm\u00e4 DAEWOO,MERCEDES-BENZ,SSANGYONG,MUSSO FJ,KORANDO KJ,KORANDO Cabrio KJ,C-CLASS W202<\/p>\n","protected":false},"featured_media":0,"template":"","meta":{"site-sidebar-layout":"default","site-content-layout":"default","ast-global-header-display":"","ast-main-header-display":"","ast-hfb-above-header-display":"","ast-hfb-below-header-display":"","ast-hfb-mobile-header-display":"","site-post-title":"","ast-breadcrumbs-content":"","ast-featured-img":"","footer-sml-layout":"","theme-transparent-header-meta":"","adv-header-id-meta":"","stick-header-meta":"","header-above-stick-meta":"","header-main-stick-meta":"","header-below-stick-meta":""},"pwb-brand":[157],"product_cat":[285],"product_tag":[],"class_list":{"0":"post-91180","1":"product","2":"type-product","3":"status-publish","5":"pwb-brand-ridex","6":"product_cat-alipainepumppu","7":"desktop-align-left","8":"tablet-align-left","9":"mobile-align-left","11":"first","12":"instock","13":"product-type-external"},"brands":[{"id":157,"name":"RIDEX","slug":"ridex"}],"_links":{"self":[{"href":"https:\/\/www.autonvaraosahaku.fi\/index.php?rest_route=\/wp\/v2\/product\/91180","targetHints":{"allow":["GET"]}}],"collection":[{"href":"https:\/\/www.autonvaraosahaku.fi\/index.php?rest_route=\/wp\/v2\/product"}],"about":[{"href":"https:\/\/www.autonvaraosahaku.fi\/index.php?rest_route=\/wp\/v2\/types\/product"}],"wp:attachment":[{"href":"https:\/\/www.autonvaraosahaku.fi\/index.php?rest_route=%2Fwp%2Fv2%2Fmedia&parent=91180"}],"wp:term":[{"taxonomy":"pwb-brand","embeddable":true,"href":"https:\/\/www.autonvaraosahaku.fi\/index.php?rest_route=%2Fwp%2Fv2%2Fpwb-brand&post=91180"},{"taxonomy":"product_cat","embeddable":true,"href":"https:\/\/www.autonvaraosahaku.fi\/index.php?rest_route=%2Fwp%2Fv2%2Fproduct_cat&post=91180"},{"taxonomy":"product_tag","embeddable":true,"href":"https:\/\/www.autonvaraosahaku.fi\/index.php?rest_route=%2Fwp%2Fv2%2Fproduct_tag&post=91180"}],"curies":[{"name":"wp","href":"https:\/\/api.w.org\/{rel}","templated":true}]}}