{"id":91182,"date":"2021-02-21T21:29:49","date_gmt":"2021-02-21T21:29:49","guid":{"rendered":"https:\/\/www.autonvaraosahaku.fi\/?product=ridex-191b0037-hammastangon-suojakumi"},"modified":"2021-02-21T21:29:54","modified_gmt":"2021-02-21T21:29:54","slug":"ridex-191b0037-hammastangon-suojakumi","status":"publish","type":"product","link":"https:\/\/www.autonvaraosahaku.fi\/?product=ridex-191b0037-hammastangon-suojakumi","title":{"rendered":"RIDEX 191B0037 Hammastangon suojakumi"},"content":{"rendered":"<p>Korkeus (mm): 207; Sis\u00e4l\u00e4pimitta 1 [mm]: 17; Sis\u00e4l\u00e4pimitta 2 [mm]: 50; MITSUBISHI: PAJERO II V3_W, V2_W, V4_W,PAJERO CLASSIC V2_W,PAJERO III Gel\u00e4ndewagen offen V6_W, V7_W,PAJERO II Canvas Top V2_W, V4_W; MR510271; Paljekumi, Ohjaus<\/p>\n","protected":false},"excerpt":{"rendered":"<p>RIDEX Hammastangon Suojakumi 191B0037 Paljekumi, Ohjaus MITSUBISHI,PAJERO II V3_W, V2_W, V4_W,PAJERO CLASSIC V2_W<\/p>\n","protected":false},"featured_media":0,"template":"","meta":{"site-sidebar-layout":"default","site-content-layout":"default","ast-global-header-display":"","ast-main-header-display":"","ast-hfb-above-header-display":"","ast-hfb-below-header-display":"","ast-hfb-mobile-header-display":"","site-post-title":"","ast-breadcrumbs-content":"","ast-featured-img":"","footer-sml-layout":"","theme-transparent-header-meta":"","adv-header-id-meta":"","stick-header-meta":"","header-above-stick-meta":"","header-main-stick-meta":"","header-below-stick-meta":""},"pwb-brand":[157],"product_cat":[81],"product_tag":[],"class_list":{"0":"post-91182","1":"product","2":"type-product","3":"status-publish","5":"pwb-brand-ridex","6":"product_cat-hammastangon-suojakumi","7":"desktop-align-left","8":"tablet-align-left","9":"mobile-align-left","11":"first","12":"instock","13":"product-type-external"},"brands":[{"id":157,"name":"RIDEX","slug":"ridex"}],"_links":{"self":[{"href":"https:\/\/www.autonvaraosahaku.fi\/index.php?rest_route=\/wp\/v2\/product\/91182","targetHints":{"allow":["GET"]}}],"collection":[{"href":"https:\/\/www.autonvaraosahaku.fi\/index.php?rest_route=\/wp\/v2\/product"}],"about":[{"href":"https:\/\/www.autonvaraosahaku.fi\/index.php?rest_route=\/wp\/v2\/types\/product"}],"wp:attachment":[{"href":"https:\/\/www.autonvaraosahaku.fi\/index.php?rest_route=%2Fwp%2Fv2%2Fmedia&parent=91182"}],"wp:term":[{"taxonomy":"pwb-brand","embeddable":true,"href":"https:\/\/www.autonvaraosahaku.fi\/index.php?rest_route=%2Fwp%2Fv2%2Fpwb-brand&post=91182"},{"taxonomy":"product_cat","embeddable":true,"href":"https:\/\/www.autonvaraosahaku.fi\/index.php?rest_route=%2Fwp%2Fv2%2Fproduct_cat&post=91182"},{"taxonomy":"product_tag","embeddable":true,"href":"https:\/\/www.autonvaraosahaku.fi\/index.php?rest_route=%2Fwp%2Fv2%2Fproduct_tag&post=91182"}],"curies":[{"name":"wp","href":"https:\/\/api.w.org\/{rel}","templated":true}]}}