{"id":91193,"date":"2021-02-21T21:29:57","date_gmt":"2021-02-21T21:29:57","guid":{"rendered":"https:\/\/www.autonvaraosahaku.fi\/?product=ridex-654w0616-pyoranlaakerit"},"modified":"2021-02-21T21:29:59","modified_gmt":"2021-02-21T21:29:59","slug":"ridex-654w0616-pyoranlaakerit","status":"publish","type":"product","link":"https:\/\/www.autonvaraosahaku.fi\/?product=ridex-654w0616-pyoranlaakerit","title":{"rendered":"RIDEX 654W0616 Py\u00f6r\u00e4nlaakerit"},"content":{"rendered":"<p>Sis\u00e4l\u00e4pimitta [mm]: 28; Ulkol\u00e4pimitta [mm]: 77; Kokonaiskorkeus (mm): 61; Kiinnitysreikien lukum\u00e4\u00e4r\u00e4: 4; Kiinnityrreikien et\u00e4isyys [mm]: 71; Hammasluku, ABS-keh\u00e4: 50; Asennuspuoli: Hinterachse; HONDA: CIVIC VI Hatchback EJ, EK,CIVIC VI Fastback MA, MB,CRX III EH, EG,CIVIC V Hatchback EG,CIVIC IV Hatchback EC, ED, EE,CIVIC VI Stufenheck EJ, EK,CIVIC VI Coupe EJ, EM1,CIVIC V Coupe EJ,CIVIC V Stufenheck EG, EH; 42200S04951; Py\u00f6r\u00e4nlaakerisarja<\/p>\n","protected":false},"excerpt":{"rendered":"<p>RIDEX Py\u00f6r\u00e4nlaakerit 654W0616 Py\u00f6r\u00e4nlaakerisarja HONDA,CIVIC VI Hatchback EJ, EK,CIVIC VI Fastback MA, MB,CRX III EH, EG,CIVIC V Hatchback EG<\/p>\n","protected":false},"featured_media":0,"template":"","meta":{"site-sidebar-layout":"default","site-content-layout":"default","ast-global-header-display":"","ast-main-header-display":"","ast-hfb-above-header-display":"","ast-hfb-below-header-display":"","ast-hfb-mobile-header-display":"","site-post-title":"","ast-breadcrumbs-content":"","ast-featured-img":"","footer-sml-layout":"","theme-transparent-header-meta":"","adv-header-id-meta":"","stick-header-meta":"","header-above-stick-meta":"","header-main-stick-meta":"","header-below-stick-meta":""},"pwb-brand":[157],"product_cat":[83],"product_tag":[],"class_list":{"0":"post-91193","1":"product","2":"type-product","3":"status-publish","5":"pwb-brand-ridex","6":"product_cat-pyoranlaakerit","7":"desktop-align-left","8":"tablet-align-left","9":"mobile-align-left","11":"first","12":"instock","13":"product-type-external"},"brands":[{"id":157,"name":"RIDEX","slug":"ridex"}],"_links":{"self":[{"href":"https:\/\/www.autonvaraosahaku.fi\/index.php?rest_route=\/wp\/v2\/product\/91193","targetHints":{"allow":["GET"]}}],"collection":[{"href":"https:\/\/www.autonvaraosahaku.fi\/index.php?rest_route=\/wp\/v2\/product"}],"about":[{"href":"https:\/\/www.autonvaraosahaku.fi\/index.php?rest_route=\/wp\/v2\/types\/product"}],"wp:attachment":[{"href":"https:\/\/www.autonvaraosahaku.fi\/index.php?rest_route=%2Fwp%2Fv2%2Fmedia&parent=91193"}],"wp:term":[{"taxonomy":"pwb-brand","embeddable":true,"href":"https:\/\/www.autonvaraosahaku.fi\/index.php?rest_route=%2Fwp%2Fv2%2Fpwb-brand&post=91193"},{"taxonomy":"product_cat","embeddable":true,"href":"https:\/\/www.autonvaraosahaku.fi\/index.php?rest_route=%2Fwp%2Fv2%2Fproduct_cat&post=91193"},{"taxonomy":"product_tag","embeddable":true,"href":"https:\/\/www.autonvaraosahaku.fi\/index.php?rest_route=%2Fwp%2Fv2%2Fproduct_tag&post=91193"}],"curies":[{"name":"wp","href":"https:\/\/api.w.org\/{rel}","templated":true}]}}