{"id":91214,"date":"2021-02-21T21:30:06","date_gmt":"2021-02-21T21:30:06","guid":{"rendered":"https:\/\/www.autonvaraosahaku.fi\/?product=topran-103-370-pyoranlaakerit"},"modified":"2021-02-21T21:30:08","modified_gmt":"2021-02-21T21:30:08","slug":"topran-103-370-pyoranlaakerit","status":"publish","type":"product","link":"https:\/\/www.autonvaraosahaku.fi\/?product=topran-103-370-pyoranlaakerit","title":{"rendered":"TOPRAN 103 370 Py\u00f6r\u00e4nlaakerit"},"content":{"rendered":"<p>Ulkol\u00e4pimitta [mm]: 40; Sis\u00e4l\u00e4pimitta [mm]: 17,5; Leveys (mm): 15; Lukum\u00e4\u00e4r\u00e4 akselille: 2; Asennuspuoli: Taka-akseli, molemminpuolinen, Ulompi; Jarrut: f\u00fcr Fahrzeuge mit Trommelbremse an der Hinterachse; VW: GOLF III 1H1,POLO 6N1,GOLF II 19E, 1G1,PASSAT Variant 3A5, 35I,POLO 86C, 80,POLO Coupe 86C, 80,PASSAT 3A2, 35I,VENTO 1H2,GOLF I 17,JETTA II 19E, 1G2, 165,PASSAT Variant 32B,POLO CLASSIC 86C, 80,PASSAT 32B,POLO 86,JETTA I 16,PASSAT Variant 33; AUDI: 80 89, 89Q, 8A, B3,80 81, 85, B2,90 89, 89Q, 8A, B3,80 80, 82, B1,90 81, 85, B2; SEAT: AROSA 6H,IBIZA II 6K1,CORDOBA 6K1, 6K2,CORDOBA Vario 6K1,TOLEDO I 1L; 311405645, 3114056451, 5U0405645, 311405645, 3114056451, 5U0405645, 311405645, 3114056451, 5U0405645<\/p>\n","protected":false},"excerpt":{"rendered":"<p>TOPRAN Py\u00f6r\u00e4nlaakeri 103 370  VW,AUDI,SEAT,GOLF III 1H1,POLO 6N1,GOLF II 19E, 1G1,PASSAT Variant 3A5, 35I,POLO 86C, 80,POLO Coupe 86C, 80<\/p>\n","protected":false},"featured_media":0,"template":"","meta":{"site-sidebar-layout":"default","site-content-layout":"default","ast-global-header-display":"","ast-main-header-display":"","ast-hfb-above-header-display":"","ast-hfb-below-header-display":"","ast-hfb-mobile-header-display":"","site-post-title":"","ast-breadcrumbs-content":"","ast-featured-img":"","footer-sml-layout":"","theme-transparent-header-meta":"","adv-header-id-meta":"","stick-header-meta":"","header-above-stick-meta":"","header-main-stick-meta":"","header-below-stick-meta":""},"pwb-brand":[18],"product_cat":[83],"product_tag":[],"class_list":{"0":"post-91214","1":"product","2":"type-product","3":"status-publish","5":"pwb-brand-topran","6":"product_cat-pyoranlaakerit","7":"desktop-align-left","8":"tablet-align-left","9":"mobile-align-left","11":"first","12":"instock","13":"product-type-external"},"brands":[{"id":18,"name":"TOPRAN","slug":"topran"}],"_links":{"self":[{"href":"https:\/\/www.autonvaraosahaku.fi\/index.php?rest_route=\/wp\/v2\/product\/91214","targetHints":{"allow":["GET"]}}],"collection":[{"href":"https:\/\/www.autonvaraosahaku.fi\/index.php?rest_route=\/wp\/v2\/product"}],"about":[{"href":"https:\/\/www.autonvaraosahaku.fi\/index.php?rest_route=\/wp\/v2\/types\/product"}],"wp:attachment":[{"href":"https:\/\/www.autonvaraosahaku.fi\/index.php?rest_route=%2Fwp%2Fv2%2Fmedia&parent=91214"}],"wp:term":[{"taxonomy":"pwb-brand","embeddable":true,"href":"https:\/\/www.autonvaraosahaku.fi\/index.php?rest_route=%2Fwp%2Fv2%2Fpwb-brand&post=91214"},{"taxonomy":"product_cat","embeddable":true,"href":"https:\/\/www.autonvaraosahaku.fi\/index.php?rest_route=%2Fwp%2Fv2%2Fproduct_cat&post=91214"},{"taxonomy":"product_tag","embeddable":true,"href":"https:\/\/www.autonvaraosahaku.fi\/index.php?rest_route=%2Fwp%2Fv2%2Fproduct_tag&post=91214"}],"curies":[{"name":"wp","href":"https:\/\/api.w.org\/{rel}","templated":true}]}}