{"id":91224,"date":"2021-02-21T21:30:06","date_gmt":"2021-02-21T21:30:06","guid":{"rendered":"https:\/\/www.autonvaraosahaku.fi\/?product=ridex-3940t0011-kaasulapan-asentotunnistin"},"modified":"2021-02-21T21:30:11","modified_gmt":"2021-02-21T21:30:11","slug":"ridex-3940t0011-kaasulapan-asentotunnistin","status":"publish","type":"product","link":"https:\/\/www.autonvaraosahaku.fi\/?product=ridex-3940t0011-kaasulapan-asentotunnistin","title":{"rendered":"RIDEX 3940T0011 Kaasul\u00e4p\u00e4n asentotunnistin"},"content":{"rendered":"<p>Pituus (mm): 75; Leveys (mm): 50; Korkeus (mm): 75; Paino [kg]: 0.04; Py\u00f6rimissuunta: Py\u00f6rimissuunta vastap\u00e4iv\u00e4\u00e4n; Napojen m\u00e4\u00e4r\u00e4: 3; Pistokkeen kotelon muoto: suorakulmainen (rectangular); LAND ROVER: FREELANDER LN,FREELANDER Soft Top; ROVER: 75 RJ,MINI,75 Tourer RJ,25 RF,200 RF,45 Stufenheck RT,600 RH,45 RT,400 RT,CABRIOLET XW,400 Hatchback RT,STREETWISE,800 XS,200 Hatchback XW,MINI Cabriolet XN,200 Coupe XW,800 Hatchback XS,400 Tourer XW,800 Coupe,400 XW,100 Cabriolet XP,COUPE; FORD: SIERRA GBG, GB4,SCORPIO II GFR, GGR,SIERRA Schr\u00e4gheck GBC, GBG,SCORPIO I GAE, GGE,TRANSIT Bus MK-4 E_ _,SCORPIO II Kombi GNR, GGR,SCORPIO I Stufenheck GGE,SIERRA Kombi BNG,SCORPIO I Kombi GGE; MG: MGF RD,MG TF,MG ZR,MG ZT- T,MG ZS,MG ZT,MG ZS Hatchback; 5028499, 6145039, 6162877, 6185106, 6444052, 6590860, 6854780, 86TF9B989AC, 86TF9B989AD, 90TF9B989AA, 90TF9B989BA, SLD100080L, JZX3491, MHB101440, SLD100080, E1586; Kaasul\u00e4p\u00e4n Anturi,Tunnistin, Kaasul\u00e4pp\u00e4<\/p>\n","protected":false},"excerpt":{"rendered":"<p>RIDEX Kaasul\u00e4p\u00e4n Asentotunnistin 3940T0011 Kaasul\u00e4p\u00e4n Anturi,Tunnistin, Kaasul\u00e4pp\u00e4 LAND ROVER,ROVER,FORD,FREELANDER LN,FREELANDER Soft Top,75 RJ,MINI<\/p>\n","protected":false},"featured_media":0,"template":"","meta":{"site-sidebar-layout":"default","site-content-layout":"default","ast-global-header-display":"","ast-main-header-display":"","ast-hfb-above-header-display":"","ast-hfb-below-header-display":"","ast-hfb-mobile-header-display":"","site-post-title":"","ast-breadcrumbs-content":"","ast-featured-img":"","footer-sml-layout":"","theme-transparent-header-meta":"","adv-header-id-meta":"","stick-header-meta":"","header-above-stick-meta":"","header-main-stick-meta":"","header-below-stick-meta":""},"pwb-brand":[157],"product_cat":[465],"product_tag":[],"class_list":{"0":"post-91224","1":"product","2":"type-product","3":"status-publish","5":"pwb-brand-ridex","6":"product_cat-kaasulapan-asentotunnistin","7":"desktop-align-left","8":"tablet-align-left","9":"mobile-align-left","11":"first","12":"instock","13":"product-type-external"},"brands":[{"id":157,"name":"RIDEX","slug":"ridex"}],"_links":{"self":[{"href":"https:\/\/www.autonvaraosahaku.fi\/index.php?rest_route=\/wp\/v2\/product\/91224","targetHints":{"allow":["GET"]}}],"collection":[{"href":"https:\/\/www.autonvaraosahaku.fi\/index.php?rest_route=\/wp\/v2\/product"}],"about":[{"href":"https:\/\/www.autonvaraosahaku.fi\/index.php?rest_route=\/wp\/v2\/types\/product"}],"wp:attachment":[{"href":"https:\/\/www.autonvaraosahaku.fi\/index.php?rest_route=%2Fwp%2Fv2%2Fmedia&parent=91224"}],"wp:term":[{"taxonomy":"pwb-brand","embeddable":true,"href":"https:\/\/www.autonvaraosahaku.fi\/index.php?rest_route=%2Fwp%2Fv2%2Fpwb-brand&post=91224"},{"taxonomy":"product_cat","embeddable":true,"href":"https:\/\/www.autonvaraosahaku.fi\/index.php?rest_route=%2Fwp%2Fv2%2Fproduct_cat&post=91224"},{"taxonomy":"product_tag","embeddable":true,"href":"https:\/\/www.autonvaraosahaku.fi\/index.php?rest_route=%2Fwp%2Fv2%2Fproduct_tag&post=91224"}],"curies":[{"name":"wp","href":"https:\/\/api.w.org\/{rel}","templated":true}]}}