{"id":91232,"date":"2021-02-21T21:30:14","date_gmt":"2021-02-21T21:30:14","guid":{"rendered":"https:\/\/www.autonvaraosahaku.fi\/?product=ashika-33-00-023-jaahdyttimen-korkki"},"modified":"2021-02-21T21:30:15","modified_gmt":"2021-02-21T21:30:15","slug":"ashika-33-00-023-jaahdyttimen-korkki","status":"publish","type":"product","link":"https:\/\/www.autonvaraosahaku.fi\/?product=ashika-33-00-023-jaahdyttimen-korkki","title":{"rendered":"ASHIKA 33-00-023 J\u00e4\u00e4hdyttimen korkki"},"content":{"rendered":"<p>Paine (bar): 1,4; Valmistusvuosi alkaen: 07\/1993; VW: GOLF V 1K1,PASSAT Variant 3C5,GOLF PLUS 5M1, 521,PASSAT 3C2,CADDY III Kombi 2KB, 2KJ, 2CB, 2CJ,PASSAT Variant 3A5, 35I,CADDY III Kasten 2KA, 2KH, 2CA, 2CH,TRANSPORTER V Kasten 7HA, 7HH, 7EA, 7EH,CRAFTER 30-50 Kasten 2E_,TRANSPORTER V Pritsche\/Fahrgestell 7JD, 7JE, 7JL, 7JY, 7JZ,,CRAFTER 30-50 Pritsche\/Fahrgestell 2F_; AUDI: A3 8P1,A3 Sportback 8PA,A4 Avant 8ED, B7,A4 8EC, B7; MAZDA: 6 GG,RX 8 SE17,B-SERIE UN,626 IV GE,626 III Hatchback GD,E-SERIE Kasten SR2,B-SERIE UF; JEEP: COMPASS MK49; DAEWOO: TOSCA; SKODA: FABIA; CHEVROLET: AVEO Schr\u00e4gheck T250, T255,CORVETTE Convertible C6; MERCEDES-BENZ: E-CLASS W211,C-CLASS T-Model S203; KIA: CARENS III UN; LEXUS: RX MHU3_, GSU3_, MCU3_; 1306E4, 1306J5, 9638001280, 16470YV011; Korkki, J\u00e4\u00e4hdytin<\/p>\n","protected":false},"excerpt":{"rendered":"<p>ASHIKA J\u00e4\u00e4hdyttimen Korkki 33-00-023 Korkki, J\u00e4\u00e4hdytin VW,AUDI,MAZDA,GOLF V 1K1,PASSAT Variant 3C5,GOLF PLUS 5M1, 521,PASSAT 3C2<\/p>\n","protected":false},"featured_media":0,"template":"","meta":{"site-sidebar-layout":"default","site-content-layout":"default","ast-global-header-display":"","ast-main-header-display":"","ast-hfb-above-header-display":"","ast-hfb-below-header-display":"","ast-hfb-mobile-header-display":"","site-post-title":"","ast-breadcrumbs-content":"","ast-featured-img":"","footer-sml-layout":"","theme-transparent-header-meta":"","adv-header-id-meta":"","stick-header-meta":"","header-above-stick-meta":"","header-main-stick-meta":"","header-below-stick-meta":""},"pwb-brand":[102],"product_cat":[173],"product_tag":[],"class_list":{"0":"post-91232","1":"product","2":"type-product","3":"status-publish","5":"pwb-brand-ashika","6":"product_cat-jaahdyttimen-korkki","7":"desktop-align-left","8":"tablet-align-left","9":"mobile-align-left","11":"first","12":"instock","13":"product-type-external"},"brands":[{"id":102,"name":"ASHIKA","slug":"ashika"}],"_links":{"self":[{"href":"https:\/\/www.autonvaraosahaku.fi\/index.php?rest_route=\/wp\/v2\/product\/91232","targetHints":{"allow":["GET"]}}],"collection":[{"href":"https:\/\/www.autonvaraosahaku.fi\/index.php?rest_route=\/wp\/v2\/product"}],"about":[{"href":"https:\/\/www.autonvaraosahaku.fi\/index.php?rest_route=\/wp\/v2\/types\/product"}],"wp:attachment":[{"href":"https:\/\/www.autonvaraosahaku.fi\/index.php?rest_route=%2Fwp%2Fv2%2Fmedia&parent=91232"}],"wp:term":[{"taxonomy":"pwb-brand","embeddable":true,"href":"https:\/\/www.autonvaraosahaku.fi\/index.php?rest_route=%2Fwp%2Fv2%2Fpwb-brand&post=91232"},{"taxonomy":"product_cat","embeddable":true,"href":"https:\/\/www.autonvaraosahaku.fi\/index.php?rest_route=%2Fwp%2Fv2%2Fproduct_cat&post=91232"},{"taxonomy":"product_tag","embeddable":true,"href":"https:\/\/www.autonvaraosahaku.fi\/index.php?rest_route=%2Fwp%2Fv2%2Fproduct_tag&post=91232"}],"curies":[{"name":"wp","href":"https:\/\/api.w.org\/{rel}","templated":true}]}}