{"id":91234,"date":"2021-02-21T21:30:14","date_gmt":"2021-02-21T21:30:14","guid":{"rendered":"https:\/\/www.autonvaraosahaku.fi\/?product=nipparts-j1317003-oljynsuodatin"},"modified":"2021-02-21T21:30:16","modified_gmt":"2021-02-21T21:30:16","slug":"nipparts-j1317003-oljynsuodatin","status":"publish","type":"product","link":"https:\/\/www.autonvaraosahaku.fi\/?product=nipparts-j1317003-oljynsuodatin","title":{"rendered":"NIPPARTS J1317003 \u00d6ljynsuodatin"},"content":{"rendered":"<p>Suodatintyyppi: Ruuvattava suodatin, Ruuvattava suodatin; Korkeus (mm): 75; Ulkol\u00e4pimitta [mm]: 80; L\u00e4pimitta 2 [mm]: 62; Kierre 1: M20x1.5; Sis\u00e4l\u00e4pimitta 2 [mm]: 48,0; Avauspaine ohitusventtiili [bar]: 1,0; Suositellun erikoisty\u00f6kalun tuotenumero: OCS 1; Valmistusvuoteen: 11\/2010; MAZDA: MX-5 II NB,6 Kombi GH,323 F VI BJ,6 Schr\u00e4gheck GH,626 V Hatchback GF,6 GH,MPV II LW,626 V GF,323 P V BA,FAMILIA VI BJ,B-SERIE UN,323 C IV BG,FAMILIA IV BF,FAMILIA V BA,FAMILIA V BG8,323 III Hatchback BF,626 III GD,FAMILIA IV BG,626 III Hatchback GD,626 II GC,626 II Hatchback GC,929 III HC,323 III BF,B-SERIE UF,929 II Coupe HB,323 III Station Wagon BW,323 II Hatchback BD,323 I FA,323 II BD,929 II HB,929 I LA,929 II Kombi HV; NISSAN: X-TRAIL T32,SENTRA B17; KIA: SORENTO I JC,CEE&#8217;D SW ED,CEE&#8217;D Schr\u00e4gheck ED,SPORTAGE JE_, KM_,VENGA YN,SORENTO II XM,CARENS II FJ,RIO III UB,RIO II JB,CARENS III UN,CARNIVAL II GQ,CARNIVAL \/ GRAND CARNIVAL III VQ,PRO CEE&#8217;D ED,CARENS IV,SOUL AM,CERATO LD,MAGENTIS GD,MAGENTIS MG,PRO CEE\u00b4D JD,OPIRUS GH,SPORTAGE K00,CERATO Stufenheck LD,RIO II Stufenheck JB,OPTIMA,JOICE,RIO III Stufenheck UB,CARNIVAL I UP,SPORTAGE QL,SOUL II PS,NIRO,OPTIMA Sportswagon; HONDA: CIVIC VII Coupe EM2; HYUNDAI: ix35 LM, EL, ELH,i30 FD,GETZ TB,i20 PB, PBT,TUCSON JM,i30 CW FD,i40 CW VF,SANTA F\u00c9 I SM,SANTA F\u00c9 II CM,i30 GD,ix20 JC,MATRIX FC,TERRACAN HP,COUPE GK,TRAJET FO,SONATA V NF,GALLOPER II JK-01,i30 Coupe,SONATA IV EF,GENESIS Coupe,ACCENT II LC,COUPE RD,VELOSTER FS,i40 VF,H-1 Kasten,ACCENT III MC,H-1 \/ STAREX,ELANTRA XD,ACCENT III Stufenheck MC,ELANTRA Stufenheck XD,ACCENT I X-3,ACCENT II Stufenheck LC,XG XG,LANTRA II Wagon J-2,LANTRA II J-2,SANTAMO,ACCENT Stufenheck X-3,SONATA III Y-3,GALLOPER I,PONY X-2,LANTRA I J-1,TUCSON,S COUPE SLC,ELANTRA Stufenheck MD, UD,H100 Bus P,H100 Kasten,SONATA VI YF,ELANTRA Stufenheck HD,PONY \/ EXCEL Stufenheck X-2,SONATA II Y-2,ACCENT IV Stufenheck RB,i30 PDE,IONIQ AE,GRANDEUR HG,i30 Kombi PDE,PONY,KONA OS,i30 FASTBACK PDE,PONY Stufenheck X-1,STELLAR F31_, SF2_,ELANTRA Stufenheck AD,PONY Wagon; OPEL: CAMPO TF_,MONTEREY A UBS_; SUBARU: SVX CX; MITSUBISHI: LANCER Stufenheck CY\/Z_A,L 200 KB_T, KA_T,PAJERO SPORT K90,3000 GT Z16A,GALANT V Stufenheck E5_A, E7_A, E8_A,GALANT V E5_A, E7_A, E8_A; ISUZU: TROOPER UBS,TROOPER Soft Top UBS,MIDI Bus 94000, 98000,MIDI Kasten 98000N,MIDI Van 94000, 98000; 0RF0323802A, 0RF0323802B, 2360035500, 2630011100, 2630021000, 2630021010, 2630021A00, 2630035004, 2630035014, 2630035054, 2630035056, 2630035156, 2630035500, 2630035501, 2630035502, 2630035502BR, 2630035503, 2630035503BR, 2630035504, 2630035505, 2630035A00, 263003E010, 2632035502, ORF0323802B, RF0323802, RF0323802A, RF0323802B, S2630033504, S2630035501, S2630035502, S2630035503, S2630035504, S2630035505<\/p>\n","protected":false},"excerpt":{"rendered":"<p>NIPPARTS \u00d6ljynsuodatin J1317003  MAZDA,NISSAN,KIA,MX-5 II NB,6 Kombi GH,323 F VI BJ,6 Schr\u00e4gheck GH,626 V Hatchback GF,6 GH,MPV II LW,626 V GF<\/p>\n","protected":false},"featured_media":0,"template":"","meta":{"site-sidebar-layout":"default","site-content-layout":"default","ast-global-header-display":"","ast-main-header-display":"","ast-hfb-above-header-display":"","ast-hfb-below-header-display":"","ast-hfb-mobile-header-display":"","site-post-title":"","ast-breadcrumbs-content":"","ast-featured-img":"","footer-sml-layout":"","theme-transparent-header-meta":"","adv-header-id-meta":"","stick-header-meta":"","header-above-stick-meta":"","header-main-stick-meta":"","header-below-stick-meta":""},"pwb-brand":[335],"product_cat":[30],"product_tag":[],"class_list":{"0":"post-91234","1":"product","2":"type-product","3":"status-publish","5":"pwb-brand-nipparts","6":"product_cat-oljynsuodatin","7":"desktop-align-left","8":"tablet-align-left","9":"mobile-align-left","11":"first","12":"instock","13":"product-type-external"},"brands":[{"id":335,"name":"NIPPARTS","slug":"nipparts"}],"_links":{"self":[{"href":"https:\/\/www.autonvaraosahaku.fi\/index.php?rest_route=\/wp\/v2\/product\/91234","targetHints":{"allow":["GET"]}}],"collection":[{"href":"https:\/\/www.autonvaraosahaku.fi\/index.php?rest_route=\/wp\/v2\/product"}],"about":[{"href":"https:\/\/www.autonvaraosahaku.fi\/index.php?rest_route=\/wp\/v2\/types\/product"}],"wp:attachment":[{"href":"https:\/\/www.autonvaraosahaku.fi\/index.php?rest_route=%2Fwp%2Fv2%2Fmedia&parent=91234"}],"wp:term":[{"taxonomy":"pwb-brand","embeddable":true,"href":"https:\/\/www.autonvaraosahaku.fi\/index.php?rest_route=%2Fwp%2Fv2%2Fpwb-brand&post=91234"},{"taxonomy":"product_cat","embeddable":true,"href":"https:\/\/www.autonvaraosahaku.fi\/index.php?rest_route=%2Fwp%2Fv2%2Fproduct_cat&post=91234"},{"taxonomy":"product_tag","embeddable":true,"href":"https:\/\/www.autonvaraosahaku.fi\/index.php?rest_route=%2Fwp%2Fv2%2Fproduct_tag&post=91234"}],"curies":[{"name":"wp","href":"https:\/\/api.w.org\/{rel}","templated":true}]}}