{"id":91242,"date":"2021-02-21T21:30:14","date_gmt":"2021-02-21T21:30:14","guid":{"rendered":"https:\/\/www.autonvaraosahaku.fi\/?product=mahle-original-014-ps-20800-000-muut-luokat"},"modified":"2021-02-21T21:30:19","modified_gmt":"2021-02-21T21:30:19","slug":"mahle-original-014-ps-20800-000-muut-luokat","status":"publish","type":"product","link":"https:\/\/www.autonvaraosahaku.fi\/?product=mahle-original-014-ps-20800-000-muut-luokat","title":{"rendered":"MAHLE ORIGINAL 014 PS 20800 000 Muut luokat"},"content":{"rendered":"<p>Komponenttinumero: 014PL20799000; Lakkeriv\u00e4lykselle alkaen [mm]: 0,018; Laakeriv\u00e4lykseen [mm]: 0,074; Kotelol\u00e4pimitalle alkaen [mm]: 50,025; Kotelol\u00e4pimittaan [mm]: 50,045; Leveys alkaen [mm]: 16,64; Leveys enint\u00e4\u00e4n [mm]: 16,89; sein\u00e4paksuudelle alkaen [mm]: 1,496; Sein\u00e4n paksuus: 1,504; Akselil\u00e4pimitalle v\u00e4h. [mm]: 46,979; Akselil\u00e4pimittaan [mm]: 47,0; Moottorinumero: LF-DE; MAZDA: 5 CR19,3 BK,6 Station Wagon GY,6 Kombi GH,PREMACY CP,6 Hatchback GG,6 GG,3 BL,5 CW,MX-5 III NC,6 Schr\u00e4gheck GH,3 Stufenheck BK,6 GH,3 Stufenheck BL,BONGO TRUCK Pritsche\/Fahrgestell; VOLVO: V50 MW,V70 III BW,C30,S40 II MS,S80 II AS; FORD: FIESTA V JH_, JD_,MONDEO III Kombi BWY,FOCUS II Kombi DA_,MONDEO IV Turnier BA7,FOCUS II DA_,S-MAX WA6,FOCUS C-MAX,GALAXY WA6,MONDEO III B5Y,C-MAX DM2,MONDEO IV BA7,MONDEO III Stufenheck B4Y,FOCUS II Stufenheck DA_,FOCUS II Cabriolet,MONDEO IV Stufenheck BA7; MORGAN: PLUS FOUR,ROADSTER Cabriolet; 1S7G6211, 3S7G6211, LFY111SE0A, LFY111SEOA<\/p>\n","protected":false},"excerpt":{"rendered":"<p>MAHLE ORIGINAL Kiertokankilaakerisarja 014 PS 20800 000  MAZDA,VOLVO,FORD,5 CR19,3 BK,6 Station Wagon GY,6 Kombi GH,PREMACY CP,6 Hatchback GG,6 GG<\/p>\n","protected":false},"featured_media":0,"template":"","meta":{"site-sidebar-layout":"default","site-content-layout":"default","ast-global-header-display":"","ast-main-header-display":"","ast-hfb-above-header-display":"","ast-hfb-below-header-display":"","ast-hfb-mobile-header-display":"","site-post-title":"","ast-breadcrumbs-content":"","ast-featured-img":"","footer-sml-layout":"","theme-transparent-header-meta":"","adv-header-id-meta":"","stick-header-meta":"","header-above-stick-meta":"","header-main-stick-meta":"","header-below-stick-meta":""},"pwb-brand":[153],"product_cat":[37],"product_tag":[],"class_list":{"0":"post-91242","1":"product","2":"type-product","3":"status-publish","5":"pwb-brand-mahle-original","6":"product_cat-muut-luokat","7":"desktop-align-left","8":"tablet-align-left","9":"mobile-align-left","11":"first","12":"instock","13":"product-type-external"},"brands":[{"id":153,"name":"MAHLE ORIGINAL","slug":"mahle-original"}],"_links":{"self":[{"href":"https:\/\/www.autonvaraosahaku.fi\/index.php?rest_route=\/wp\/v2\/product\/91242","targetHints":{"allow":["GET"]}}],"collection":[{"href":"https:\/\/www.autonvaraosahaku.fi\/index.php?rest_route=\/wp\/v2\/product"}],"about":[{"href":"https:\/\/www.autonvaraosahaku.fi\/index.php?rest_route=\/wp\/v2\/types\/product"}],"wp:attachment":[{"href":"https:\/\/www.autonvaraosahaku.fi\/index.php?rest_route=%2Fwp%2Fv2%2Fmedia&parent=91242"}],"wp:term":[{"taxonomy":"pwb-brand","embeddable":true,"href":"https:\/\/www.autonvaraosahaku.fi\/index.php?rest_route=%2Fwp%2Fv2%2Fpwb-brand&post=91242"},{"taxonomy":"product_cat","embeddable":true,"href":"https:\/\/www.autonvaraosahaku.fi\/index.php?rest_route=%2Fwp%2Fv2%2Fproduct_cat&post=91242"},{"taxonomy":"product_tag","embeddable":true,"href":"https:\/\/www.autonvaraosahaku.fi\/index.php?rest_route=%2Fwp%2Fv2%2Fproduct_tag&post=91242"}],"curies":[{"name":"wp","href":"https:\/\/api.w.org\/{rel}","templated":true}]}}