{"id":91252,"date":"2021-02-21T21:30:22","date_gmt":"2021-02-21T21:30:22","guid":{"rendered":"https:\/\/www.autonvaraosahaku.fi\/?product=ridex-854s0136-iskunvaimennin"},"modified":"2021-02-21T21:30:24","modified_gmt":"2021-02-21T21:30:24","slug":"ridex-854s0136-iskunvaimennin","status":"publish","type":"product","link":"https:\/\/www.autonvaraosahaku.fi\/?product=ridex-854s0136-iskunvaimennin","title":{"rendered":"RIDEX 854S0136 Iskunvaimennin"},"content":{"rendered":"<p>Iskunvaimennin tyyppi: \u00d6ljypaine; Iskunvaimennin malli: Joustintuki; Iskunvaimennusj\u00e4rjestelm\u00e4: Kaksiputki; Pituus (mm): 490; Pituus 2 (mm): 337; Asennuspuoli: Etuakseli, Vorderachse; FORD: ESCORT VII GAL, AAL, ABL,ESCORT VII Cabriolet ALL,ESCORT VII Stufenheck GAL, AFL,ESCORT CLASSIC AAL, ABL,ESCORT CLASSIC Turnier ANL; 1010258, 1010262, 1010263, 1015789, 1015791, 1015792, 1309077, 1309078, 1309079, 5031011, 5031012, 5031013, 5031014, 5031015, 5031016, 5031017, 5031018, 5031019, 5031020, 5031021, 7379679, 7379683, 7379684, 7399371, 7399373, 7399375, 7399376, 7399377, 7399378, 7399379, 7399380, 95AB18045ED, 95AB18045EE, 95AB18045HD, 95AB18045HE, 95AB18045JD, 95AB18045JF, 95AB18045KD, 95AB18045KE, 95AB18045LA, 95AB18045LB, 95AB18045PA, 95AB18045RA, 95AB18048JE, 95AX18045EE, 95AX18045HE, 95AX18045JE, 95AX18045JF, 95AX18045LB, 95AX18045RA, 7700789513; Iskarit,Iskunvaimennin<\/p>\n","protected":false},"excerpt":{"rendered":"<p>RIDEX Iskunvaimentimet 854S0136 Iskarit,Iskunvaimennin FORD,ESCORT VII GAL, AAL, ABL,ESCORT VII Cabriolet ALL,ESCORT VII Stufenheck GAL, AFL<\/p>\n","protected":false},"featured_media":0,"template":"","meta":{"site-sidebar-layout":"default","site-content-layout":"default","ast-global-header-display":"","ast-main-header-display":"","ast-hfb-above-header-display":"","ast-hfb-below-header-display":"","ast-hfb-mobile-header-display":"","site-post-title":"","ast-breadcrumbs-content":"","ast-featured-img":"","footer-sml-layout":"","theme-transparent-header-meta":"","adv-header-id-meta":"","stick-header-meta":"","header-above-stick-meta":"","header-main-stick-meta":"","header-below-stick-meta":""},"pwb-brand":[157],"product_cat":[80],"product_tag":[],"class_list":{"0":"post-91252","1":"product","2":"type-product","3":"status-publish","5":"pwb-brand-ridex","6":"product_cat-iskunvaimennin","7":"desktop-align-left","8":"tablet-align-left","9":"mobile-align-left","11":"first","12":"instock","13":"product-type-external"},"brands":[{"id":157,"name":"RIDEX","slug":"ridex"}],"_links":{"self":[{"href":"https:\/\/www.autonvaraosahaku.fi\/index.php?rest_route=\/wp\/v2\/product\/91252","targetHints":{"allow":["GET"]}}],"collection":[{"href":"https:\/\/www.autonvaraosahaku.fi\/index.php?rest_route=\/wp\/v2\/product"}],"about":[{"href":"https:\/\/www.autonvaraosahaku.fi\/index.php?rest_route=\/wp\/v2\/types\/product"}],"wp:attachment":[{"href":"https:\/\/www.autonvaraosahaku.fi\/index.php?rest_route=%2Fwp%2Fv2%2Fmedia&parent=91252"}],"wp:term":[{"taxonomy":"pwb-brand","embeddable":true,"href":"https:\/\/www.autonvaraosahaku.fi\/index.php?rest_route=%2Fwp%2Fv2%2Fpwb-brand&post=91252"},{"taxonomy":"product_cat","embeddable":true,"href":"https:\/\/www.autonvaraosahaku.fi\/index.php?rest_route=%2Fwp%2Fv2%2Fproduct_cat&post=91252"},{"taxonomy":"product_tag","embeddable":true,"href":"https:\/\/www.autonvaraosahaku.fi\/index.php?rest_route=%2Fwp%2Fv2%2Fproduct_tag&post=91252"}],"curies":[{"name":"wp","href":"https:\/\/api.w.org\/{rel}","templated":true}]}}