{"id":91253,"date":"2021-02-21T21:30:22","date_gmt":"2021-02-21T21:30:22","guid":{"rendered":"https:\/\/www.autonvaraosahaku.fi\/?product=ridex-854s0298-iskunvaimennin"},"modified":"2021-02-21T21:30:24","modified_gmt":"2021-02-21T21:30:24","slug":"ridex-854s0298-iskunvaimennin","status":"publish","type":"product","link":"https:\/\/www.autonvaraosahaku.fi\/?product=ridex-854s0298-iskunvaimennin","title":{"rendered":"RIDEX 854S0298 Iskunvaimennin"},"content":{"rendered":"<p>Iskunvaimennusj\u00e4rjestelm\u00e4: Kaksiputki; Iskunvaimennin tyyppi: Kaasupaine; Iskunvaimennin asennustapa: Tappi ylh\u00e4\u00e4ll\u00e4, Silmukka alhaalla; parilliset tuotenumerot: SKSA-0130426; Asennuspuoli: Taka-akseli, Hinterachse; suurin pituus [mm]: 637; v\u00e4h. pituus [mm]: 389; MAZDA: TRIBUTE EP; FORD: MAVERICK; 1L8418080HAA, 1L8418080HBA, 1L8418080HCA, 3L8418080HDA, 3L8418080HEA, 4096329, 4132754, 4170722, 4181032, 4342189, 4387380, 4531090, 4531093, E11228700D, E11428700F, E11528700D, E11628700B, EC0128700K, EC0628700E, YL8418080AJ, YL8418080CF, YL8418080HBA, YL8Z18125AA, E11228700D, E11428700F, E11528700D, E11628700B, EC0128700K, EC0128700M, EC0628700E, YL8418080AJ, YL8418080CF, YL8Z18125AA; Iskarit,Iskunvaimennin<\/p>\n","protected":false},"excerpt":{"rendered":"<p>RIDEX Iskunvaimentimet 854S0298 Iskarit,Iskunvaimennin MAZDA,FORD,TRIBUTE EP,MAVERICK<\/p>\n","protected":false},"featured_media":0,"template":"","meta":{"site-sidebar-layout":"default","site-content-layout":"default","ast-global-header-display":"","ast-main-header-display":"","ast-hfb-above-header-display":"","ast-hfb-below-header-display":"","ast-hfb-mobile-header-display":"","site-post-title":"","ast-breadcrumbs-content":"","ast-featured-img":"","footer-sml-layout":"","theme-transparent-header-meta":"","adv-header-id-meta":"","stick-header-meta":"","header-above-stick-meta":"","header-main-stick-meta":"","header-below-stick-meta":""},"pwb-brand":[157],"product_cat":[80],"product_tag":[],"class_list":{"0":"post-91253","1":"product","2":"type-product","3":"status-publish","5":"pwb-brand-ridex","6":"product_cat-iskunvaimennin","7":"desktop-align-left","8":"tablet-align-left","9":"mobile-align-left","11":"first","12":"instock","13":"product-type-external"},"brands":[{"id":157,"name":"RIDEX","slug":"ridex"}],"_links":{"self":[{"href":"https:\/\/www.autonvaraosahaku.fi\/index.php?rest_route=\/wp\/v2\/product\/91253","targetHints":{"allow":["GET"]}}],"collection":[{"href":"https:\/\/www.autonvaraosahaku.fi\/index.php?rest_route=\/wp\/v2\/product"}],"about":[{"href":"https:\/\/www.autonvaraosahaku.fi\/index.php?rest_route=\/wp\/v2\/types\/product"}],"wp:attachment":[{"href":"https:\/\/www.autonvaraosahaku.fi\/index.php?rest_route=%2Fwp%2Fv2%2Fmedia&parent=91253"}],"wp:term":[{"taxonomy":"pwb-brand","embeddable":true,"href":"https:\/\/www.autonvaraosahaku.fi\/index.php?rest_route=%2Fwp%2Fv2%2Fpwb-brand&post=91253"},{"taxonomy":"product_cat","embeddable":true,"href":"https:\/\/www.autonvaraosahaku.fi\/index.php?rest_route=%2Fwp%2Fv2%2Fproduct_cat&post=91253"},{"taxonomy":"product_tag","embeddable":true,"href":"https:\/\/www.autonvaraosahaku.fi\/index.php?rest_route=%2Fwp%2Fv2%2Fproduct_tag&post=91253"}],"curies":[{"name":"wp","href":"https:\/\/api.w.org\/{rel}","templated":true}]}}