{"id":91277,"date":"2021-02-21T21:30:31","date_gmt":"2021-02-21T21:30:31","guid":{"rendered":"https:\/\/www.autonvaraosahaku.fi\/?product=ridex-448c0017-ilmastoinnin-lauhdutin"},"modified":"2021-02-21T21:30:34","modified_gmt":"2021-02-21T21:30:34","slug":"ridex-448c0017-ilmastoinnin-lauhdutin","status":"publish","type":"product","link":"https:\/\/www.autonvaraosahaku.fi\/?product=ridex-448c0017-ilmastoinnin-lauhdutin","title":{"rendered":"RIDEX 448C0017 Ilmastoinnin lauhdutin"},"content":{"rendered":"<p>Korvaava tuote\/korvaava tiedote 2: ilman vedenerotinta; Materiaali: Alumiini; Paksuus [mm]: 16; Leveys (mm): 410; Korkeus (mm): 610; Kylm\u00e4aine: R 134a; Sis\u00e4\u00e4ntulol\u00e4pimitta [mm]: 11,8; Ulostulon l\u00e4pimitta [mm]: 8,6; OPEL: VECTRA C Caravan,SIGNUM,VECTRA C,VECTRA B 36_,VECTRA C GTS,VECTRA B Caravan 31_,VECTRA B CC 38_; FIAT: CROMA 194; VAUXHALL: VECTRA Mk II C CC,VECTRA Mk II C Estate,VECTRA Mk II C,SIGNUM; 51779945, 71740472, 13101840, 13114943, 1850077, 1850080, 1850083, 1850095, 24418363, 24418364, 13101840, 13114943, 1850077, 1850083, 1850095, 24418363, 24418364; Lauhdutin, Ilmastointilaite<\/p>\n","protected":false},"excerpt":{"rendered":"<p>RIDEX Ilmastoinnin Lauhdutin 448C0017 Lauhdutin, Ilmastointilaite OPEL,FIAT,VAUXHALL,VECTRA C Caravan,SIGNUM,VECTRA C,VECTRA B 36_,VECTRA C GTS<\/p>\n","protected":false},"featured_media":0,"template":"","meta":{"site-sidebar-layout":"default","site-content-layout":"default","ast-global-header-display":"","ast-main-header-display":"","ast-hfb-above-header-display":"","ast-hfb-below-header-display":"","ast-hfb-mobile-header-display":"","site-post-title":"","ast-breadcrumbs-content":"","ast-featured-img":"","footer-sml-layout":"","theme-transparent-header-meta":"","adv-header-id-meta":"","stick-header-meta":"","header-above-stick-meta":"","header-main-stick-meta":"","header-below-stick-meta":""},"pwb-brand":[157],"product_cat":[453],"product_tag":[],"class_list":{"0":"post-91277","1":"product","2":"type-product","3":"status-publish","5":"pwb-brand-ridex","6":"product_cat-ilmastoinnin-lauhdutin","7":"desktop-align-left","8":"tablet-align-left","9":"mobile-align-left","11":"first","12":"instock","13":"product-type-external"},"brands":[{"id":157,"name":"RIDEX","slug":"ridex"}],"_links":{"self":[{"href":"https:\/\/www.autonvaraosahaku.fi\/index.php?rest_route=\/wp\/v2\/product\/91277","targetHints":{"allow":["GET"]}}],"collection":[{"href":"https:\/\/www.autonvaraosahaku.fi\/index.php?rest_route=\/wp\/v2\/product"}],"about":[{"href":"https:\/\/www.autonvaraosahaku.fi\/index.php?rest_route=\/wp\/v2\/types\/product"}],"wp:attachment":[{"href":"https:\/\/www.autonvaraosahaku.fi\/index.php?rest_route=%2Fwp%2Fv2%2Fmedia&parent=91277"}],"wp:term":[{"taxonomy":"pwb-brand","embeddable":true,"href":"https:\/\/www.autonvaraosahaku.fi\/index.php?rest_route=%2Fwp%2Fv2%2Fpwb-brand&post=91277"},{"taxonomy":"product_cat","embeddable":true,"href":"https:\/\/www.autonvaraosahaku.fi\/index.php?rest_route=%2Fwp%2Fv2%2Fproduct_cat&post=91277"},{"taxonomy":"product_tag","embeddable":true,"href":"https:\/\/www.autonvaraosahaku.fi\/index.php?rest_route=%2Fwp%2Fv2%2Fproduct_tag&post=91277"}],"curies":[{"name":"wp","href":"https:\/\/api.w.org\/{rel}","templated":true}]}}