{"id":91282,"date":"2021-02-21T21:30:31","date_gmt":"2021-02-21T21:30:31","guid":{"rendered":"https:\/\/www.autonvaraosahaku.fi\/?product=ridex-467h0004-lammityslaitteen-kenno"},"modified":"2021-02-21T21:30:35","modified_gmt":"2021-02-21T21:30:35","slug":"ridex-467h0004-lammityslaitteen-kenno","status":"publish","type":"product","link":"https:\/\/www.autonvaraosahaku.fi\/?product=ridex-467h0004-lammityslaitteen-kenno","title":{"rendered":"RIDEX 467H0004 L\u00e4mmityslaitteen kenno"},"content":{"rendered":"<p>Vaihteistomalli: K\u00e4si- \/ lis\u00e4varuste autom. vaihteisto; Varusteet: ajoneuvoille ilmastointilaitteella tai ilman; Kennon mitat: 300 X 195 X 42; Sis\u00e4\u00e4ntulol\u00e4pimitta [mm]: 18; Ulostulon l\u00e4pimitta [mm]: 18; FIAT: DUCATO Kasten 244,DUCATO Pritsche\/Fahrgestell 244,DUCATO Bus 244, Z_; CITRO\u00cbN: JUMPER Kasten 244,JUMPER Bus 244, Z_,JUMPER Pritsche\/Fahrgestell 244; PEUGEOT: BOXER Kasten 244,BOXER Bus 244, Z_,BOXER Pritsche\/Fahrgestell 244; 46722710, 46722710, 46722710; L\u00e4mmityskenno<\/p>\n","protected":false},"excerpt":{"rendered":"<p>RIDEX L\u00e4mmityslaitteen Kenno 467H0004 L\u00e4mmityskenno FIAT,CITRO\u00cbN,PEUGEOT,DUCATO Kasten 244,DUCATO Pritsche\/Fahrgestell 244,DUCATO Bus 244, Z_<\/p>\n","protected":false},"featured_media":0,"template":"","meta":{"site-sidebar-layout":"default","site-content-layout":"default","ast-global-header-display":"","ast-main-header-display":"","ast-hfb-above-header-display":"","ast-hfb-below-header-display":"","ast-hfb-mobile-header-display":"","site-post-title":"","ast-breadcrumbs-content":"","ast-featured-img":"","footer-sml-layout":"","theme-transparent-header-meta":"","adv-header-id-meta":"","stick-header-meta":"","header-above-stick-meta":"","header-main-stick-meta":"","header-below-stick-meta":""},"pwb-brand":[157],"product_cat":[292],"product_tag":[],"class_list":{"0":"post-91282","1":"product","2":"type-product","3":"status-publish","5":"pwb-brand-ridex","6":"product_cat-lammityslaitteen-kenno","7":"desktop-align-left","8":"tablet-align-left","9":"mobile-align-left","11":"first","12":"instock","13":"product-type-external"},"brands":[{"id":157,"name":"RIDEX","slug":"ridex"}],"_links":{"self":[{"href":"https:\/\/www.autonvaraosahaku.fi\/index.php?rest_route=\/wp\/v2\/product\/91282","targetHints":{"allow":["GET"]}}],"collection":[{"href":"https:\/\/www.autonvaraosahaku.fi\/index.php?rest_route=\/wp\/v2\/product"}],"about":[{"href":"https:\/\/www.autonvaraosahaku.fi\/index.php?rest_route=\/wp\/v2\/types\/product"}],"wp:attachment":[{"href":"https:\/\/www.autonvaraosahaku.fi\/index.php?rest_route=%2Fwp%2Fv2%2Fmedia&parent=91282"}],"wp:term":[{"taxonomy":"pwb-brand","embeddable":true,"href":"https:\/\/www.autonvaraosahaku.fi\/index.php?rest_route=%2Fwp%2Fv2%2Fpwb-brand&post=91282"},{"taxonomy":"product_cat","embeddable":true,"href":"https:\/\/www.autonvaraosahaku.fi\/index.php?rest_route=%2Fwp%2Fv2%2Fproduct_cat&post=91282"},{"taxonomy":"product_tag","embeddable":true,"href":"https:\/\/www.autonvaraosahaku.fi\/index.php?rest_route=%2Fwp%2Fv2%2Fproduct_tag&post=91282"}],"curies":[{"name":"wp","href":"https:\/\/api.w.org\/{rel}","templated":true}]}}