{"id":91291,"date":"2021-02-21T21:30:39","date_gmt":"2021-02-21T21:30:39","guid":{"rendered":"https:\/\/www.autonvaraosahaku.fi\/?product=nipparts-j1338000-polttoainesuodatin"},"modified":"2021-02-21T21:30:39","modified_gmt":"2021-02-21T21:30:39","slug":"nipparts-j1338000-polttoainesuodatin","status":"publish","type":"product","link":"https:\/\/www.autonvaraosahaku.fi\/?product=nipparts-j1338000-polttoainesuodatin","title":{"rendered":"NIPPARTS J1338000 Polttoainesuodatin"},"content":{"rendered":"<p>Suodatintyyppi: Letkusuodatin; Korkeus (mm): 78; Ulkol\u00e4pimitta [mm]: 60; Sis\u00e4\u00e4ntulol\u00e4pimitta [mm]: 6; Ulostulon l\u00e4pimitta [mm]: 6; OE-numerolle: 1541063400; SUZUKI: SJ 413,LJ 80,SJ 410 Cabrio,SJ 410,ALTO SS80,CARRY Kasten ST90V,CARRY Pick-up FD,CARRY Kasten; 1541063400, 1541063401, 1541078401, 1541079100<\/p>\n","protected":false},"excerpt":{"rendered":"<p>NIPPARTS Polttoainesuodatin J1338000  SUZUKI,SJ 413,LJ 80,SJ 410 Cabrio,SJ 410,ALTO SS80,CARRY Kasten ST90V,CARRY Pick-up FD,CARRY Kasten<\/p>\n","protected":false},"featured_media":0,"template":"","meta":{"site-sidebar-layout":"default","site-content-layout":"default","ast-global-header-display":"","ast-main-header-display":"","ast-hfb-above-header-display":"","ast-hfb-below-header-display":"","ast-hfb-mobile-header-display":"","site-post-title":"","ast-breadcrumbs-content":"","ast-featured-img":"","footer-sml-layout":"","theme-transparent-header-meta":"","adv-header-id-meta":"","stick-header-meta":"","header-above-stick-meta":"","header-main-stick-meta":"","header-below-stick-meta":""},"pwb-brand":[335],"product_cat":[29],"product_tag":[],"class_list":{"0":"post-91291","1":"product","2":"type-product","3":"status-publish","5":"pwb-brand-nipparts","6":"product_cat-polttoainesuodatin","7":"desktop-align-left","8":"tablet-align-left","9":"mobile-align-left","11":"first","12":"instock","13":"product-type-external"},"brands":[{"id":335,"name":"NIPPARTS","slug":"nipparts"}],"_links":{"self":[{"href":"https:\/\/www.autonvaraosahaku.fi\/index.php?rest_route=\/wp\/v2\/product\/91291","targetHints":{"allow":["GET"]}}],"collection":[{"href":"https:\/\/www.autonvaraosahaku.fi\/index.php?rest_route=\/wp\/v2\/product"}],"about":[{"href":"https:\/\/www.autonvaraosahaku.fi\/index.php?rest_route=\/wp\/v2\/types\/product"}],"wp:attachment":[{"href":"https:\/\/www.autonvaraosahaku.fi\/index.php?rest_route=%2Fwp%2Fv2%2Fmedia&parent=91291"}],"wp:term":[{"taxonomy":"pwb-brand","embeddable":true,"href":"https:\/\/www.autonvaraosahaku.fi\/index.php?rest_route=%2Fwp%2Fv2%2Fpwb-brand&post=91291"},{"taxonomy":"product_cat","embeddable":true,"href":"https:\/\/www.autonvaraosahaku.fi\/index.php?rest_route=%2Fwp%2Fv2%2Fproduct_cat&post=91291"},{"taxonomy":"product_tag","embeddable":true,"href":"https:\/\/www.autonvaraosahaku.fi\/index.php?rest_route=%2Fwp%2Fv2%2Fproduct_tag&post=91291"}],"curies":[{"name":"wp","href":"https:\/\/api.w.org\/{rel}","templated":true}]}}