{"id":91294,"date":"2021-02-21T21:30:39","date_gmt":"2021-02-21T21:30:39","guid":{"rendered":"https:\/\/www.autonvaraosahaku.fi\/?product=a-b-s-230228-raidetangon-paa"},"modified":"2021-02-21T21:30:40","modified_gmt":"2021-02-21T21:30:40","slug":"a-b-s-230228-raidetangon-paa","status":"publish","type":"product","link":"https:\/\/www.autonvaraosahaku.fi\/?product=a-b-s-230228-raidetangon-paa","title":{"rendered":"A.B.S. 230228 Raidetangon p\u00e4\u00e4"},"content":{"rendered":"<p>Asennuspuoli: Edess\u00e4, links; Kierremitta: FM14X1.5 RHT; Kartiomitta (mm): 16,6; Pituus (mm): 150; Paino [kg]: 0,49; MERCEDES-BENZ: E-CLASS W210,E-CLASS Kombi S210; 2103380515, A2103380515<\/p>\n","protected":false},"excerpt":{"rendered":"<p>A.B.S. Raidetangon P\u00e4\u00e4 230228  MERCEDES-BENZ,E-CLASS W210,E-CLASS Kombi S210<\/p>\n","protected":false},"featured_media":0,"template":"","meta":{"site-sidebar-layout":"default","site-content-layout":"default","ast-global-header-display":"","ast-main-header-display":"","ast-hfb-above-header-display":"","ast-hfb-below-header-display":"","ast-hfb-mobile-header-display":"","site-post-title":"","ast-breadcrumbs-content":"","ast-featured-img":"","footer-sml-layout":"","theme-transparent-header-meta":"","adv-header-id-meta":"","stick-header-meta":"","header-above-stick-meta":"","header-main-stick-meta":"","header-below-stick-meta":""},"pwb-brand":[326],"product_cat":[96],"product_tag":[],"class_list":{"0":"post-91294","1":"product","2":"type-product","3":"status-publish","5":"pwb-brand-a-b-s","6":"product_cat-raidetangon-paa","7":"desktop-align-left","8":"tablet-align-left","9":"mobile-align-left","11":"first","12":"instock","13":"product-type-external"},"brands":[{"id":326,"name":"A.B.S.","slug":"a-b-s"}],"_links":{"self":[{"href":"https:\/\/www.autonvaraosahaku.fi\/index.php?rest_route=\/wp\/v2\/product\/91294","targetHints":{"allow":["GET"]}}],"collection":[{"href":"https:\/\/www.autonvaraosahaku.fi\/index.php?rest_route=\/wp\/v2\/product"}],"about":[{"href":"https:\/\/www.autonvaraosahaku.fi\/index.php?rest_route=\/wp\/v2\/types\/product"}],"wp:attachment":[{"href":"https:\/\/www.autonvaraosahaku.fi\/index.php?rest_route=%2Fwp%2Fv2%2Fmedia&parent=91294"}],"wp:term":[{"taxonomy":"pwb-brand","embeddable":true,"href":"https:\/\/www.autonvaraosahaku.fi\/index.php?rest_route=%2Fwp%2Fv2%2Fpwb-brand&post=91294"},{"taxonomy":"product_cat","embeddable":true,"href":"https:\/\/www.autonvaraosahaku.fi\/index.php?rest_route=%2Fwp%2Fv2%2Fproduct_cat&post=91294"},{"taxonomy":"product_tag","embeddable":true,"href":"https:\/\/www.autonvaraosahaku.fi\/index.php?rest_route=%2Fwp%2Fv2%2Fproduct_tag&post=91294"}],"curies":[{"name":"wp","href":"https:\/\/api.w.org\/{rel}","templated":true}]}}