{"id":91297,"date":"2021-02-21T21:30:39","date_gmt":"2021-02-21T21:30:39","guid":{"rendered":"https:\/\/www.autonvaraosahaku.fi\/?product=topran-207-989-alatukivarsi"},"modified":"2021-02-21T21:30:41","modified_gmt":"2021-02-21T21:30:41","slug":"topran-207-989-alatukivarsi","status":"publish","type":"product","link":"https:\/\/www.autonvaraosahaku.fi\/?product=topran-207-989-alatukivarsi","title":{"rendered":"TOPRAN 207 989 Alatukivarsi"},"content":{"rendered":"<p>Ohjausmalli: Poikittaistukivarsi; Asennuspuoli: Taka-akseli, molemminpuolinen, Yl\u00e4puolella; Lukum\u00e4\u00e4r\u00e4 akselille: 2; Materiaali: Ter\u00e4slevy; Korvaava tuote\/korvaava tiedote 2: Kumilaakerilla; Pinta: musta, lakattu; Moottorinumero: L34\/C2.0SEL; OPEL: VECTRA B 36_,VECTRA B Caravan 31_,VECTRA B CC 38_; VAUXHALL: VECTRA B CC,VECTRA B Estate,VECTRA B; 0423021, 0423026, 423021, 423026, 90498651, 90538916; Tukivarsi,Tukivarsi, Py\u00f6r\u00e4ntuenta<\/p>\n","protected":false},"excerpt":{"rendered":"<p>TOPRAN Alatukivarsi 207 989 Tukivarsi,Tukivarsi, Py\u00f6r\u00e4ntuenta OPEL,VAUXHALL,VECTRA B 36_,VECTRA B Caravan 31_,VECTRA B CC 38_,VECTRA B CC<\/p>\n","protected":false},"featured_media":0,"template":"","meta":{"site-sidebar-layout":"default","site-content-layout":"default","ast-global-header-display":"","ast-main-header-display":"","ast-hfb-above-header-display":"","ast-hfb-below-header-display":"","ast-hfb-mobile-header-display":"","site-post-title":"","ast-breadcrumbs-content":"","ast-featured-img":"","footer-sml-layout":"","theme-transparent-header-meta":"","adv-header-id-meta":"","stick-header-meta":"","header-above-stick-meta":"","header-main-stick-meta":"","header-below-stick-meta":""},"pwb-brand":[18],"product_cat":[62],"product_tag":[],"class_list":{"0":"post-91297","1":"product","2":"type-product","3":"status-publish","5":"pwb-brand-topran","6":"product_cat-alatukivarsi","7":"desktop-align-left","8":"tablet-align-left","9":"mobile-align-left","11":"first","12":"instock","13":"product-type-external"},"brands":[{"id":18,"name":"TOPRAN","slug":"topran"}],"_links":{"self":[{"href":"https:\/\/www.autonvaraosahaku.fi\/index.php?rest_route=\/wp\/v2\/product\/91297","targetHints":{"allow":["GET"]}}],"collection":[{"href":"https:\/\/www.autonvaraosahaku.fi\/index.php?rest_route=\/wp\/v2\/product"}],"about":[{"href":"https:\/\/www.autonvaraosahaku.fi\/index.php?rest_route=\/wp\/v2\/types\/product"}],"wp:attachment":[{"href":"https:\/\/www.autonvaraosahaku.fi\/index.php?rest_route=%2Fwp%2Fv2%2Fmedia&parent=91297"}],"wp:term":[{"taxonomy":"pwb-brand","embeddable":true,"href":"https:\/\/www.autonvaraosahaku.fi\/index.php?rest_route=%2Fwp%2Fv2%2Fpwb-brand&post=91297"},{"taxonomy":"product_cat","embeddable":true,"href":"https:\/\/www.autonvaraosahaku.fi\/index.php?rest_route=%2Fwp%2Fv2%2Fproduct_cat&post=91297"},{"taxonomy":"product_tag","embeddable":true,"href":"https:\/\/www.autonvaraosahaku.fi\/index.php?rest_route=%2Fwp%2Fv2%2Fproduct_tag&post=91297"}],"curies":[{"name":"wp","href":"https:\/\/api.w.org\/{rel}","templated":true}]}}