{"id":91307,"date":"2021-02-21T21:30:39","date_gmt":"2021-02-21T21:30:39","guid":{"rendered":"https:\/\/www.autonvaraosahaku.fi\/?product=topran-303-999-alapallonivel"},"modified":"2021-02-21T21:30:45","modified_gmt":"2021-02-21T21:30:45","slug":"topran-303-999-alapallonivel","status":"publish","type":"product","link":"https:\/\/www.autonvaraosahaku.fi\/?product=topran-303-999-alapallonivel","title":{"rendered":"TOPRAN 303 999 Alapallonivel"},"content":{"rendered":"<p>Ohjausmalli: Poikittaistukivarrelle; Asennuspuoli: etuakseli molemminpuoleinen; Lis\u00e4tarvike\/lis\u00e4tieto: Asennusmateriaalilla; Lukum\u00e4\u00e4r\u00e4 akselille: 2; lis\u00e4tieto: t+; Vuosimalliin: 2011; FORD: MONDEO IV Turnier BA7,S-MAX WA6,GALAXY WA6,MONDEO IV BA7,MONDEO IV Stufenheck BA7; VOLVO: V60,S80 II AS,S60 II; 1507181S1, 31317661S1, 31317662S1; Pallonivel<\/p>\n","protected":false},"excerpt":{"rendered":"<p>TOPRAN Alapallonivel 303 999 Pallonivel FORD,VOLVO,MONDEO IV Turnier BA7,S-MAX WA6,GALAXY WA6,MONDEO IV BA7,MONDEO IV Stufenheck BA7,V60,S80 II AS<\/p>\n","protected":false},"featured_media":0,"template":"","meta":{"site-sidebar-layout":"default","site-content-layout":"default","ast-global-header-display":"","ast-main-header-display":"","ast-hfb-above-header-display":"","ast-hfb-below-header-display":"","ast-hfb-mobile-header-display":"","site-post-title":"","ast-breadcrumbs-content":"","ast-featured-img":"","footer-sml-layout":"","theme-transparent-header-meta":"","adv-header-id-meta":"","stick-header-meta":"","header-above-stick-meta":"","header-main-stick-meta":"","header-below-stick-meta":""},"pwb-brand":[18],"product_cat":[93],"product_tag":[],"class_list":{"0":"post-91307","1":"product","2":"type-product","3":"status-publish","5":"pwb-brand-topran","6":"product_cat-alapallonivel","7":"desktop-align-left","8":"tablet-align-left","9":"mobile-align-left","11":"first","12":"instock","13":"product-type-external"},"brands":[{"id":18,"name":"TOPRAN","slug":"topran"}],"_links":{"self":[{"href":"https:\/\/www.autonvaraosahaku.fi\/index.php?rest_route=\/wp\/v2\/product\/91307","targetHints":{"allow":["GET"]}}],"collection":[{"href":"https:\/\/www.autonvaraosahaku.fi\/index.php?rest_route=\/wp\/v2\/product"}],"about":[{"href":"https:\/\/www.autonvaraosahaku.fi\/index.php?rest_route=\/wp\/v2\/types\/product"}],"wp:attachment":[{"href":"https:\/\/www.autonvaraosahaku.fi\/index.php?rest_route=%2Fwp%2Fv2%2Fmedia&parent=91307"}],"wp:term":[{"taxonomy":"pwb-brand","embeddable":true,"href":"https:\/\/www.autonvaraosahaku.fi\/index.php?rest_route=%2Fwp%2Fv2%2Fpwb-brand&post=91307"},{"taxonomy":"product_cat","embeddable":true,"href":"https:\/\/www.autonvaraosahaku.fi\/index.php?rest_route=%2Fwp%2Fv2%2Fproduct_cat&post=91307"},{"taxonomy":"product_tag","embeddable":true,"href":"https:\/\/www.autonvaraosahaku.fi\/index.php?rest_route=%2Fwp%2Fv2%2Fproduct_tag&post=91307"}],"curies":[{"name":"wp","href":"https:\/\/api.w.org\/{rel}","templated":true}]}}