{"id":91316,"date":"2021-02-21T21:30:47","date_gmt":"2021-02-21T21:30:47","guid":{"rendered":"https:\/\/www.autonvaraosahaku.fi\/?product=ridex-124c0123-kasijarruvaijeri"},"modified":"2021-02-21T21:30:49","modified_gmt":"2021-02-21T21:30:49","slug":"ridex-124c0123-kasijarruvaijeri","status":"publish","type":"product","link":"https:\/\/www.autonvaraosahaku.fi\/?product=ridex-124c0123-kasijarruvaijeri","title":{"rendered":"RIDEX 124C0123 K\u00e4sijarruvaijeri"},"content":{"rendered":"<p>Asennuspuoli: Takana, hinten rechts; Jarrutyyppi: Levyjarru; Pituus 1 \/ pituus 2: 1812\/1640; Tarvittava kappalem\u00e4\u00e4r\u00e4: 2; AUDI: A4 8D2, B5,A4 Avant 8D5, B5; 8D0609721AA, 8D0609721H; Jarruvaijeri,Vaijeri, K\u00e4sijarru<\/p>\n","protected":false},"excerpt":{"rendered":"<p>RIDEX K\u00e4sijarruvaijeri 124C0123 Jarruvaijeri,Vaijeri, K\u00e4sijarru AUDI,A4 8D2, B5,A4 Avant 8D5, B5<\/p>\n","protected":false},"featured_media":0,"template":"","meta":{"site-sidebar-layout":"default","site-content-layout":"default","ast-global-header-display":"","ast-main-header-display":"","ast-hfb-above-header-display":"","ast-hfb-below-header-display":"","ast-hfb-mobile-header-display":"","site-post-title":"","ast-breadcrumbs-content":"","ast-featured-img":"","footer-sml-layout":"","theme-transparent-header-meta":"","adv-header-id-meta":"","stick-header-meta":"","header-above-stick-meta":"","header-main-stick-meta":"","header-below-stick-meta":""},"pwb-brand":[157],"product_cat":[210],"product_tag":[],"class_list":{"0":"post-91316","1":"product","2":"type-product","3":"status-publish","5":"pwb-brand-ridex","6":"product_cat-kasijarruvaijeri","7":"desktop-align-left","8":"tablet-align-left","9":"mobile-align-left","11":"first","12":"instock","13":"product-type-external"},"brands":[{"id":157,"name":"RIDEX","slug":"ridex"}],"_links":{"self":[{"href":"https:\/\/www.autonvaraosahaku.fi\/index.php?rest_route=\/wp\/v2\/product\/91316","targetHints":{"allow":["GET"]}}],"collection":[{"href":"https:\/\/www.autonvaraosahaku.fi\/index.php?rest_route=\/wp\/v2\/product"}],"about":[{"href":"https:\/\/www.autonvaraosahaku.fi\/index.php?rest_route=\/wp\/v2\/types\/product"}],"wp:attachment":[{"href":"https:\/\/www.autonvaraosahaku.fi\/index.php?rest_route=%2Fwp%2Fv2%2Fmedia&parent=91316"}],"wp:term":[{"taxonomy":"pwb-brand","embeddable":true,"href":"https:\/\/www.autonvaraosahaku.fi\/index.php?rest_route=%2Fwp%2Fv2%2Fpwb-brand&post=91316"},{"taxonomy":"product_cat","embeddable":true,"href":"https:\/\/www.autonvaraosahaku.fi\/index.php?rest_route=%2Fwp%2Fv2%2Fproduct_cat&post=91316"},{"taxonomy":"product_tag","embeddable":true,"href":"https:\/\/www.autonvaraosahaku.fi\/index.php?rest_route=%2Fwp%2Fv2%2Fproduct_tag&post=91316"}],"curies":[{"name":"wp","href":"https:\/\/api.w.org\/{rel}","templated":true}]}}