{"id":91320,"date":"2021-02-21T21:30:47","date_gmt":"2021-02-21T21:30:47","guid":{"rendered":"https:\/\/www.autonvaraosahaku.fi\/?product=topran-115-284-muut-luokat"},"modified":"2021-02-21T21:30:51","modified_gmt":"2021-02-21T21:30:51","slug":"topran-115-284-muut-luokat","status":"publish","type":"product","link":"https:\/\/www.autonvaraosahaku.fi\/?product=topran-115-284-muut-luokat","title":{"rendered":"TOPRAN 115 284 Muut luokat"},"content":{"rendered":"<p>Korvaava tuote\/korvaava tiedote 2: Tarvittaessa lyhenn\u00e4 pyyhkij\u00e4nkumi, f\u00fcr Frontscheibenreinigung; M\u00e4\u00e4r\u00e4yksikk\u00f6: Sarja; M\u00e4\u00e4r\u00e4: 2; Valmistajarajoitus: BOSCH AERO, SWF\/VALEO AERO; Pituus 2 (mm): 600; Pituus 1 (mm): 600; VW: GOLF IV 1J1,PASSAT Variant 3B6,TRANSPORTER IV Bus 70XB, 70XC, 7DB, 7DW,LUPO 6X1, 6E1,GOLF III 1H1,GOLF IV Variant 1J5,SHARAN 7M8, 7M9, 7M6,POLO 6N2,POLO 6N1,GOLF II 19E, 1G1,PASSAT Variant 3B5,PASSAT Variant 3A5, 35I,BORA 1J2,PASSAT 3B2,TRANSPORTER IV Kasten 70XA,NEW BEETLE 9C1, 1C1,PASSAT 3B3,BORA Kombi 1J6,GOLF III Variant 1H5,TRANSPORTER III Bus,POLO 86C, 80,POLO Coupe 86C, 80,NEW BEETLE Cabriolet 1Y7,PASSAT 3A2, 35I,TRANSPORTER IV Pritsche\/Fahrgestell 70XD,VENTO 1H2,LT 28-35 I Kasten 281-363,GOLF I 17,LT 28-35 I Bus 281-363,JETTA II 19E, 1G2, 165,PASSAT Variant 32B,TRANSPORTER III Kasten,POLO CLASSIC 86C, 80,LT 28-35 I Pritsche\/Fahrgestell 281-363,TRANSPORTER III Pritsche\/Fahrgestell,PASSAT 32B,POLO 86,JETTA I 16,POLO Stufenheck 9N4,PASSAT Variant 33; AUDI: A3 8L1,A4 8D2, B5,A4 Avant 8ED, B7,A4 Avant 8E5, B6,A6 Avant 4B5, C5,A4 Avant 8D5, B5,A4 8E2, B6,80 8C, B4,A6 4B2, C5,80 89, 89Q, 8A, B3,TT 8N3,100 4A, C4,A8 4D2, 4D8,80 Avant 8C, B4,100 44, 44Q, C3,TT Roadster 8N9,A6 Avant 4A, C4,A6 4A, C4,80 81, 85, B2,100 Avant 4A, C4,90 89, 89Q, 8A, B3,80 80, 82, B1,90 81, 85, B2,100 43, C2; BMW: 3 E46,5 E39,3 Touring E46,5 Touring E39,3 Compact E46,3 Coupe E46,3 Compact E36,3 E36,X5 E53,3 Cabriolet E46,7 E38,3 Coupe E36,Z3 E36,Z4 E85,5 E34,3 Cabriolet E36,3 Touring E36,7 E32,5 Touring E34,5 E28,3 E21,Z3 Coupe E36,Z4 Coupe E86,7 E23,5 E12; SKODA: FABIA Combi 6Y5,FABIA 6Y2,OCTAVIA Combi 1U5,OCTAVIA 1U2,FABIA Stufenheck 6Y3,FABIA Praktik; SEAT: LEON 1M1,AROSA 6H,ALHAMBRA 7V8, 7V9,IBIZA II 6K1,TOLEDO II 1M2; 161955429, 443955429, 481955429, 533955429, 895955429, 895955429A, 895998429, 61610032741, 61610KIT002, 61611365884, 61611372578, 61617010247, 61617010248, 61618217711, 61618220913, 9835017000, 983501G000S, 9835022020S, 983511R000S, 9835122000, 983601C000, 983602F000S, 983612F000, 9835017000, 983501G000S, 9835022020S, 983511R000S, 9835122000, 983601C000, 983602F000S, 983612F000, 161955429, 443955429, 481955429, 533955429, 895955429, 895955429A, 895998429, 161955429, 443955429, 481955429, 533955429, 895955429, 895955429A, 895998429, 161955429, 443955429, 481955429, 533955429, 895955429, 895955429A, 895998429; Pyyhkij\u00e4nkumi<\/p>\n","protected":false},"excerpt":{"rendered":"<p>TOPRAN Pyyhkij\u00e4n Kumi 115 284 Pyyhkij\u00e4nkumi VW,AUDI,BMW,GOLF IV 1J1,PASSAT Variant 3B6,TRANSPORTER IV Bus 70XB, 70XC, 7DB, 7DW,LUPO 6X1, 6E1<\/p>\n","protected":false},"featured_media":0,"template":"","meta":{"site-sidebar-layout":"default","site-content-layout":"default","ast-global-header-display":"","ast-main-header-display":"","ast-hfb-above-header-display":"","ast-hfb-below-header-display":"","ast-hfb-mobile-header-display":"","site-post-title":"","ast-breadcrumbs-content":"","ast-featured-img":"","footer-sml-layout":"","theme-transparent-header-meta":"","adv-header-id-meta":"","stick-header-meta":"","header-above-stick-meta":"","header-main-stick-meta":"","header-below-stick-meta":""},"pwb-brand":[18],"product_cat":[37],"product_tag":[],"class_list":{"0":"post-91320","1":"product","2":"type-product","3":"status-publish","5":"pwb-brand-topran","6":"product_cat-muut-luokat","7":"desktop-align-left","8":"tablet-align-left","9":"mobile-align-left","11":"first","12":"instock","13":"product-type-external"},"brands":[{"id":18,"name":"TOPRAN","slug":"topran"}],"_links":{"self":[{"href":"https:\/\/www.autonvaraosahaku.fi\/index.php?rest_route=\/wp\/v2\/product\/91320","targetHints":{"allow":["GET"]}}],"collection":[{"href":"https:\/\/www.autonvaraosahaku.fi\/index.php?rest_route=\/wp\/v2\/product"}],"about":[{"href":"https:\/\/www.autonvaraosahaku.fi\/index.php?rest_route=\/wp\/v2\/types\/product"}],"wp:attachment":[{"href":"https:\/\/www.autonvaraosahaku.fi\/index.php?rest_route=%2Fwp%2Fv2%2Fmedia&parent=91320"}],"wp:term":[{"taxonomy":"pwb-brand","embeddable":true,"href":"https:\/\/www.autonvaraosahaku.fi\/index.php?rest_route=%2Fwp%2Fv2%2Fpwb-brand&post=91320"},{"taxonomy":"product_cat","embeddable":true,"href":"https:\/\/www.autonvaraosahaku.fi\/index.php?rest_route=%2Fwp%2Fv2%2Fproduct_cat&post=91320"},{"taxonomy":"product_tag","embeddable":true,"href":"https:\/\/www.autonvaraosahaku.fi\/index.php?rest_route=%2Fwp%2Fv2%2Fproduct_tag&post=91320"}],"curies":[{"name":"wp","href":"https:\/\/api.w.org\/{rel}","templated":true}]}}