{"id":91351,"date":"2021-02-21T21:31:03","date_gmt":"2021-02-21T21:31:03","guid":{"rendered":"https:\/\/www.autonvaraosahaku.fi\/?product=ridex-470r0321-jaahdytin"},"modified":"2021-02-21T21:31:04","modified_gmt":"2021-02-21T21:31:04","slug":"ridex-470r0321-jaahdytin","status":"publish","type":"product","link":"https:\/\/www.autonvaraosahaku.fi\/?product=ridex-470r0321-jaahdytin","title":{"rendered":"RIDEX 470R0321 J\u00e4\u00e4hdytin"},"content":{"rendered":"<p>Kennon mitat: 380 x 349 x 26 mm; J\u00e4hdytysripamateriaali: Alumiini; Matriaali j\u00e4\u00e4hdyttimen s\u00e4ili\u00f6: Muovi; J\u00e4\u00e4hdytintyyppi: J\u00e4\u00e4hdytysrivat mekaan. kiinnitetyt; Sis\u00e4\u00e4ntulol\u00e4pimitta [mm]: 28; Ulostulon l\u00e4pimitta [mm]: 28; Vaihteistomalli: Schaltgetriebe; SUZUKI: WAGON R+ MM,IGNIS II,WAGON R+ EM,WAGON R; OPEL: AGILA A H00; SUBARU: JUSTY III G3X; VAUXHALL: AGILA Mk I A; 1300220, 1770083E00, 1770083E00000, 1770083E20, 1770083E21, 9204170, 9208632, 1300220, 1770083E00, 1770083E00000, 1770083E20, 1770083E21, 9204170, 9208632, 1300220, 1770083E00, 1770083E00000, 1770083E20, 1770083E21, 9204170, 9208632, 1300220, 1770083E00, 1770083E00000, 1770083E20, 1770083E21, 9204170, 9208632; Syyl\u00e4ri,J\u00e4\u00e4hdytin,Moottorin J\u00e4\u00e4hdytys<\/p>\n","protected":false},"excerpt":{"rendered":"<p>RIDEX J\u00e4\u00e4hdytin 470R0321 Syyl\u00e4ri,J\u00e4\u00e4hdytin,Moottorin J\u00e4\u00e4hdytys SUZUKI,OPEL,SUBARU,WAGON R+ MM,IGNIS II,WAGON R+ EM,WAGON R,AGILA A H00,JUSTY III G3X<\/p>\n","protected":false},"featured_media":0,"template":"","meta":{"site-sidebar-layout":"default","site-content-layout":"default","ast-global-header-display":"","ast-main-header-display":"","ast-hfb-above-header-display":"","ast-hfb-below-header-display":"","ast-hfb-mobile-header-display":"","site-post-title":"","ast-breadcrumbs-content":"","ast-featured-img":"","footer-sml-layout":"","theme-transparent-header-meta":"","adv-header-id-meta":"","stick-header-meta":"","header-above-stick-meta":"","header-main-stick-meta":"","header-below-stick-meta":""},"pwb-brand":[157],"product_cat":[421],"product_tag":[],"class_list":{"0":"post-91351","1":"product","2":"type-product","3":"status-publish","5":"pwb-brand-ridex","6":"product_cat-jaahdytin","7":"desktop-align-left","8":"tablet-align-left","9":"mobile-align-left","11":"first","12":"instock","13":"product-type-external"},"brands":[{"id":157,"name":"RIDEX","slug":"ridex"}],"_links":{"self":[{"href":"https:\/\/www.autonvaraosahaku.fi\/index.php?rest_route=\/wp\/v2\/product\/91351","targetHints":{"allow":["GET"]}}],"collection":[{"href":"https:\/\/www.autonvaraosahaku.fi\/index.php?rest_route=\/wp\/v2\/product"}],"about":[{"href":"https:\/\/www.autonvaraosahaku.fi\/index.php?rest_route=\/wp\/v2\/types\/product"}],"wp:attachment":[{"href":"https:\/\/www.autonvaraosahaku.fi\/index.php?rest_route=%2Fwp%2Fv2%2Fmedia&parent=91351"}],"wp:term":[{"taxonomy":"pwb-brand","embeddable":true,"href":"https:\/\/www.autonvaraosahaku.fi\/index.php?rest_route=%2Fwp%2Fv2%2Fpwb-brand&post=91351"},{"taxonomy":"product_cat","embeddable":true,"href":"https:\/\/www.autonvaraosahaku.fi\/index.php?rest_route=%2Fwp%2Fv2%2Fproduct_cat&post=91351"},{"taxonomy":"product_tag","embeddable":true,"href":"https:\/\/www.autonvaraosahaku.fi\/index.php?rest_route=%2Fwp%2Fv2%2Fproduct_tag&post=91351"}],"curies":[{"name":"wp","href":"https:\/\/api.w.org\/{rel}","templated":true}]}}