{"id":91356,"date":"2021-02-21T21:31:03","date_gmt":"2021-02-21T21:31:03","guid":{"rendered":"https:\/\/www.autonvaraosahaku.fi\/?product=corteco-016249b-kannen-pultit"},"modified":"2021-02-21T21:31:06","modified_gmt":"2021-02-21T21:31:06","slug":"corteco-016249b-kannen-pultit","status":"publish","type":"product","link":"https:\/\/www.autonvaraosahaku.fi\/?product=corteco-016249b-kannen-pultit","title":{"rendered":"CORTECO 016249B Kannen pultit"},"content":{"rendered":"<p>Kierremitta: M12; Kierrenousu 1 [mm]: 1,50; Pituus (mm): 131; M\u00e4\u00e4r\u00e4: 10; Ruuvikanta\/mutteriprofiili: Torx, ulko; TECDOC-moottorinumero: 12829; FORD: FOCUS II Kombi DA_,MONDEO IV Turnier BA7,FOCUS II DA_,S-MAX WA6,FOCUS III Turnier,FOCUS C-MAX,GALAXY WA6,KUGA I,C-MAX DM2,FOCUS III,C-MAX II,MONDEO IV BA7,GRAND C-MAX,FOCUS II Stufenheck DA_,FOCUS II Cabriolet,FOCUS III Stufenheck,MONDEO IV Stufenheck BA7; FIAT: DUCATO Pritsche\/Fahrgestell 244,ULYSSE 179AX,SCUDO Kasten 270_,ULYSSE 220,SCUDO Kasten 220L,SCUDO Combinato 220P; PEUGEOT: 206 Schr\u00e4gheck 2A\/C,307 SW 3H,307 CC 3B,407 SW 6E_,307 3A\/C,308 SW,206 SW 2E\/K,807 E,308 4A_, 4C_,5008,307 Break 3E,508 SW,306 Schr\u00e4gheck 7A, 7C, N3, N5,607 9D, 9U,407 6D_,3008,406 Break 8E\/F,RCZ,308 CC,PARTNER Combispace 5F,4007 GP_,PARTNER Kasten 5,406 Coupe 8C,306 Break 7E, N3, N5,406 8B,806 221,508,407 Coupe 6C_,EXPERT Tepee VF3V_,BOXER Kasten 230L,EXPERT Kasten VF3A_, VF3U_, VF3X_,BOXER Kasten 244,306 7B, N3, N5,EXPERT Kasten 222,BOXER Bus 244, Z_,EXPERT 224,BOXER Pritsche\/Fahrgestell 244,EXPERT Pritsche\/Fahrgestell 223,EXPERT Pritsche\/Fahrgestell; CITRO\u00cbN: BERLINGO MF,XSARA PICASSO N68,C5 III Break TD_,C4 Picasso I UD_,C4 Grand Picasso I UA_,C8 EA_, EB_,C4 I LC_,BERLINGO Kasten M_,C5 II Break RE_,C5 I DC_,C5 I Break DE_,C5 III RD_,XSARA N1,C4 Coupe LA_,C4 II B7,C5 II RC_,C-CROSSER EP_,XSARA Break N2,JUMPY,JUMPER Kasten 244,C6 TD_,JUMPY Kasten,XANTIA X2,DS4,XSARA Coupe N0,EVASION 22, U6,XANTIA Break X2,JUMPY U6U,JUMPY Kasten BS_, BT_, BY_, BZ_,JUMPER Kasten 230L,JUMPER Bus 244, Z_,JUMPER Pritsche\/Fahrgestell 244,JUMPY Pritsche\/Fahrgestell BU_, BV_, BW_, BX_; VOLVO: V50 MW,C30,S40 II MS; SUZUKI: GRAND VITARA I FT,VITARA ET,VITARA Cabrio ET; LANCIA: ZETA 220; 9646397880, 9646397880, 1231928, 1427795, 1445927, 3M5Q6065BA, 3M5Q6065BB, 6G9Q6065AA, 9646397880, LR001222, 1111767G01, 30725260; Sylinterikannen Pultit,Syl.Kannen Pulttisarja<\/p>\n","protected":false},"excerpt":{"rendered":"<p>CORTECO Kannen Pultit 016249B Sylinterikannen Pultit,Syl.Kannen Pulttisarja FORD,FIAT,PEUGEOT,FOCUS II Kombi DA_,MONDEO IV Turnier BA7,FOCUS II DA_<\/p>\n","protected":false},"featured_media":0,"template":"","meta":{"site-sidebar-layout":"default","site-content-layout":"default","ast-global-header-display":"","ast-main-header-display":"","ast-hfb-above-header-display":"","ast-hfb-below-header-display":"","ast-hfb-mobile-header-display":"","site-post-title":"","ast-breadcrumbs-content":"","ast-featured-img":"","footer-sml-layout":"","theme-transparent-header-meta":"","adv-header-id-meta":"","stick-header-meta":"","header-above-stick-meta":"","header-main-stick-meta":"","header-below-stick-meta":""},"pwb-brand":[53],"product_cat":[67],"product_tag":[],"class_list":{"0":"post-91356","1":"product","2":"type-product","3":"status-publish","5":"pwb-brand-corteco","6":"product_cat-kannen-pultit","7":"desktop-align-left","8":"tablet-align-left","9":"mobile-align-left","11":"first","12":"instock","13":"product-type-external"},"brands":[{"id":53,"name":"CORTECO","slug":"corteco"}],"_links":{"self":[{"href":"https:\/\/www.autonvaraosahaku.fi\/index.php?rest_route=\/wp\/v2\/product\/91356","targetHints":{"allow":["GET"]}}],"collection":[{"href":"https:\/\/www.autonvaraosahaku.fi\/index.php?rest_route=\/wp\/v2\/product"}],"about":[{"href":"https:\/\/www.autonvaraosahaku.fi\/index.php?rest_route=\/wp\/v2\/types\/product"}],"wp:attachment":[{"href":"https:\/\/www.autonvaraosahaku.fi\/index.php?rest_route=%2Fwp%2Fv2%2Fmedia&parent=91356"}],"wp:term":[{"taxonomy":"pwb-brand","embeddable":true,"href":"https:\/\/www.autonvaraosahaku.fi\/index.php?rest_route=%2Fwp%2Fv2%2Fpwb-brand&post=91356"},{"taxonomy":"product_cat","embeddable":true,"href":"https:\/\/www.autonvaraosahaku.fi\/index.php?rest_route=%2Fwp%2Fv2%2Fproduct_cat&post=91356"},{"taxonomy":"product_tag","embeddable":true,"href":"https:\/\/www.autonvaraosahaku.fi\/index.php?rest_route=%2Fwp%2Fv2%2Fproduct_tag&post=91356"}],"curies":[{"name":"wp","href":"https:\/\/api.w.org\/{rel}","templated":true}]}}