{"id":91365,"date":"2021-02-21T21:31:03","date_gmt":"2021-02-21T21:31:03","guid":{"rendered":"https:\/\/www.autonvaraosahaku.fi\/?product=ferodo-ddf1642-jarrulevyt"},"modified":"2021-02-21T21:31:09","modified_gmt":"2021-02-21T21:31:09","slug":"ferodo-ddf1642-jarrulevyt","status":"publish","type":"product","link":"https:\/\/www.autonvaraosahaku.fi\/?product=ferodo-ddf1642-jarrulevyt","title":{"rendered":"FERODO DDF1642 Jarrulevyt"},"content":{"rendered":"<p>Korkeus (mm): 46; Paino [kg]: 13,9; Jarrulevytyyppi: Tuuletettu; Jarrulevyn paksuus (mm): 24; V\u00e4himm\u00e4ispaksuus (mm): 22,4; Ulkol\u00e4pimitta [mm]: 294; Reikien m\u00e4\u00e4r\u00e4: 5; keskitt\u00e4misl\u00e4pimitta [mm]: 69; Kiristysmomentti: 100; Reik\u00e4ympyr\u00e4-\u00d8 [mm]: 114,3; M\u00e4\u00e4r\u00e4yksikk\u00f6: Sarja; Korvaava tuote\/korvaava tiedote 2: ilman ruuveja; Pakkauspituus [cm]: 31; Pakkausleveys [cm]: 31; Pakkauskorkeus [mm]: 7; Tuotelinja: PREMIER; Asennuspuoli: Vorderachse; CITRO\u00cbN: C-CROSSER EP_,C-CROSSER ENTERPRISE; PEUGEOT: 4007 GP_; MITSUBISHI: OUTLANDER XL II CW_W,OUTLANDER III GG_W, GF_W, ZJ,OUTLANDER I CU_W,LANCER SPORTBACK CX_A,LANCER Stufenheck CY\/Z_A; 1606375780, 1611429880, 424958, 424959, 4249F3, 4615A006, 4615A113, 4615A179, MR128659, MR205215, MR307376, 1606375780, 1611429880, 424958, 424959, 4249F3; Jarrulevy<\/p>\n","protected":false},"excerpt":{"rendered":"<p>FERODO Jarrulevyt DDF1642 Jarrulevy CITRO\u00cbN,PEUGEOT,MITSUBISHI,C-CROSSER EP_,C-CROSSER ENTERPRISE,4007 GP_,OUTLANDER XL II CW_W<\/p>\n","protected":false},"featured_media":0,"template":"","meta":{"site-sidebar-layout":"default","site-content-layout":"default","ast-global-header-display":"","ast-main-header-display":"","ast-hfb-above-header-display":"","ast-hfb-below-header-display":"","ast-hfb-mobile-header-display":"","site-post-title":"","ast-breadcrumbs-content":"","ast-featured-img":"","footer-sml-layout":"","theme-transparent-header-meta":"","adv-header-id-meta":"","stick-header-meta":"","header-above-stick-meta":"","header-main-stick-meta":"","header-below-stick-meta":""},"pwb-brand":[298],"product_cat":[66],"product_tag":[],"class_list":{"0":"post-91365","1":"product","2":"type-product","3":"status-publish","5":"pwb-brand-ferodo","6":"product_cat-jarrulevyt","7":"desktop-align-left","8":"tablet-align-left","9":"mobile-align-left","11":"first","12":"instock","13":"product-type-external"},"brands":[{"id":298,"name":"FERODO","slug":"ferodo"}],"_links":{"self":[{"href":"https:\/\/www.autonvaraosahaku.fi\/index.php?rest_route=\/wp\/v2\/product\/91365","targetHints":{"allow":["GET"]}}],"collection":[{"href":"https:\/\/www.autonvaraosahaku.fi\/index.php?rest_route=\/wp\/v2\/product"}],"about":[{"href":"https:\/\/www.autonvaraosahaku.fi\/index.php?rest_route=\/wp\/v2\/types\/product"}],"wp:attachment":[{"href":"https:\/\/www.autonvaraosahaku.fi\/index.php?rest_route=%2Fwp%2Fv2%2Fmedia&parent=91365"}],"wp:term":[{"taxonomy":"pwb-brand","embeddable":true,"href":"https:\/\/www.autonvaraosahaku.fi\/index.php?rest_route=%2Fwp%2Fv2%2Fpwb-brand&post=91365"},{"taxonomy":"product_cat","embeddable":true,"href":"https:\/\/www.autonvaraosahaku.fi\/index.php?rest_route=%2Fwp%2Fv2%2Fproduct_cat&post=91365"},{"taxonomy":"product_tag","embeddable":true,"href":"https:\/\/www.autonvaraosahaku.fi\/index.php?rest_route=%2Fwp%2Fv2%2Fproduct_tag&post=91365"}],"curies":[{"name":"wp","href":"https:\/\/api.w.org\/{rel}","templated":true}]}}