{"id":91384,"date":"2021-02-21T21:31:11","date_gmt":"2021-02-21T21:31:11","guid":{"rendered":"https:\/\/www.autonvaraosahaku.fi\/?product=febi-bilstein-15962-hehkutulppa"},"modified":"2021-02-21T21:31:16","modified_gmt":"2021-02-21T21:31:16","slug":"febi-bilstein-15962-hehkutulppa","status":"publish","type":"product","link":"https:\/\/www.autonvaraosahaku.fi\/?product=febi-bilstein-15962-hehkutulppa","title":{"rendered":"FEBI BILSTEIN 15962 Hehkutulppa"},"content":{"rendered":"<p>Asennussyvyys (mm): 20; Pituus (mm): 66; Ulkokierre [mm]: M12 x 1,25; Avainv\u00e4li: 12; J\u00e4nnite (V): 11,5; Paino [kg]: 0,043; Hehkutulppatyyppi: j\u00e4lkihehkutuksenkest\u00e4v\u00e4, j\u00e4lkihehkutuksenkest\u00e4v\u00e4; Valmistusvuosi alkaen: 01\/1986; IVECO: DAILY II Pritsche\/Fahrgestell,DAILY II Kasten\/Kombi; FORD: FIESTA IV JA_, JB_,MONDEO II Kombi BNP,FIESTA III GFJ,MONDEO II BAP,ESCORT VII GAL, AAL, ABL,MONDEO II Stufenheck BFP,MONDEO I Kombi BNP,SIERRA GBG, GB4,MONDEO I GBP,ESCORT VII Kombi GAL, ANL,SIERRA Schr\u00e4gheck GBC, GBG,ESCORT IV GAF, AWF, ABFT,FIESTA II FBD,MONDEO I Stufenheck GBP,ESCORT &#8217;95 Express AVL,ESCORT III GAA,FIESTA Kasten J5_, J3_,ESCORT V GAL,ESCORT VII Stufenheck GAL, AFL,FIESTA Kasten JV_,SIERRA Kombi BNG,ESCORT VI Stufenheck GAL,FIESTA Kasten F3L, F5L,FIESTA Kasten FVD,ORION II AFF,ESCORT IV Kombi AWF, AVF,ESCORT &#8217;86 Express AVF,ESCORT V Kombi GAL, AVL,ESCORT &#8217;91 Express AVL,ORION III GAL,ESCORT III Kombi AWA,ORION I AFD,P 100 II,ESCORT &#8217;81 Express AVA; FIAT: DUCATO Pritsche\/Fahrgestell 230,DUCATO Bus 230,DUCATO Kasten 230L; CITRO\u00cbN: AX ZA-_; PEUGEOT: 106 I 1A, 1C; RENAULT: TRAFIC Kasten TXX,TRAFIC Pritsche\/Fahrgestell PXX; 5962J3, 8671004849, 71735460, 98498630, 6132244, 6132246, 6163811, 7088988, 84FF6M090B2A, 89FF6M090AA, 93FF6M090AA, 0098498630, 098498630, 98498630, 5962J3, 7701040208, 8671004849<\/p>\n","protected":false},"excerpt":{"rendered":"<p>FEBI BILSTEIN Hehkutulppa 15962  IVECO,FORD,FIAT,DAILY II Pritsche\/Fahrgestell,DAILY II Kasten\/Kombi,FIESTA IV JA_, JB_,MONDEO II Kombi BNP<\/p>\n","protected":false},"featured_media":0,"template":"","meta":{"site-sidebar-layout":"default","site-content-layout":"default","ast-global-header-display":"","ast-main-header-display":"","ast-hfb-above-header-display":"","ast-hfb-below-header-display":"","ast-hfb-mobile-header-display":"","site-post-title":"","ast-breadcrumbs-content":"","ast-featured-img":"","footer-sml-layout":"","theme-transparent-header-meta":"","adv-header-id-meta":"","stick-header-meta":"","header-above-stick-meta":"","header-main-stick-meta":"","header-below-stick-meta":""},"pwb-brand":[50],"product_cat":[52],"product_tag":[],"class_list":{"0":"post-91384","1":"product","2":"type-product","3":"status-publish","5":"pwb-brand-febi-bilstein","6":"product_cat-hehkutulppa","7":"desktop-align-left","8":"tablet-align-left","9":"mobile-align-left","11":"first","12":"instock","13":"product-type-external"},"brands":[{"id":50,"name":"FEBI BILSTEIN","slug":"febi-bilstein"}],"_links":{"self":[{"href":"https:\/\/www.autonvaraosahaku.fi\/index.php?rest_route=\/wp\/v2\/product\/91384","targetHints":{"allow":["GET"]}}],"collection":[{"href":"https:\/\/www.autonvaraosahaku.fi\/index.php?rest_route=\/wp\/v2\/product"}],"about":[{"href":"https:\/\/www.autonvaraosahaku.fi\/index.php?rest_route=\/wp\/v2\/types\/product"}],"wp:attachment":[{"href":"https:\/\/www.autonvaraosahaku.fi\/index.php?rest_route=%2Fwp%2Fv2%2Fmedia&parent=91384"}],"wp:term":[{"taxonomy":"pwb-brand","embeddable":true,"href":"https:\/\/www.autonvaraosahaku.fi\/index.php?rest_route=%2Fwp%2Fv2%2Fpwb-brand&post=91384"},{"taxonomy":"product_cat","embeddable":true,"href":"https:\/\/www.autonvaraosahaku.fi\/index.php?rest_route=%2Fwp%2Fv2%2Fproduct_cat&post=91384"},{"taxonomy":"product_tag","embeddable":true,"href":"https:\/\/www.autonvaraosahaku.fi\/index.php?rest_route=%2Fwp%2Fv2%2Fproduct_tag&post=91384"}],"curies":[{"name":"wp","href":"https:\/\/api.w.org\/{rel}","templated":true}]}}