{"id":91412,"date":"2021-02-21T21:31:28","date_gmt":"2021-02-21T21:31:28","guid":{"rendered":"https:\/\/www.autonvaraosahaku.fi\/?product=ate-03-0137-0497-2-jarrukengat"},"modified":"2021-02-21T21:31:29","modified_gmt":"2021-02-21T21:31:29","slug":"ate-03-0137-0497-2-jarrukengat","status":"publish","type":"product","link":"https:\/\/www.autonvaraosahaku.fi\/?product=ate-03-0137-0497-2-jarrukengat","title":{"rendered":"ATE 03.0137-0497.2 Jarrukeng\u00e4t"},"content":{"rendered":"<p>Rumpul\u00e4pimitta: 200; Leveys (mm): 32; Lis\u00e4tarvike\/lis\u00e4tieto: Vivulla; Tarkistuskilpi: E1 90R-011043\/261; MAPP-koodi saatavilla: ; Suositellun tarvikkeen tuotenumero: 03.0137-9304.2; Huomioi mitat: ; Asennuspuoli: Hinterachse; FORD: FIESTA VI,FIESTA Stufenheck JA8 JR8,FIESTA VI Van,KA,KA + Stufenheck; 1550225, 1695033, 1737303, 1802623, 1894327, 8V512200AA, 8V512200AB, 8V512200AC, 8V512200AD, E4B12200AA; Jarrukenk\u00e4sarja<\/p>\n","protected":false},"excerpt":{"rendered":"<p>ATE Jarrukeng\u00e4t 03.0137-0497.2 Jarrukenk\u00e4sarja FORD,FIESTA VI,FIESTA Stufenheck JA8 JR8,FIESTA VI Van,KA,KA + Stufenheck<\/p>\n","protected":false},"featured_media":0,"template":"","meta":{"site-sidebar-layout":"default","site-content-layout":"default","ast-global-header-display":"","ast-main-header-display":"","ast-hfb-above-header-display":"","ast-hfb-below-header-display":"","ast-hfb-mobile-header-display":"","site-post-title":"","ast-breadcrumbs-content":"","ast-featured-img":"","footer-sml-layout":"","theme-transparent-header-meta":"","adv-header-id-meta":"","stick-header-meta":"","header-above-stick-meta":"","header-main-stick-meta":"","header-below-stick-meta":""},"pwb-brand":[108],"product_cat":[176],"product_tag":[],"class_list":{"0":"post-91412","1":"product","2":"type-product","3":"status-publish","5":"pwb-brand-ate","6":"product_cat-jarrukengat","7":"desktop-align-left","8":"tablet-align-left","9":"mobile-align-left","11":"first","12":"instock","13":"product-type-external"},"brands":[{"id":108,"name":"ATE","slug":"ate"}],"_links":{"self":[{"href":"https:\/\/www.autonvaraosahaku.fi\/index.php?rest_route=\/wp\/v2\/product\/91412","targetHints":{"allow":["GET"]}}],"collection":[{"href":"https:\/\/www.autonvaraosahaku.fi\/index.php?rest_route=\/wp\/v2\/product"}],"about":[{"href":"https:\/\/www.autonvaraosahaku.fi\/index.php?rest_route=\/wp\/v2\/types\/product"}],"wp:attachment":[{"href":"https:\/\/www.autonvaraosahaku.fi\/index.php?rest_route=%2Fwp%2Fv2%2Fmedia&parent=91412"}],"wp:term":[{"taxonomy":"pwb-brand","embeddable":true,"href":"https:\/\/www.autonvaraosahaku.fi\/index.php?rest_route=%2Fwp%2Fv2%2Fpwb-brand&post=91412"},{"taxonomy":"product_cat","embeddable":true,"href":"https:\/\/www.autonvaraosahaku.fi\/index.php?rest_route=%2Fwp%2Fv2%2Fproduct_cat&post=91412"},{"taxonomy":"product_tag","embeddable":true,"href":"https:\/\/www.autonvaraosahaku.fi\/index.php?rest_route=%2Fwp%2Fv2%2Fproduct_tag&post=91412"}],"curies":[{"name":"wp","href":"https:\/\/api.w.org\/{rel}","templated":true}]}}