{"id":91419,"date":"2021-02-21T21:31:28","date_gmt":"2021-02-21T21:31:28","guid":{"rendered":"https:\/\/www.autonvaraosahaku.fi\/?product=ashika-ma-00188-iskunvaimennin"},"modified":"2021-02-21T21:31:31","modified_gmt":"2021-02-21T21:31:31","slug":"ashika-ma-00188-iskunvaimennin","status":"publish","type":"product","link":"https:\/\/www.autonvaraosahaku.fi\/?product=ashika-ma-00188-iskunvaimennin","title":{"rendered":"ASHIKA MA-00188 Iskunvaimennin"},"content":{"rendered":"<p>Asennuspuoli: Taka-akseli; Iskunvaimennusj\u00e4rjestelm\u00e4: Kaksiputki; Iskunvaimennin tyyppi: Kaasupaine; Iskunvaimennin asennustapa: Silmukka ylh\u00e4\u00e4ll\u00e4, Silmukka alhaalla; LANCIA: YPSILON 843; FIAT: PUNTO 188,PUNTO Van 188AX; 4654255, 46545255, 46545256, 46738204, 46739025, 4673903, 46754253, 46754254, 46754255, 46770000, 46770001, 46809325, 46809326, 50701483, 50701484, 50701916, 50701917, 50701922, 50701923, 50703574, 50703824, 50703825, 50703826, 50703827, 50703987, 50703988, 50705254, 50705255, 50705256, 50705257, 51778802, 51778803, 51805996, 51812082, 50703101, 51846884, 51846885; Iskarit,Iskunvaimennin<\/p>\n","protected":false},"excerpt":{"rendered":"<p>ASHIKA Iskunvaimentimet MA-00188 Iskarit,Iskunvaimennin LANCIA,FIAT,YPSILON 843,PUNTO 188,PUNTO Van 188AX<\/p>\n","protected":false},"featured_media":0,"template":"","meta":{"site-sidebar-layout":"default","site-content-layout":"default","ast-global-header-display":"","ast-main-header-display":"","ast-hfb-above-header-display":"","ast-hfb-below-header-display":"","ast-hfb-mobile-header-display":"","site-post-title":"","ast-breadcrumbs-content":"","ast-featured-img":"","footer-sml-layout":"","theme-transparent-header-meta":"","adv-header-id-meta":"","stick-header-meta":"","header-above-stick-meta":"","header-main-stick-meta":"","header-below-stick-meta":""},"pwb-brand":[102],"product_cat":[80],"product_tag":[],"class_list":{"0":"post-91419","1":"product","2":"type-product","3":"status-publish","5":"pwb-brand-ashika","6":"product_cat-iskunvaimennin","7":"desktop-align-left","8":"tablet-align-left","9":"mobile-align-left","11":"first","12":"instock","13":"product-type-external"},"brands":[{"id":102,"name":"ASHIKA","slug":"ashika"}],"_links":{"self":[{"href":"https:\/\/www.autonvaraosahaku.fi\/index.php?rest_route=\/wp\/v2\/product\/91419","targetHints":{"allow":["GET"]}}],"collection":[{"href":"https:\/\/www.autonvaraosahaku.fi\/index.php?rest_route=\/wp\/v2\/product"}],"about":[{"href":"https:\/\/www.autonvaraosahaku.fi\/index.php?rest_route=\/wp\/v2\/types\/product"}],"wp:attachment":[{"href":"https:\/\/www.autonvaraosahaku.fi\/index.php?rest_route=%2Fwp%2Fv2%2Fmedia&parent=91419"}],"wp:term":[{"taxonomy":"pwb-brand","embeddable":true,"href":"https:\/\/www.autonvaraosahaku.fi\/index.php?rest_route=%2Fwp%2Fv2%2Fpwb-brand&post=91419"},{"taxonomy":"product_cat","embeddable":true,"href":"https:\/\/www.autonvaraosahaku.fi\/index.php?rest_route=%2Fwp%2Fv2%2Fproduct_cat&post=91419"},{"taxonomy":"product_tag","embeddable":true,"href":"https:\/\/www.autonvaraosahaku.fi\/index.php?rest_route=%2Fwp%2Fv2%2Fproduct_tag&post=91419"}],"curies":[{"name":"wp","href":"https:\/\/api.w.org\/{rel}","templated":true}]}}