{"id":91444,"date":"2021-02-21T21:31:36","date_gmt":"2021-02-21T21:31:36","guid":{"rendered":"https:\/\/www.autonvaraosahaku.fi\/?product=ajusa-12025500-venttiilinvarren-kumit"},"modified":"2021-02-21T21:31:41","modified_gmt":"2021-02-21T21:31:41","slug":"ajusa-12025500-venttiilinvarren-kumit","status":"publish","type":"product","link":"https:\/\/www.autonvaraosahaku.fi\/?product=ajusa-12025500-venttiilinvarren-kumit","title":{"rendered":"AJUSA 12025500 Venttiilinvarren kumit"},"content":{"rendered":"<p>Asennuspuoli: Sylinterikannen kopasta sylinterikanteen; Tarvittava kappalem\u00e4\u00e4r\u00e4: 16; JEEP: COMPASS MK49,PATRIOT MK74; KIA: SORENTO I JC,SPORTAGE SL,SORENTO II XM,CARENS III UN,CARNIVAL \/ GRAND CARNIVAL III VQ,CARENS IV,SOUL AM,MAGENTIS MG,OPIRUS GH,OPTIMA,CERATO II Stufenheck TD,SORENTO III,SOUL II PS,BORREGO,OPTIMA Sportswagon,CERATO YD Stufenheck,CERATO KOUP TD,CADENZA; CHRYSLER: SEBRING JS,SEBRING Cabriolet JS; LANCIA: FLAVIA Cabriolet JS; HYUNDAI: ix35 LM, EL, ELH,i40 CW VF,SANTA F\u00c9 II CM,i30 GD,H-1 Travel TQ,SONATA V NF,ix55,SANTA F\u00c9 III DM,GENESIS Coupe,i40 VF,H-1 Cargo TQ,GRANDEUR TG,GRAND SANTA F\u00c9,ELANTRA Stufenheck MD, UD,SONATA VI YF,GENESIS BH,i30 PDE,GRANDEUR HG,GENESIS DH; FIAT: FREEMONT JF_; DODGE: CALIBER,JOURNEY,AVENGER; GENESIS: G90; 2222425000, 222242G000, 222243C100, 222243CAA0, 222243CAB0, 222243C100<\/p>\n","protected":false},"excerpt":{"rendered":"<p>AJUSA Tiiviste, Venttiilivarsi 12025500  JEEP,KIA,CHRYSLER,COMPASS MK49,PATRIOT MK74,SORENTO I JC,SPORTAGE SL,SORENTO II XM,CARENS III UN<\/p>\n","protected":false},"featured_media":0,"template":"","meta":{"site-sidebar-layout":"default","site-content-layout":"default","ast-global-header-display":"","ast-main-header-display":"","ast-hfb-above-header-display":"","ast-hfb-below-header-display":"","ast-hfb-mobile-header-display":"","site-post-title":"","ast-breadcrumbs-content":"","ast-featured-img":"","footer-sml-layout":"","theme-transparent-header-meta":"","adv-header-id-meta":"","stick-header-meta":"","header-above-stick-meta":"","header-main-stick-meta":"","header-below-stick-meta":""},"pwb-brand":[211],"product_cat":[170],"product_tag":[],"class_list":{"0":"post-91444","1":"product","2":"type-product","3":"status-publish","5":"pwb-brand-ajusa","6":"product_cat-venttiilinvarren-kumit","7":"desktop-align-left","8":"tablet-align-left","9":"mobile-align-left","11":"first","12":"instock","13":"product-type-external"},"brands":[{"id":211,"name":"AJUSA","slug":"ajusa"}],"_links":{"self":[{"href":"https:\/\/www.autonvaraosahaku.fi\/index.php?rest_route=\/wp\/v2\/product\/91444","targetHints":{"allow":["GET"]}}],"collection":[{"href":"https:\/\/www.autonvaraosahaku.fi\/index.php?rest_route=\/wp\/v2\/product"}],"about":[{"href":"https:\/\/www.autonvaraosahaku.fi\/index.php?rest_route=\/wp\/v2\/types\/product"}],"wp:attachment":[{"href":"https:\/\/www.autonvaraosahaku.fi\/index.php?rest_route=%2Fwp%2Fv2%2Fmedia&parent=91444"}],"wp:term":[{"taxonomy":"pwb-brand","embeddable":true,"href":"https:\/\/www.autonvaraosahaku.fi\/index.php?rest_route=%2Fwp%2Fv2%2Fpwb-brand&post=91444"},{"taxonomy":"product_cat","embeddable":true,"href":"https:\/\/www.autonvaraosahaku.fi\/index.php?rest_route=%2Fwp%2Fv2%2Fproduct_cat&post=91444"},{"taxonomy":"product_tag","embeddable":true,"href":"https:\/\/www.autonvaraosahaku.fi\/index.php?rest_route=%2Fwp%2Fv2%2Fproduct_tag&post=91444"}],"curies":[{"name":"wp","href":"https:\/\/api.w.org\/{rel}","templated":true}]}}