{"id":91448,"date":"2021-02-21T21:31:36","date_gmt":"2021-02-21T21:31:36","guid":{"rendered":"https:\/\/www.autonvaraosahaku.fi\/?product=lpr-r1111v-jarrulevyt"},"modified":"2021-02-21T21:31:43","modified_gmt":"2021-02-21T21:31:43","slug":"lpr-r1111v-jarrulevyt","status":"publish","type":"product","link":"https:\/\/www.autonvaraosahaku.fi\/?product=lpr-r1111v-jarrulevyt","title":{"rendered":"LPR R1111V Jarrulevyt"},"content":{"rendered":"<p>V\u00e4himm\u00e4ispaksuus (mm): 17,7; Jarruj\u00e4rjestelm\u00e4: BENDIX; Ulkol\u00e4pimitta [mm]: 238; Jarrulevyn paksuus (mm): 20; Jarrulevytyyppi: Tuuletettu, sis\u00e4; Korkeus (mm): 41, 41; Vanne, aukkoja: 4; keskitt\u00e4misl\u00e4pimitta [mm]: 61; Asennuspuoli: Vorderachse; NISSAN: KUBISTAR Kasten X80; RENAULT: CLIO II BB0\/1\/2_, CB0\/1\/2_,KANGOO KC0\/1_,MEGANE I BA0\/1_,KANGOO Express FC0\/1_,MEGANE I Cabriolet EA0\/1_,CLIO I B\/C57_, 5\/357_,MEGANE I Classic LA0\/1_,MEGANE I Coach DA0\/1_,CLIO II Kasten SB0\/1\/2_,19 II B\/C53_,19 II Cabriolet D53_, 853_,SUPER 5 B\/C40_,19 I B\/C53_,9 L42_,19 II Chamade L53_,11 B\/C37_,21 Stufenheck L48_,19 I Chamade L53_,THALIA I LB0\/1\/2_,CLIO I Kasten S57_,19 I Cabriolet D53_,21 Kombi K48_,21 B48_,19 II Kasten S53_,19 I Kasten S53_,THALIA II LU1\/2_,21 Kasten S48_,SUPER 5 Kasten S40_; 4020600Q0D, 4020600QAJ, 7700756572, 7701204286, 8671000085; Jarrulevy<\/p>\n","protected":false},"excerpt":{"rendered":"<p>LPR Jarrulevyt R1111V Jarrulevy NISSAN,RENAULT,KUBISTAR Kasten X80,CLIO II BB0\/1\/2_, CB0\/1\/2_,KANGOO KC0\/1_,MEGANE I BA0\/1_,KANGOO Express FC0\/1_<\/p>\n","protected":false},"featured_media":0,"template":"","meta":{"site-sidebar-layout":"default","site-content-layout":"default","ast-global-header-display":"","ast-main-header-display":"","ast-hfb-above-header-display":"","ast-hfb-below-header-display":"","ast-hfb-mobile-header-display":"","site-post-title":"","ast-breadcrumbs-content":"","ast-featured-img":"","footer-sml-layout":"","theme-transparent-header-meta":"","adv-header-id-meta":"","stick-header-meta":"","header-above-stick-meta":"","header-main-stick-meta":"","header-below-stick-meta":""},"pwb-brand":[238],"product_cat":[66],"product_tag":[],"class_list":{"0":"post-91448","1":"product","2":"type-product","3":"status-publish","5":"pwb-brand-lpr","6":"product_cat-jarrulevyt","7":"desktop-align-left","8":"tablet-align-left","9":"mobile-align-left","11":"first","12":"instock","13":"product-type-external"},"brands":[{"id":238,"name":"LPR","slug":"lpr"}],"_links":{"self":[{"href":"https:\/\/www.autonvaraosahaku.fi\/index.php?rest_route=\/wp\/v2\/product\/91448","targetHints":{"allow":["GET"]}}],"collection":[{"href":"https:\/\/www.autonvaraosahaku.fi\/index.php?rest_route=\/wp\/v2\/product"}],"about":[{"href":"https:\/\/www.autonvaraosahaku.fi\/index.php?rest_route=\/wp\/v2\/types\/product"}],"wp:attachment":[{"href":"https:\/\/www.autonvaraosahaku.fi\/index.php?rest_route=%2Fwp%2Fv2%2Fmedia&parent=91448"}],"wp:term":[{"taxonomy":"pwb-brand","embeddable":true,"href":"https:\/\/www.autonvaraosahaku.fi\/index.php?rest_route=%2Fwp%2Fv2%2Fpwb-brand&post=91448"},{"taxonomy":"product_cat","embeddable":true,"href":"https:\/\/www.autonvaraosahaku.fi\/index.php?rest_route=%2Fwp%2Fv2%2Fproduct_cat&post=91448"},{"taxonomy":"product_tag","embeddable":true,"href":"https:\/\/www.autonvaraosahaku.fi\/index.php?rest_route=%2Fwp%2Fv2%2Fproduct_tag&post=91448"}],"curies":[{"name":"wp","href":"https:\/\/api.w.org\/{rel}","templated":true}]}}