{"id":91450,"date":"2021-02-21T21:31:44","date_gmt":"2021-02-21T21:31:44","guid":{"rendered":"https:\/\/www.autonvaraosahaku.fi\/?product=febi-bilstein-01591-hydraulinen-venttiilinnostin"},"modified":"2021-02-21T21:31:44","modified_gmt":"2021-02-21T21:31:44","slug":"febi-bilstein-01591-hydraulinen-venttiilinnostin","status":"publish","type":"product","link":"https:\/\/www.autonvaraosahaku.fi\/?product=febi-bilstein-01591-hydraulinen-venttiilinnostin","title":{"rendered":"FEBI BILSTEIN 01591 Hydraulinen venttiilinnostin"},"content":{"rendered":"<p>Paksuus [mm]: 26,0; Sis\u00e4l\u00e4pimitta [mm]: 33,0; Ulkol\u00e4pimitta [mm]: 35,0; K\u00e4ytt\u00f6: Hydraulinen; Paino [kg]: 0,06; Huomioi huolto-ohjeet: , ; Moottorinumero: M50; LAND ROVER: RANGE ROVER II LP; OPEL: OMEGA B Caravan 21_, 22_, 23_,OMEGA B 25_, 26_, 27_; BMW: 5 E39,5 Touring E39,3 Compact E36,3 E36,7 E38,3 Coupe E36,5 E34,3 Cabriolet E36,3 Touring E36,5 Touring E34; VAUXHALL: OMEGA B,OMEGA B Estate; 11321739299, STC2144, 00640001, 0640001, 640001, 090509386, 90509386; Venttiilinnostin<\/p>\n","protected":false},"excerpt":{"rendered":"<p>FEBI BILSTEIN Hydraulinen Venttiilinnostin 01591 Venttiilinnostin LAND ROVER,OPEL,BMW,RANGE ROVER II LP,OMEGA B Caravan 21_, 22_, 23_<\/p>\n","protected":false},"featured_media":0,"template":"","meta":{"site-sidebar-layout":"default","site-content-layout":"default","ast-global-header-display":"","ast-main-header-display":"","ast-hfb-above-header-display":"","ast-hfb-below-header-display":"","ast-hfb-mobile-header-display":"","site-post-title":"","ast-breadcrumbs-content":"","ast-featured-img":"","footer-sml-layout":"","theme-transparent-header-meta":"","adv-header-id-meta":"","stick-header-meta":"","header-above-stick-meta":"","header-main-stick-meta":"","header-below-stick-meta":""},"pwb-brand":[50],"product_cat":[126],"product_tag":[],"class_list":{"0":"post-91450","1":"product","2":"type-product","3":"status-publish","5":"pwb-brand-febi-bilstein","6":"product_cat-hydraulinen-venttiilinnostin","7":"desktop-align-left","8":"tablet-align-left","9":"mobile-align-left","11":"first","12":"instock","13":"product-type-external"},"brands":[{"id":50,"name":"FEBI BILSTEIN","slug":"febi-bilstein"}],"_links":{"self":[{"href":"https:\/\/www.autonvaraosahaku.fi\/index.php?rest_route=\/wp\/v2\/product\/91450","targetHints":{"allow":["GET"]}}],"collection":[{"href":"https:\/\/www.autonvaraosahaku.fi\/index.php?rest_route=\/wp\/v2\/product"}],"about":[{"href":"https:\/\/www.autonvaraosahaku.fi\/index.php?rest_route=\/wp\/v2\/types\/product"}],"wp:attachment":[{"href":"https:\/\/www.autonvaraosahaku.fi\/index.php?rest_route=%2Fwp%2Fv2%2Fmedia&parent=91450"}],"wp:term":[{"taxonomy":"pwb-brand","embeddable":true,"href":"https:\/\/www.autonvaraosahaku.fi\/index.php?rest_route=%2Fwp%2Fv2%2Fpwb-brand&post=91450"},{"taxonomy":"product_cat","embeddable":true,"href":"https:\/\/www.autonvaraosahaku.fi\/index.php?rest_route=%2Fwp%2Fv2%2Fproduct_cat&post=91450"},{"taxonomy":"product_tag","embeddable":true,"href":"https:\/\/www.autonvaraosahaku.fi\/index.php?rest_route=%2Fwp%2Fv2%2Fproduct_tag&post=91450"}],"curies":[{"name":"wp","href":"https:\/\/api.w.org\/{rel}","templated":true}]}}