{"id":91455,"date":"2021-02-21T21:31:44","date_gmt":"2021-02-21T21:31:44","guid":{"rendered":"https:\/\/www.autonvaraosahaku.fi\/?product=ngk-5989-sytytystulpat"},"modified":"2021-02-21T21:31:46","modified_gmt":"2021-02-21T21:31:46","slug":"ngk-5989-sytytystulpat","status":"publish","type":"product","link":"https:\/\/www.autonvaraosahaku.fi\/?product=ngk-5989-sytytystulpat","title":{"rendered":"NGK 5989 Sytytystulpat"},"content":{"rendered":"<p>Avainv\u00e4li: 14 mm; Ulkokierre [mm]: 12,0; Kierteen pituus (mm): 26,5; Sytytystulppa: kiinte\u00e4 SAE-liitin, Iridium-keskielektrodi, 1-maaelektroodi, H\u00e4iri\u00f6npoisto, 5 k-ohm, suoralla istukalla; Kipin\u00e4et\u00e4isyys [mm]: 4,0; TECDOC-moottorinumero: 18481; LEXUS: NX ZGZ1_, AGZ1_, AYZ1_; TOYOTA: VERSO _AUR2_, _ZGR2_,YARIS NHP13_, NSP13_, NCP13_, KSP13_, NLP13_,AURIS NZE18_, ZRE18_,AURIS TOURING SPORTS ADE18_, ZWE18_, ZRE18_,PRIUS ZVW3_,RAV 4 IV ZSA4_, ALA4_,COROLLA Stufenheck NRE18_, ZRE17_, ZRE18_, NDE18_,AYGO PAB4_, KGB4_,C-HR _X1_; CITRO\u00cbN: C1 II; PEUGEOT: 108; 90919W1007, 1UXL18110, 224013TA1B, 9091901275, 90919W1007; Tulpat,Sytytystulppa<\/p>\n","protected":false},"excerpt":{"rendered":"<p>NGK Sytytystulpat 5989 Tulpat,Sytytystulppa LEXUS,TOYOTA,CITRO\u00cbN,NX ZGZ1_, AGZ1_, AYZ1_,VERSO _AUR2_, _ZGR2_<\/p>\n","protected":false},"featured_media":0,"template":"","meta":{"site-sidebar-layout":"default","site-content-layout":"default","ast-global-header-display":"","ast-main-header-display":"","ast-hfb-above-header-display":"","ast-hfb-below-header-display":"","ast-hfb-mobile-header-display":"","site-post-title":"","ast-breadcrumbs-content":"","ast-featured-img":"","footer-sml-layout":"","theme-transparent-header-meta":"","adv-header-id-meta":"","stick-header-meta":"","header-above-stick-meta":"","header-main-stick-meta":"","header-below-stick-meta":""},"pwb-brand":[189],"product_cat":[165],"product_tag":[],"class_list":{"0":"post-91455","1":"product","2":"type-product","3":"status-publish","5":"pwb-brand-ngk","6":"product_cat-sytytystulpat","7":"desktop-align-left","8":"tablet-align-left","9":"mobile-align-left","11":"first","12":"instock","13":"product-type-external"},"brands":[{"id":189,"name":"NGK","slug":"ngk"}],"_links":{"self":[{"href":"https:\/\/www.autonvaraosahaku.fi\/index.php?rest_route=\/wp\/v2\/product\/91455","targetHints":{"allow":["GET"]}}],"collection":[{"href":"https:\/\/www.autonvaraosahaku.fi\/index.php?rest_route=\/wp\/v2\/product"}],"about":[{"href":"https:\/\/www.autonvaraosahaku.fi\/index.php?rest_route=\/wp\/v2\/types\/product"}],"wp:attachment":[{"href":"https:\/\/www.autonvaraosahaku.fi\/index.php?rest_route=%2Fwp%2Fv2%2Fmedia&parent=91455"}],"wp:term":[{"taxonomy":"pwb-brand","embeddable":true,"href":"https:\/\/www.autonvaraosahaku.fi\/index.php?rest_route=%2Fwp%2Fv2%2Fpwb-brand&post=91455"},{"taxonomy":"product_cat","embeddable":true,"href":"https:\/\/www.autonvaraosahaku.fi\/index.php?rest_route=%2Fwp%2Fv2%2Fproduct_cat&post=91455"},{"taxonomy":"product_tag","embeddable":true,"href":"https:\/\/www.autonvaraosahaku.fi\/index.php?rest_route=%2Fwp%2Fv2%2Fproduct_tag&post=91455"}],"curies":[{"name":"wp","href":"https:\/\/api.w.org\/{rel}","templated":true}]}}