{"id":91458,"date":"2021-02-21T21:31:44","date_gmt":"2021-02-21T21:31:44","guid":{"rendered":"https:\/\/www.autonvaraosahaku.fi\/?product=lucas-electrical-lra02235-laturi"},"modified":"2021-02-21T21:31:47","modified_gmt":"2021-02-21T21:31:47","slug":"lucas-electrical-lra02235-laturi","status":"publish","type":"product","link":"https:\/\/www.autonvaraosahaku.fi\/?product=lucas-electrical-lra02235-laturi","title":{"rendered":"LUCAS ELECTRICAL LRA02235 Laturi"},"content":{"rendered":"<p>Ajoneuvon virtapiiri: Autoihin joissa 12V virtapiiri; J\u00e4nnite (V): 14; Laturi varausvirta (A): 180; Hihnapy\u00f6r\u00e4t: V\u00e4lihihnapy\u00f6r\u00e4ll\u00e4; Hampaita 1: 18T; Hihnapy\u00f6r\u00e4-\u00d8[mm]: 62; Liitin: M8 B+; Pistokemallin tunnus: L-DFM (Plug 121); Reik\u00e4-\u00d8 1 [mm]: 8; Pituus 3 [mm]: 61; Paksuus 1 [mm]: 14; Nettopaino [kg]: 7,7; VW: TRANSPORTER V Bus 7HB, 7HJ, 7EB, 7EJ, 7EF,TOUAREG 7LA, 7L6, 7L7,MULTIVAN V 7HM, 7HN, 7HF, 7EF, 7EM, 7EN,TRANSPORTER V Kasten 7HA, 7HH, 7EA, 7EH,TRANSPORTER V Pritsche\/Fahrgestell 7JD, 7JE, 7JL, 7JY, 7JZ,; Generaattori<\/p>\n","protected":false},"excerpt":{"rendered":"<p>LUCAS ELECTRICAL Laturi LRA02235 Generaattori VW,TRANSPORTER V Bus 7HB, 7HJ, 7EB, 7EJ, 7EF,TOUAREG 7LA, 7L6, 7L7<\/p>\n","protected":false},"featured_media":0,"template":"","meta":{"site-sidebar-layout":"default","site-content-layout":"default","ast-global-header-display":"","ast-main-header-display":"","ast-hfb-above-header-display":"","ast-hfb-below-header-display":"","ast-hfb-mobile-header-display":"","site-post-title":"","ast-breadcrumbs-content":"","ast-featured-img":"","footer-sml-layout":"","theme-transparent-header-meta":"","adv-header-id-meta":"","stick-header-meta":"","header-above-stick-meta":"","header-main-stick-meta":"","header-below-stick-meta":""},"pwb-brand":[590],"product_cat":[357],"product_tag":[],"class_list":{"0":"post-91458","1":"product","2":"type-product","3":"status-publish","5":"pwb-brand-lucas-electrical","6":"product_cat-laturi","7":"desktop-align-left","8":"tablet-align-left","9":"mobile-align-left","11":"first","12":"instock","13":"product-type-external"},"brands":[{"id":590,"name":"LUCAS ELECTRICAL","slug":"lucas-electrical"}],"_links":{"self":[{"href":"https:\/\/www.autonvaraosahaku.fi\/index.php?rest_route=\/wp\/v2\/product\/91458","targetHints":{"allow":["GET"]}}],"collection":[{"href":"https:\/\/www.autonvaraosahaku.fi\/index.php?rest_route=\/wp\/v2\/product"}],"about":[{"href":"https:\/\/www.autonvaraosahaku.fi\/index.php?rest_route=\/wp\/v2\/types\/product"}],"wp:attachment":[{"href":"https:\/\/www.autonvaraosahaku.fi\/index.php?rest_route=%2Fwp%2Fv2%2Fmedia&parent=91458"}],"wp:term":[{"taxonomy":"pwb-brand","embeddable":true,"href":"https:\/\/www.autonvaraosahaku.fi\/index.php?rest_route=%2Fwp%2Fv2%2Fpwb-brand&post=91458"},{"taxonomy":"product_cat","embeddable":true,"href":"https:\/\/www.autonvaraosahaku.fi\/index.php?rest_route=%2Fwp%2Fv2%2Fproduct_cat&post=91458"},{"taxonomy":"product_tag","embeddable":true,"href":"https:\/\/www.autonvaraosahaku.fi\/index.php?rest_route=%2Fwp%2Fv2%2Fproduct_tag&post=91458"}],"curies":[{"name":"wp","href":"https:\/\/api.w.org\/{rel}","templated":true}]}}